{"id":10396,"date":"2025-10-08T12:23:42","date_gmt":"2025-10-08T12:23:42","guid":{"rendered":"https:\/\/megaroboticsacademy.com\/shop\/unkategorisiert\/lashes-serum\/"},"modified":"2025-11-18T12:49:06","modified_gmt":"2025-11-18T12:49:06","slug":"lashes-serum","status":"publish","type":"product","link":"https:\/\/airshiptrips.com\/de\/shop\/cosmetics\/lashes-serum\/","title":{"rendered":"Wimpern Serum"},"content":{"rendered":"<div class=\"woocommerce-tabs wc-tabs-wrapper\">\n<div id=\"tab-description\" class=\"woocommerce-Tabs-panel woocommerce-Tabs-panel--description panel entry-content wc-tab\" role=\"tabpanel\" aria-labelledby=\"tab-title-description\">\n<h3><b>Vorteile von nat\u00fcrlichen Wimpern Serum<\/b><\/h3>\n<p>Die Wimpern erf\u00fcllen eine wichtige Funktion: Sie bilden die erste Verteidigungslinie f\u00fcr das empfindliche Augengewebe, sch\u00fctzen vor Staub und Schwei\u00df und fungieren als Warnsystem, wenn sich etwas in der N\u00e4he des Auges befindet, indem sie einen Reflex ausl\u00f6sen, w\u00e4hrend sich das Auge schlie\u00dft, um eine Barriere gegen den Fremdk\u00f6rper zu bilden. Sie bieten au\u00dferdem Schutz vor grellem Sonnenlicht und reduzieren die Verdunstung der Augenfl\u00fcssigkeit.<\/p>\n<p>Dar\u00fcber hinaus sind Wimpern ein integraler Bestandteil unseres Aussehens, wobei lange Wimpern oft als Zeichen von Sch\u00f6nheit angesehen werden. Daher setzen wir sie auf der Suche nach l\u00e4ngeren Wimpern st\u00e4ndigen Missbrauch aus, indem wir Mascara, scharfe Kleber f\u00fcr Verl\u00e4ngerungen, synthetische chemische Wachstums Stimulatoren auftragen und die Verwendung von Lockenwicklern.<\/p>\n<p>Unser Wimpern Serum ist eine inh\u00e4rente Mischung aus nat\u00fcrlichen \u00d6len, die Ihnen auf nat\u00fcrliche Weise l\u00e4ngere und dichtere Wimpern verleiht.<\/p>\n<h3><b>Welchen Nutzen hat unser Wimpern Serum f\u00fcr die Wimpern?<\/b><\/h3>\n<p>Dieses magische Elixier n\u00e4hrt, spendet Feuchtigkeit und st\u00e4rkt die Haarfollikel und f\u00f6rdert gleichzeitig das Wachstum. Vorhandene Wimpern werden gest\u00e4rkt, Br\u00fcchigkeit wird beseitigt, Fleckenbildung wird reduziert und die Haarstruktur wird gest\u00e4rkt, sodass die Wimpern kr\u00e4ftiger und volumin\u00f6ser werden. Sie k\u00f6nnen sich getrost von unbequemen und teuren k\u00fcnstlichen Wimpern verabschieden.<\/p>\n<h3><b><i>Rizinus\u00f6l bereichert unser Wimpernserum mit den folgenden Eigenschaften<\/i><\/b><\/h3>\n<p>Rizinus\u00f6l ist reich an Antioxidantien, Omega-6-Fetts\u00e4uren, insbesondere Ricinols\u00e4ure, sowie Vitamin E und Proteinen. Es ist bekannt f\u00fcr seine Wirkung auf die Wimpern und ist der Hauptbestandteil der meisten Wimpernseren.<\/p>\n<p>Ricinols\u00e4ure stimuliert nachweislich Prostaglandin (PGE2), ein Hormon, das das Haarwachstum ausl\u00f6st. Dar\u00fcber hinaus wird angenommen, dass Rizinus\u00f6l auch die Prostaglandin-D2-Synthase hemmt, was die Haar- und Wimpern Verl\u00e4ngerung reduzieren kann. Dieses \u00d6l dringt tief in die Haut und die Follikel ein und wirkt von innen nach au\u00dfen. Es n\u00e4hrt br\u00fcchiges oder feines Haar, spendet hervorragende Feuchtigkeit, repariert besch\u00e4digte Follikel und st\u00e4rkt und sch\u00fctzt jede einzelne Wimper und beugt so Sch\u00e4den oder Verlust vor. Durch die Steigerung der Blutzirkulation wird auch weiteres Wachstum angeregt. Mit antimikrobiellen, entz\u00fcndungshemmenden und antibakteriellen Eigenschaften sch\u00fctzt Rizinus\u00f6l vor Entz\u00fcndungen, Reizungen und Infektionen. Infektionen sind eine der Hauptursachen f\u00fcr Wimpernverlust, und Rizinus\u00f6l hat gezeigt, dass es Blepharitis behandeln kann, eine h\u00e4ufige Augenerkrankung, die typischerweise Entz\u00fcndungen, Schuppenbildung, R\u00f6tung und Krustenbildung am Augenlid verursacht und zu vorzeitigem Wimpernverlust f\u00fchren kann. Es kann auch zur Behandlung von Demodex (Wimpern Milben) eingesetzt werden, die zwar h\u00e4ufig vorkommen, aber bei zu gro\u00dfer Zahl zu Wimpernausfall f\u00fchren k\u00f6nnen.<\/p>\n<h3><b><i>Argan\u00f6l bereichert unser Wimpern Serum mit den folgenden Eigenschaften<\/i><\/b><\/h3>\n<p>Argan\u00f6l ist vollgepackt mit Fetts\u00e4uren, Kohlenhydraten, Mineralien und Vitamin E, um eine gute Gesundheit der Haare, einschlie\u00dflich der Wimpern, zu gew\u00e4hrleisten. Mit antimikrobiellen, entz\u00fcndungshemmenden und antibakteriellen Eigenschaften reduziert es Entz\u00fcndungen und Reizungen und bietet zudem Schutz vor Wimpern Milben. Argan\u00f6l ist ein starker Feuchtigkeitsspender und dringt in die Kortikalis ein, um den Haarschaft zu n\u00e4hren und dabei zu helfen, Sch\u00e4den von innen heraus zu reparieren. Durch die Bildung einer Schutzschicht um jede Wimper sch\u00fctzt es vor oxidativem Stress und UV-Sch\u00e4den, verleiht Glanz, gl\u00e4ttet das Haar und verhindert das Verklumpen der Wimpern. Argan\u00f6l dringt tief in die Haut ein, regeneriert die Follikel, st\u00e4rkt aktiv die Wimpern, f\u00f6rdert die Elastizit\u00e4t und sch\u00fctzt vor Spr\u00f6digkeit und Bruch. Regelm\u00e4\u00dfige Anwendung beschleunigt die Produktion von Keratin, stimuliert das Wimpernwachstum, sch\u00fctzt vor Verlust und sorgt f\u00fcr lange, gesunde, dunkle und dichte Wimpern.<\/p>\n<h3><b><i>Jojoba\u00f6l bereichert unser Wimpern Serum mit den folgenden Eigenschaften<\/i><\/b><\/h3>\n<p>Mit einer F\u00fclle an Fetts\u00e4uren, Vitamin E, Kohlenhydraten und Mineralien, die f\u00fcr eine gute Haargesundheit unerl\u00e4sslich sind, ist Jojoba\u00f6l ein hervorragender Wimpern Verst\u00e4rker. Aufgrund seiner biologischen \u00c4hnlichkeit mit dem hauteigenen Talg ist es in der Lage, den Talg zu kontrollieren und so das Problem sp\u00e4rlicher Wimpern aufgrund verstopfter Follikel aufgrund einer \u00dcberproduktion von Talg zu l\u00f6sen. Im Gegensatz zu anderen \u00d6len dringt Jojoba nicht tief in die Wimpern ein, sondern bildet eine undurchdringliche Barriere, die Feuchtigkeit einschlie\u00dft und vor weiteren Sch\u00e4den durch UV-Strahlung und oxidativen Stress sch\u00fctzt. Es pflegt und befeuchtet die Wimpern und hat starke regenerierende Eigenschaften, repariert Zellsch\u00e4den, f\u00fcllt eventuelle Risse in besch\u00e4digten Wimpern, st\u00e4rkt den Haarschaft und verdichtet die Wimpern. Da dieses \u00d6l so tief in die Haut einzieht, n\u00e4hrt und sch\u00fctzt es auch den Haarfollikel, f\u00f6rdert und stimuliert ein gesundes Wachstum und beugt Wimpernverlust vor. Zus\u00e4tzlichen Schutz bieten auch die antimikrobiellen, antibakteriellen, antimykotischen und entz\u00fcndungshemmenden Eigenschaften von Jojoba\u00f6l.<\/p>\n<h3><b><i>S\u00fc\u00dfes Mandel\u00f6l bereichert unser Wimpern Serum mit den folgenden Eigenschaften<\/i><\/b><\/h3>\n<p>S\u00fc\u00dfmandel\u00f6l enth\u00e4lt einen der hohen Anteile an nat\u00fcrlichem Vitamin E sowie Fetts\u00e4uren, Proteinen und Antioxidantien sowie Magnesium, Kalzium und Biotin und ist ein wunderbarer Bestandteil unseres Wimpernserums. Es spendet Feuchtigkeit, versiegelt und sch\u00fctzt, stellt Feuchtigkeit und Elastizit\u00e4t wieder her und bewahrt sie, repariert bestehende Sch\u00e4den und sorgt f\u00fcr sofortigen Glanz. Mandel\u00f6l verbessert die Widerstandsf\u00e4higkeit der Haare, gl\u00e4ttet die Schuppenschicht und verringert die Reibung. Dadurch wird Sch\u00e4den oder Abnutzung durch Reibung vorgebeugt und die Wimpern bleiben stark. Durch die Anwendung des \u00d6ls wird die Blutzirkulation beschleunigt und somit das Wachstum gef\u00f6rdert. Durch die Anwesenheit von Magnesium und nat\u00fcrlichem Biotin wird das Wachstum zus\u00e4tzlich angeregt und beschleunigt. Dar\u00fcber hinaus beugt es als reichhaltige Quelle an Antioxidantien UV- und oxidativem Stress vor und die antibakteriellen und entz\u00fcndungshemmenden Eigenschaften lindern Reizungen und Entz\u00fcndungen.<\/p>\n<h3><b><i>\u00c4therische Aroma\u00f6le bereichern unser Wimpern Serum mit den folgenden Eigenschaften<\/i><\/b><\/h3>\n<p>Lavendel\u00f6l: Lavendel\u00f6l ist f\u00fcr seine F\u00e4higkeit bekannt, die Durchblutung anzuregen, wodurch sichergestellt wird, dass die Follikel mehr N\u00e4hrstoffe erhalten und das Wachstum gef\u00f6rdert wird. Es wird auch angenommen, dass es die Wachstumszeit der Wimpern direkt beeinflusst, indem es das Anagenstadium (Wachstumsstadium) verl\u00e4ngert, bevor die Wimper das Telogen Stadium (Ruhestadium) erreicht, und es so erm\u00f6glicht, dass die Wimpern l\u00e4nger wachsen. Lavendel besitzt au\u00dferdem antibakterielle Eigenschaften und kann vor Blepharitis und Demodex sch\u00fctzen.<\/p>\n<p>Rosmarin\u00f6l: Rosmarin\u00f6l ist ein starker Wachstumsstimulator und hat sich als genauso wirksam wie eine beliebte Alopezie Behandlung erwiesen, jedoch ohne deren Nebenwirkungen. Es f\u00f6rdert neues Wachstum zus\u00e4tzlich zur St\u00e4rkung der vorhandenen Haare oder Wimpern. Rosmarin\u00f6l verbessert die Durchblutung und spendet tiefenwirksame N\u00e4hrstoffe, st\u00e4rkt und befeuchtet die Wimpern und beugt Verlust oder Bruch vor.<\/p>\n<p>Orangen\u00f6l: Orangen\u00f6l enth\u00e4lt die Vitamine A und C, die das Wimpernwachstum f\u00f6rdern. Es n\u00e4hrt die Haarfollikel tiefgehend und erh\u00f6ht die Durchblutung, f\u00f6rdert das Wachstum, beseitigt br\u00fcchige und trockene Wimpern und macht die Wimpern dick, glatt, stark und gesund. Orangen\u00f6l besitzt au\u00dferdem starke antibakterielle, antimykotische, entz\u00fcndungshemmende, antimikrobielle und antioxidative Eigenschaften.<\/p>\n<h3><b><i>Vitamin E bereichert unser Wimpern Serum mit den folgenden Eigenschaften<\/i><\/b><\/h3>\n<p>Vitamin E ist ein Grundbestandteil der meisten Wimpernseren, da es ein \u00e4u\u00dferst wichtiges Antioxidans ist, das eine gro\u00dfe Rolle f\u00fcr das Haar-\/Wimpernwachstum und die Dicke spielt. Es hilft, Sch\u00e4den durch oxidativen Stress vorzubeugen, die mit schlechtem Haarwachstum und Haarausfall verbunden sind. Vitamin E unterst\u00fctzt nicht nur ein gesundes Wachstum, sondern hilft bei topischer Anwendung auch, die Haarfollikel zu reparieren und das Wachstumsstadium der Wimpern zu beschleunigen. Es hilft auch, die empfindliche Augenpartie zu n\u00e4hren und zu sch\u00fctzen.<\/p>\n<h3><b>So verwenden Sie nat\u00fcrliches Wimpern Serum<\/b><\/h3>\n<p>Tragen Sie jede Nacht mit dem mitgelieferten Applikator eine kleine Menge auf die Wimpern auf. Achten Sie darauf, dass das Serum nicht in die Augen gelangt. Es wird empfohlen, das \u00d6l mindestens 20 Minuten vor dem Schlafengehen aufzutragen, damit das \u00d6l einziehen kann und eine Verschmutzung des Kissens verhindert wird. Kann auch morgens aufgetragen werden, verhindert jedoch das Anhaften von Make-up.<\/p>\n<\/div>\n<\/div>\n<section class=\"related-wrapper\"><\/section>\n","protected":false},"excerpt":{"rendered":"<p>Dieses magische Elixier n\u00e4hrt, spendet Feuchtigkeit und st\u00e4rkt die Haarfollikel und f\u00f6rdert gleichzeitig das Wachstum. Vorhandene Wimpern werden gest\u00e4rkt, Br\u00fcchigkeit wird beseitigt, Fleckenbildung wird reduziert und die Haarstruktur wird gest\u00e4rkt, sodass die Wimpern kr\u00e4ftiger und volumin\u00f6ser werden.<\/p>\n","protected":false},"featured_media":13043,"comment_status":"open","ping_status":"closed","template":"","meta":[],"product_brand":[],"product_cat":[181],"product_tag":[],"class_list":{"0":"post-10396","1":"product","2":"type-product","3":"status-publish","4":"has-post-thumbnail","6":"product_cat-cosmetics","8":"first","9":"instock","10":"shipping-taxable","11":"purchasable","12":"product-type-variable","13":"has-default-attributes"},"_links":{"self":[{"href":"https:\/\/airshiptrips.com\/de\/wp-json\/wp\/v2\/product\/10396","targetHints":{"allow":["GET"]}}],"collection":[{"href":"https:\/\/airshiptrips.com\/de\/wp-json\/wp\/v2\/product"}],"about":[{"href":"https:\/\/airshiptrips.com\/de\/wp-json\/wp\/v2\/types\/product"}],"replies":[{"embeddable":true,"href":"https:\/\/airshiptrips.com\/de\/wp-json\/wp\/v2\/comments?post=10396"}],"wp:featuredmedia":[{"embeddable":true,"href":"https:\/\/airshiptrips.com\/de\/wp-json\/wp\/v2\/media\/13043"}],"wp:attachment":[{"href":"https:\/\/airshiptrips.com\/de\/wp-json\/wp\/v2\/media?parent=10396"}],"wp:term":[{"taxonomy":"product_brand","embeddable":true,"href":"https:\/\/airshiptrips.com\/de\/wp-json\/wp\/v2\/product_brand?post=10396"},{"taxonomy":"product_cat","embeddable":true,"href":"https:\/\/airshiptrips.com\/de\/wp-json\/wp\/v2\/product_cat?post=10396"},{"taxonomy":"product_tag","embeddable":true,"href":"https:\/\/airshiptrips.com\/de\/wp-json\/wp\/v2\/product_tag?post=10396"}],"curies":[{"name":"wp","href":"https:\/\/api.w.org\/{rel}","templated":true}]}}