{"id":10390,"date":"2025-10-08T12:23:42","date_gmt":"2025-10-08T12:23:42","guid":{"rendered":"https:\/\/megaroboticsacademy.com\/shop\/unkategorisiert\/nail-repairing-oil\/"},"modified":"2025-11-18T12:41:06","modified_gmt":"2025-11-18T12:41:06","slug":"nail-repairing-oil","status":"publish","type":"product","link":"https:\/\/airshiptrips.com\/de\/shop\/cosmetics\/nail-repairing-oil\/","title":{"rendered":"Nagelreparatur \u00d6l"},"content":{"rendered":"<div class=\"woocommerce-tabs wc-tabs-wrapper\">\n<div id=\"tab-description\" class=\"woocommerce-Tabs-panel woocommerce-Tabs-panel--description panel entry-content wc-tab\" role=\"tabpanel\" aria-labelledby=\"tab-title-description\">\n<p>In einem gesch\u00e4ftigen Lebensstil vernachl\u00e4ssigt man N\u00e4gel und Nagelhaut einfach zu leicht, und dennoch setzen wir sie t\u00e4glich so vielen Traumata aus \u2013 dem Geschirrsp\u00fclen, dem Wetter und dem in letzter Zeit notwendigen st\u00e4ndigen H\u00e4ndewaschen und dem Kontakt mit chemischen Desinfektionsmitteln. All dies kann eine austrocknende Wirkung auf N\u00e4gel und Nagelhaut haben, was zu trockener, besch\u00e4digter Nagelhaut und schwachen, br\u00fcchigen, schuppigen und bruchanf\u00e4lligen N\u00e4geln f\u00fchrt.<\/p>\n<h3><b>Was ist Nagel und Nagelhaut?<\/b><\/h3>\n<p>Die Nagelhaut ist ein Teil der Haut, der \u00fcber der Wachstumsmatrix (Nagelbett) liegt, um diese zu sch\u00fctzen. Das Nagelbett bildet die Nagelplatte, den sichtbaren Teil des Nagels, und besteht aus einem harten Protein namens Keratin (dasselbe wie das Haar). Bei unsachgem\u00e4\u00dfer Pflege kann die Nagelplatte austrocknen und trocken, br\u00fcchig oder besch\u00e4digt werden. Auch die nat\u00fcrlichen \u00d6le, die der K\u00f6rper zur Pflege der Nagelplatte produziert, nehmen mit zunehmendem Alter tendenziell ab, was zu Rillen und langsamem Wachstum f\u00fchren kann und die N\u00e4gel anf\u00e4lliger f\u00fcr Sch\u00e4den sind.<\/p>\n<h3><b>Warum unser nat\u00fcrliches Nagelreparatur \u00d6l verwenden?<\/b><\/h3>\n<p>Nagelpflege muss keine l\u00e4stige Pflicht sein und unser nat\u00fcrliches Nagelreparatur \u00d6l l\u00e4sst sich in nur wenigen Sekunden auftragen. Da \u00d6le viel langsamer von den N\u00e4geln aufgenommen werden als Wasser, bleiben sie eher flexibel als weich. Au\u00dferdem verdunstet oder verschwindet \u00d6l viel langsamer als Wasser, wodurch die Feuchtigkeit erhalten bleibt. Unser Nagelreparatur \u00d6l ist ein Elixier aus nat\u00fcrlichen und \u00e4therischen \u00d6len, die speziell aufgrund ihrer F\u00e4higkeit ausgew\u00e4hlt wurden, N\u00e4gel und Nagelhaut zu sch\u00fctzen, zu st\u00e4rken, zu reparieren und zu regenerieren.<\/p>\n<p>Nail Repairing Oil ist eine perfekt ausgewogene Mischung aus s\u00fc\u00dfem Mandel\u00f6l, Oliven\u00f6l, Argan\u00f6l, Lavendel\u00f6l, Zitronen\u00f6l, Orangen\u00f6l und Vitamin E.<\/p>\n<h3><b>Welchen Beitrag leistet S\u00fc\u00dfmandel\u00f6l zu unserem Nagelreparatur \u00d6l?<\/b><\/h3>\n<p>S\u00fc\u00dfes Mandel\u00f6l wirkt beruhigend und feuchtigkeitsspendend und ist reich an Antioxidantien, Fetts\u00e4uren und den Vitaminen A, B1, B2 und B6 sowie einem der h\u00f6chsten Gehalte an Vitamin E. Es ist nicht reizend, n\u00e4hrt und umh\u00fcllt die Nagelhaut und Nagelplatte, sch\u00fctzt vor Rissen, Abbl\u00e4ttern, Trockenheit und Bruch. Es ist ein perfektes Gleitmittel, um die Nagelhaut aufzupolstern und starke, gesunde N\u00e4gel zu f\u00f6rdern.<\/p>\n<h3><b>Welchen Beitrag leistet Oliven\u00f6l zu unserem Nagelreparatur \u00d6l?<\/b><\/h3>\n<p>Oliven\u00f6l ist reich an Vitamin E, wirkt \u00e4u\u00dferst heilend und feuchtigkeitsspendend und macht die verh\u00e4rtete, dehydrierte Nagelhaut weich. Es hilft bei der Verkalkung und f\u00f6rdert so das Nagelwachstum. Dar\u00fcber hinaus st\u00e4rkt es br\u00fcchige N\u00e4gel und macht sie flexibler, um Br\u00fcchen vorzubeugen.<\/p>\n<h3><b>Welchen Beitrag leistet Argan\u00f6l zu unserem Nagelreparatur \u00d6l?<\/b><\/h3>\n<p>Argan\u00f6l ist reich an Vitamin E und Fetts\u00e4uren und bekannt f\u00fcr seine erstaunliche Wirkung auf Haut, Haare und N\u00e4gel. Es tr\u00e4gt dazu bei, die Nagelhaut mit Feuchtigkeit zu versorgen und die Nagelplatte zu gl\u00e4tten, zu st\u00e4rken und zu regenerieren. Es sorgt f\u00fcr Festigkeit und sch\u00fctzt vor Feuchtigkeitsverlust und Sonnensch\u00e4den. Es ist der Hauptbestandteil vieler Nagel- und Nagelhaut\u00f6le, die in Nagelstudios zu finden sind, und wird von vielen Manik\u00fcristen bevorzugt.<\/p>\n<h3><b>Welchen Beitrag leistet Lavendel\u00f6l zu unserem Nagelreparatur \u00d6l?<\/b><\/h3>\n<p>Lavendel\u00f6l wirkt beruhigend und feuchtigkeitsspendend und hilft, N\u00e4gel und Nagelhaut mit Feuchtigkeit zu versorgen und zu st\u00e4rken, wodurch die Festigkeit gest\u00e4rkt und weitere Sch\u00e4den verhindert werden. Es regt die Durchblutung an und sorgt so daf\u00fcr, dass der Nagelhaut mehr N\u00e4hrstoffe zugef\u00fchrt werden. Dar\u00fcber hinaus f\u00f6rdert es das Keratin Wachstum und f\u00f6rdert so l\u00e4ngere und st\u00e4rkere N\u00e4gel.<\/p>\n<h3><b>Wie tr\u00e4gt Zitronen\u00f6l zu unserem Nagelreparatur \u00d6l bei?<\/b><\/h3>\n<p>Zitronen\u00f6l regt au\u00dferdem die Durchblutung an, um das Nagelbett und die Nagelhaut besser zu n\u00e4hren, und tr\u00e4gt dazu bei, N\u00e4gel und Nagelhaut mit Feuchtigkeit zu versorgen und zu st\u00e4rken, wodurch Trockenheit, Abbl\u00e4ttern und Sch\u00e4den beseitigt werden und das Wachstum gef\u00f6rdert wird. Seine antibakteriellen und antimykotischen Eigenschaften tragen zum Schutz vor Infektionen bei. Zitronen\u00f6l hat eine nat\u00fcrliche aufhellende Wirkung und kann Verf\u00e4rbungen reduzieren, Glanz verleihen und stumpf aussehende N\u00e4gel sowie die Gl\u00e4tte der N\u00e4gel verbessern.<\/p>\n<h3><b>Wie tr\u00e4gt Orangen\u00f6l zu unserem Nagelreparatur \u00d6l bei?<\/b><\/h3>\n<p>Orangen\u00f6l ist dem Zitronen\u00f6l sehr \u00e4hnlich und wirkt stimulierend, regt die Durchblutung an und f\u00f6rdert das Wachstum. Dar\u00fcber hinaus besitzt es starke antibakterielle, antimykotische und entz\u00fcndungshemmende Eigenschaften, um Infektionen vorzubeugen und zu behandeln. Es spendet Feuchtigkeit und st\u00e4rkt die N\u00e4gel und Nagelhaut, beugt Br\u00fcchigkeit vor und f\u00f6rdert starke, gesunde N\u00e4gel.<\/p>\n<h3><b>Wie tr\u00e4gt Vitamin E zu unserem Nagelreparatur \u00d6l bei?<\/b><\/h3>\n<p>Vitamin E ist ein Antioxidans und l\u00f6slicher N\u00e4hrstoff, der intensiv feuchtigkeitsspendend und heilend wirkt und starke antibakterielle und antivirale Eigenschaften aufweist. Es erh\u00f6ht die Durchblutung der N\u00e4gel, der Nagelhaut und des umgebenden Haut Bereichs und erh\u00f6ht so die Zufuhr von N\u00e4hrstoffen, die f\u00fcr ein gesundes Nagelwachstum unerl\u00e4sslich sind. Vitamin E repariert und sch\u00fctzt vor Sch\u00e4den und bildet eine Schutzbarriere. Es kann Sch\u00e4den an den N\u00e4geln r\u00fcckg\u00e4ngig machen, die Gelbf\u00e4rbung der N\u00e4gel beseitigen und Rillen und Br\u00fcchigkeit reduzieren.<\/p>\n<h3><b>So wenden Sie unser nat\u00fcrliches Nagelreparatur \u00d6l an<\/b><\/h3>\n<p>Tragen Sie ein paar Tropfen auf die N\u00e4gel und die Nagelhaut auf und massieren Sie sie gut ein. Reiben Sie \u00fcbersch\u00fcssiges \u00d6l in die H\u00e4nde ein, da die \u00d6le auch gro\u00dfe Vorteile f\u00fcr die Haut haben.<\/p>\n<p>Um optimale Ergebnisse zu erzielen, weichen Sie die H\u00e4nde vor der Anwendung einige Minuten lang in warmem Wasser ein.<\/p>\n<\/div>\n<\/div>\n<section class=\"related-wrapper\"><\/section>\n","protected":false},"excerpt":{"rendered":"<p>Ein Elixier aus nat\u00fcrlichen und \u00e4therischen \u00d6len, die speziell aufgrund ihrer F\u00e4higkeit ausgew\u00e4hlt wurden, N\u00e4gel und Nagelhaut zu sch\u00fctzen, zu st\u00e4rken, zu reparieren und zu regenerieren.<\/p>\n","protected":false},"featured_media":12518,"comment_status":"open","ping_status":"closed","template":"","meta":[],"product_brand":[],"product_cat":[181],"product_tag":[],"class_list":{"0":"post-10390","1":"product","2":"type-product","3":"status-publish","4":"has-post-thumbnail","6":"product_cat-cosmetics","8":"first","9":"instock","10":"shipping-taxable","11":"purchasable","12":"product-type-variable","13":"has-default-attributes"},"_links":{"self":[{"href":"https:\/\/airshiptrips.com\/de\/wp-json\/wp\/v2\/product\/10390","targetHints":{"allow":["GET"]}}],"collection":[{"href":"https:\/\/airshiptrips.com\/de\/wp-json\/wp\/v2\/product"}],"about":[{"href":"https:\/\/airshiptrips.com\/de\/wp-json\/wp\/v2\/types\/product"}],"replies":[{"embeddable":true,"href":"https:\/\/airshiptrips.com\/de\/wp-json\/wp\/v2\/comments?post=10390"}],"wp:featuredmedia":[{"embeddable":true,"href":"https:\/\/airshiptrips.com\/de\/wp-json\/wp\/v2\/media\/12518"}],"wp:attachment":[{"href":"https:\/\/airshiptrips.com\/de\/wp-json\/wp\/v2\/media?parent=10390"}],"wp:term":[{"taxonomy":"product_brand","embeddable":true,"href":"https:\/\/airshiptrips.com\/de\/wp-json\/wp\/v2\/product_brand?post=10390"},{"taxonomy":"product_cat","embeddable":true,"href":"https:\/\/airshiptrips.com\/de\/wp-json\/wp\/v2\/product_cat?post=10390"},{"taxonomy":"product_tag","embeddable":true,"href":"https:\/\/airshiptrips.com\/de\/wp-json\/wp\/v2\/product_tag?post=10390"}],"curies":[{"name":"wp","href":"https:\/\/api.w.org\/{rel}","templated":true}]}}