{"id":10384,"date":"2025-10-08T12:23:43","date_gmt":"2025-10-08T12:23:43","guid":{"rendered":"https:\/\/megaroboticsacademy.com\/shop\/unkategorisiert\/argan-hair-serum\/"},"modified":"2025-11-18T12:35:37","modified_gmt":"2025-11-18T12:35:37","slug":"argan-hair-serum","status":"publish","type":"product","link":"https:\/\/airshiptrips.com\/de\/shop\/cosmetics\/argan-hair-serum\/","title":{"rendered":"Argan\u00f6l Haar Serum"},"content":{"rendered":"<p>T\u00e4glich ist Ihr Haar Elementen ausgesetzt, die Sch\u00e4den verursachen k\u00f6nnen, darunter aggressive Shampoos und Stylingprodukte sowie UV-Strahlen. Gl\u00fccklicherweise kann das Argan\u00f6l-Serum, eine hervorragende Mischung aus nat\u00fcrlichen pflanzlichen Inhaltsstoffen, angereichert mit hochwertigem Argan\u00f6l, Abhilfe schaffen. Es ist leicht und zieht leicht ein, ohne fettige R\u00fcckst\u00e4nde zu hinterlassen. Es ist ein Pflege- und Stylingmittel, das f\u00fcr jeden Haartyp ideal ist und besonders f\u00fcr trockenes, stumpfes Haar, gef\u00e4rbtes Haar, strapaziertes Haar, fettiges (oder Misch-) Haar und Kopfhaut sowie lockiges\/strukturiertes Haar geeignet ist Haar, langsam wachsendes Haar und grobes Haar.<\/p>\n<h3><b>Warum Argan\u00f6l?<\/b><\/h3>\n<p>Argan\u00f6l ist f\u00fcr die Haarpflege unverzichtbar. Es ist reich an Vitaminen, Mineralien, Fetts\u00e4uren, Polyphenolen, Phytosterinen und Triterpenalkoholen, die f\u00fcr eine gute Haargesundheit unerl\u00e4sslich sind, einschlie\u00dflich der Vitamine A, C und E (tats\u00e4chlich enth\u00e4lt es dreimal mehr Vitamin E als Oliven\u00f6l), \u00d6l- und Linols\u00e4ure S\u00e4uren (Omega-9 und Omega-6), Palmitins\u00e4ure, Stearins\u00e4ure, Ferulas\u00e4ure, Squalen. Im Gegensatz zu anderen synthetischen Seren umh\u00fcllt das Argan\u00f6l-Serum das Haar nicht nur mit Silikon, um es zu gl\u00e4tten und ihm Glanz zu verleihen, es wirkt sich tats\u00e4chlich positiv auf das Haar aus und sorgt daf\u00fcr, dass das Haar im wahrsten Sinne des Wortes strahlt und gesund ist.<\/p>\n<h3><b>Argan\u00f6l-Serum entwirrt das Haar<\/b><\/h3>\n<p>Das Serum hinterl\u00e4sst ein glattes und seidiges Haargef\u00fchl, verringert Verfilzungen und beseitigt hartn\u00e4ckige Knoten und beugt so Sch\u00e4den durch K\u00e4mmen oder Ausb\u00fcrsten von Verfilzungen sowie mechanischer Besch\u00e4digung vor. Es ist \u00e4u\u00dferst vorteilhaft f\u00fcr lockiges oder grobes Haar. Erleben Sie die Freiheit, mit den Fingern durch Ihr Haar zu fahren, ohne sich darin zu verheddern.<\/p>\n<h3><b>Argan\u00f6l-Serum pflegt das Haar, repariert Sch\u00e4den und bindet Feuchtigkeit<\/b><\/h3>\n<p>Argan\u00f6l ist ein wirksamer und nat\u00fcrlicher Feuchtigkeitsspender, der in die Kortikalis eindringen kann, um den Haarschaft zu n\u00e4hren und mit Feuchtigkeit zu versorgen sowie die \u00e4u\u00dfere Schicht zu schmieren, um trockenes Haar zu beruhigen und Spr\u00f6digkeit zu beseitigen. Es hilft, Sch\u00e4den von innen heraus zu reparieren, regeneriert die Zellen, stellt den pH-Wert des Haares wieder her, st\u00e4rkt aktiv das Haar, verbessert die Elastizit\u00e4t und wirkt Haarbruch und Spliss entgegen. Eine Studie zeigte, dass Argan\u00f6l auch gef\u00e4rbtes Haar verj\u00fcngen kann. Argan\u00f6l-Serum bildet eine Schutzschicht um jede Str\u00e4hne, die vor oxidativem Stress, Wasseraufnahme, Hitze, chemischen und UV-Sch\u00e4den sch\u00fctzt, Feuchtigkeit einschlie\u00dft und das Haar weich und gl\u00e4nzend macht.<\/p>\n<h3><b>Argan\u00f6l-Serum minimiert Frizz und fliegende Haare<\/b><\/h3>\n<p>Da das Argan\u00f6l-Serum leicht ist, zieht es leicht ein und spendet Feuchtigkeit. Gleichzeitig umh\u00fcllt es auch die Haarstr\u00e4hnen und versiegelt die Haarkutikula, sodass sie flach und glatt anliegen und so Kr\u00e4uselungen, statische Aufladung und fliegende Haare reduziert werden. Das Beste ist, dass es das Haar nicht beschwert und keine fettigen R\u00fcckst\u00e4nde hinterl\u00e4sst.<\/p>\n<h3><b>Argan\u00f6l-Serum sch\u00fctzt vor Sch\u00e4den<\/b><\/h3>\n<p>Das Argan\u00f6l-Serum hinterl\u00e4sst einen Schutzmantel auf jeder einzelnen Str\u00e4hne und sch\u00fctzt vor Sch\u00e4den durch chemische Verarbeitung sowie Umwelt- und mechanische Belastungen. Das Auftragen vor dem Hitzestyling kann auch dazu beitragen, eine Schutzschicht zu bilden, um Sch\u00e4den zu minimieren und vor sch\u00e4dlichen Sonnenstrahlen zu sch\u00fctzen.<\/p>\n<h3><b>Argan\u00f6l gl\u00e4ttet und verleiht Glanz<\/b><\/h3>\n<p>Das Argan\u00f6l-Serum bek\u00e4mpft gesch\u00e4digtes und br\u00fcchiges Haar sowie Spliss und hilft, das Haar zu gl\u00e4tten und ihm nat\u00fcrliche Geschmeidigkeit und extremen Glanz zu verleihen.<\/p>\n<h3><b>Argan\u00f6l-Serum f\u00f6rdert eine gesunde Kopfhaut<\/b><\/h3>\n<p>Der erste Schritt zu gesundem Haar ist eine gesunde Kopfhaut. Argan\u00f6l-Serum enth\u00e4lt heilende Eigenschaften, um die Kopfhaut intensiv mit Feuchtigkeit zu versorgen. Zusammen mit seinen antibakteriellen und antimykotischen Eigenschaften kann es die Kopfhaut rehydrieren, um Trockenheit, Juckreiz und Reizungen zu reduzieren sowie Schuppen und Dermatitis zu lindern. Es dringt tief in die Kopfhaut ein, n\u00e4hrt die Haarfollikel und reguliert die Talgproduktion, um fettige oder trockene Kopfhaut zu reduzieren. Durch die Auff\u00fcllung der Kopfhaut werden die Follikel gest\u00e4rkt und gesundes, dickeres Haar gef\u00f6rdert.<\/p>\n<h3><b>Argan\u00f6l-Serum f\u00f6rdert ein schnelleres Haarwachstum<\/b><\/h3>\n<p>Die regelm\u00e4\u00dfige Anwendung von Argan\u00f6l-Serum tr\u00e4gt zu einem schnelleren Haarwachstum bei. Die darin enthaltenen Phenole st\u00e4rken die Haarfollikel und wirken antioxidativ, um die Zellproduktion zu f\u00f6rdern. Au\u00dferdem beschleunigt es die Produktion von Keratin, stimuliert das Haarwachstum und sch\u00fctzt vor Haarausfall.<\/p>\n<h3><b>Argan\u00f6l-Serum ist ein nat\u00fcrliches, sanftes Stylingmittel<\/b><\/h3>\n<p>Argan\u00f6l ist ein gro\u00dfartiges Stylingmittel und macht das Haar weich, kr\u00e4ftig, gl\u00e4nzend und k\u00e4mmbar. Es hilft, Locken und strukturiertes Haar zu definieren, Kr\u00e4uselungen und statische Aufladung zu lindern und schlechte Haar Tage geh\u00f6ren der Vergangenheit an.<\/p>\n<h3><b>Argan\u00f6l-Serum eignet sich am besten f\u00fcr gef\u00e4rbtes Haar<\/b><\/h3>\n<p>Das Argan\u00f6l-Serum hilft dem Haar dank seiner antioxidativen Wirkung, seine nat\u00fcrliche Farbe zu bewahren, wodurch umweltbedingte und alterungsbedingte Verf\u00e4rbungen oder ein Ausbleichen reduziert werden. Eine Studie aus dem Jahr 2013 zeigte au\u00dferdem, dass Argan\u00f6l die Qualit\u00e4t gef\u00e4rbter Haare verbessern kann.<\/p>\n<h3><b>So verwenden Sie das Argan\u00f6l-Serum<\/b><\/h3>\n<p>Nach der Haarw\u00e4sche mit Shampoo und Sp\u00fclung auf das leicht feuchte Haar auftragen. Geben Sie zur Anwendung ein paar Tropfen in Ihre Hand, verreiben Sie sie zwischen Ihren Handfl\u00e4chen und tragen Sie sie gleichm\u00e4\u00dfig auf Ihr Haar auf. Anschlie\u00dfend entwirren Sie das Haar mit einem breitzinkigen Kamm. Stylen Sie die Haare wie gewohnt. Sie k\u00f6nnen es auch zwischen den Haarw\u00e4schen auf trockene oder gespaltene Spitzen auftragen oder mit den H\u00e4nden \u00fcber das gestylte Haar streichen, um Kr\u00e4uselungen, statische Aufladung und fliegende Haare zu kontrollieren.<\/p>\n","protected":false},"excerpt":{"rendered":"<p>Argan\u00f6l Haar Serum ist ein Leave-in-Pflege- und Styling Schutzmittel, das gl\u00e4ttet und entwirrt, das Haar n\u00e4hrt, repariert und st\u00e4rkt und es vor weiteren Sch\u00e4den durch Umwelteinfl\u00fcsse, Chemikalien und Hitzestyling sch\u00fctzt. Es verringert Trockenheit, Spr\u00f6digkeit und Spliss, kontrolliert Frizz und fliegendes Haar und macht das Haar weich, glatt, gl\u00e4nzend und k\u00e4mmbar.<\/p>\n","protected":false},"featured_media":12515,"comment_status":"open","ping_status":"closed","template":"","meta":[],"product_brand":[],"product_cat":[181],"product_tag":[],"class_list":{"0":"post-10384","1":"product","2":"type-product","3":"status-publish","4":"has-post-thumbnail","6":"product_cat-cosmetics","8":"first","9":"instock","10":"shipping-taxable","11":"purchasable","12":"product-type-variable","13":"has-default-attributes"},"_links":{"self":[{"href":"https:\/\/airshiptrips.com\/de\/wp-json\/wp\/v2\/product\/10384","targetHints":{"allow":["GET"]}}],"collection":[{"href":"https:\/\/airshiptrips.com\/de\/wp-json\/wp\/v2\/product"}],"about":[{"href":"https:\/\/airshiptrips.com\/de\/wp-json\/wp\/v2\/types\/product"}],"replies":[{"embeddable":true,"href":"https:\/\/airshiptrips.com\/de\/wp-json\/wp\/v2\/comments?post=10384"}],"wp:featuredmedia":[{"embeddable":true,"href":"https:\/\/airshiptrips.com\/de\/wp-json\/wp\/v2\/media\/12515"}],"wp:attachment":[{"href":"https:\/\/airshiptrips.com\/de\/wp-json\/wp\/v2\/media?parent=10384"}],"wp:term":[{"taxonomy":"product_brand","embeddable":true,"href":"https:\/\/airshiptrips.com\/de\/wp-json\/wp\/v2\/product_brand?post=10384"},{"taxonomy":"product_cat","embeddable":true,"href":"https:\/\/airshiptrips.com\/de\/wp-json\/wp\/v2\/product_cat?post=10384"},{"taxonomy":"product_tag","embeddable":true,"href":"https:\/\/airshiptrips.com\/de\/wp-json\/wp\/v2\/product_tag?post=10384"}],"curies":[{"name":"wp","href":"https:\/\/api.w.org\/{rel}","templated":true}]}}