{"id":10376,"date":"2025-10-08T12:23:36","date_gmt":"2025-10-08T12:23:36","guid":{"rendered":"https:\/\/megaroboticsacademy.com\/shop\/unkategorisiert\/crystal-mint\/"},"modified":"2025-11-18T12:28:29","modified_gmt":"2025-11-18T12:28:29","slug":"crystal-mint-2","status":"publish","type":"product","link":"https:\/\/airshiptrips.com\/de\/shop\/cosmetics\/crystal-mint-2\/","title":{"rendered":"Kristallminze"},"content":{"rendered":"<h3><b>Kristallminze<\/b><\/h3>\n<p>Die bezaubernde Menthol-Kristallminze kann Ihre Lebensqualit\u00e4t verbessern! Menthol Kristalle sind ein hochkar\u00e4tiges Mittel gegen viele Krankheiten, sie sind leicht verf\u00fcgbar und ihre vielen gesundheitlichen Vorteile sollten jedem bekannt sein.<\/p>\n<p>Menthol Kristalle haben den Ruf, verschiedene therapeutische Eigenschaften zu haben. Es wird angenommen, dass sie die Durchblutung anregen und antibakterielle, belebende, beruhigende und k\u00fchlende Eigenschaften aufweisen. Dar\u00fcber hinaus wirken sie analgetisch, an\u00e4sthetisch, schleiml\u00f6send, antimikrobiell, krampfl\u00f6send, abschwellend, antiemetisch und antitussiv.<\/p>\n<p>Wie verbessert dieses starke Mittel die Immunit\u00e4t Ihres K\u00f6rpers und unterst\u00fctzt seine nat\u00fcrliche F\u00e4higkeit, sich selbst zu heilen?<\/p>\n<h3><b>Herkunft &amp; Eigenschaften der Kristallminze<\/b><\/h3>\n<p>Mentha arvensis, die Minzpflanze, die auch als Maisminze, Feldminze oder Wildminze bekannt ist, ist eine Art von Mentha-Gattungen, die zur Familie der Lamiaceae geh\u00f6rt. Kristallminze wird durch einen schonenden Gefrierprozess von 100% nat\u00fcrlichem Minz\u00f6l (gewonnen aus den Minzbl\u00e4ttern) erhalten, das zur Bildung der Minzkristalle f\u00fchrt. Es sollte ber\u00fccksichtigt werden, dass seine Eigenschaften hoch konzentriert sind und \u00fcblicherweise nur eine geringe Menge Kristallminze ben\u00f6tigt wird, um von seinen starken Wirkungen zu profitieren.<\/p>\n<p>Seit der Antike wurde die Minzpflanze in mehreren Kulturen zur Behandlung von Atemwegserkrankungen und Erk\u00e4ltungssymptomen eingesetzt. Um Mundgeruch zu beseitigen und Halsschmerzen zu lindern, wurden Minzbl\u00e4tter gekaut und als Kompressen verwendet, um Schnitte, Wunden, Verbrennungen und Furunkel zu lindern. Kurz vor dem 19. Jahrhundert wurde Minze in Amerika eingef\u00fchrt und erfreute sich aufgrund ihrer Wirksamkeit bei der Linderung verschiedener Schmerzzust\u00e4nde, \u00dcbelkeit und Verstopfung allm\u00e4hlich wachsender Beliebtheit.<\/p>\n<p>Minze ist aufgrund ihrer anregenden Wirkung und ihres k\u00fchlenden Gef\u00fchls ein beliebter Bestandteil von Mundhygieneprodukten. Sie werden in Lutschtabletten verwendet, die Halsschmerzen lindern, sowie in Salben und Balsam wegen ihrer an\u00e4sthetischen Eigenschaften. Dar\u00fcber hinaus ist es ein weit verbreiteter Bestandteil in kosmetischen Produkten, die eine k\u00fchlende Wirkung haben sollen, sowie in Haarpflegeprodukten und Deodorants.<\/p>\n<p>In ihrem nat\u00fcrlichen Zustand bei Raumtemperatur \u00e4hneln Kristallminze Eiskristallen, deren Aussehen farblos bis durchscheinend wei\u00df ist. Die Kristalle sind klein und fest, aber sehr spr\u00f6de, und die kristalline Substanz f\u00fchlt sich wachsartig an und beginnt zu schmelzen, wenn sie ber\u00fchrt wird. Sie l\u00f6sen sich leicht in anderen \u00e4therischen \u00d6len, Wasser oder Alkohol. Der erkennbare erfrischende Duft von Kristallminze ist charakteristisch f\u00fcr seinen Ursprung, die Minzpflanze.<\/p>\n<h3><b>Kristallminze &amp; Vorteile<\/b><\/h3>\n<p>Das Klischee \u201eweniger ist mehr\u201c gilt sicherlich f\u00fcr Kristallminze! Aufgrund der hohen Konzentration an Menthol in den Kristallen sind seine heilenden Wirkungen stark. Menthol hat starke k\u00fchlende Eigenschaften und ist geeignet, juckende Haut zu lindern. Da es die Blutgef\u00e4\u00dfe erweitert, wirkt es k\u00fchlend und leicht bet\u00e4ubend auf die Haut, was zu einem verringerten Juckreiz f\u00fchrt. Das Ergebnis ist sofort sp\u00fcrbar.<\/p>\n<p>Das Atmen wird erleichtert, da der Dilatation Effekt auf die Blutgef\u00e4\u00dfe auch auf die Speiser\u00f6hre und die Luftr\u00f6hre wirkt. Gleichzeitig f\u00f6rdert der Duft der Minze die Konzentration und wirkt stimulierend. Kristallminze soll Fiebersymptome, Husten, Kopfschmerzen und Nebenh\u00f6hlenbeschwerden lindern. Dar\u00fcber hinaus erh\u00f6ht es die Stimmung und stabilisiert die Emotionen.<\/p>\n<h3><b>Kristallminze f\u00fcr die Gesundheit der Atemwege<\/b><\/h3>\n<p>Der stark erfrischende Duft von Kristallminze f\u00f6rdert die Freisetzung verstopfter Atemwege. Erk\u00e4ltung oder Grippe, Halsschmerzen und festsitzender Schleim werden durch Verdampfen der Kristallminze leicht gelindert, w\u00e4hrend sie die Konzentration belebt und erh\u00f6ht. Andere Infektionen der Atemwege, Allergien oder Beschwerden der Nasennebenh\u00f6hlen k\u00f6nnen von einer Saunastunde, die mit dem beruhigenden Duft von Kristallminze angereichert ist, stark profitieren. Die Verwendung von Kristallminze wird besonders f\u00fcr Asthmatiker empfohlen.<\/p>\n<p>Kristallminze kann auch helfen, Fieber zu reduzieren, indem eine kleine Menge auf die Stirn aufgetragen wird oder indem ein klassischer Dampfabrieb durchgef\u00fchrt wird, der auf Hals, Brust oder Fu\u00dfsohlen aufgetragen werden kann. Die Kristalle k\u00f6nnen Entz\u00fcndungen sowie Stress, Angstzust\u00e4nde und Kopfschmerzen lindern.<\/p>\n<h3><b>Kristallminze &amp; Aromatherapie<\/b><\/h3>\n<p>Kristallminze wird in der Aromatherapie verwendet, um die Atmung zu f\u00f6rdern, verstopfte Nase zu lindern, Halsschmerzen zu lindern, Symptome von Fieber, Husten, Kopfschmerzen, Beschwerden der Nasennebenh\u00f6hlen zu lindern und im Allgemeinen das Immunsystem zu unterst\u00fctzen. Kristallminze kann Verdauungsprobleme wirksam behandeln, ihre karminativen Eigenschaften helfen, Magenverstimmung zu lindern, und sie lindert \u00dcbelkeit, insbesondere wenn sie durch Reisekrankheit verursacht wird. Menthol Kristalle weisen wirksame krampfl\u00f6sende Eigenschaften auf, die zur Entspannung der Muskeln beitragen, w\u00e4hrend ihre anti-emetische Qualit\u00e4t Spannungskopfschmerzen und Schwindel behandelt und so das Risiko von Erbrechen verringert.<\/p>\n<p>Ebenso wichtig ist, dass der belebende frische Duft beruhigende Eigenschaften hat und verwendet werden kann, um Stress abzubauen, Angstzust\u00e4nde und Nervosit\u00e4t zu lindern, Emotionen zu stabilisieren und die Schlafqualit\u00e4t zu verbessern. Der Duft von Menthol sch\u00e4rft Ihre Aufmerksamkeit und erh\u00f6ht den Fokus. Die Verwendung von Kristallminze w\u00e4hrend einer Saunastunde ist der perfekte Weg, um sich von Stress oder gesch\u00e4ftigen Aktivit\u00e4ten zu entspannen und gleichzeitig die Energie und Konzentration zu steigern.<\/p>\n<h3><b>Kristallminze zur Reinigung der Atemwege<\/b><\/h3>\n<p>Aromatherapie-Anwendungen mit Kristallminze wirken sich positiv auf die Verstopfung der Nase und der Lunge aus und lindern Atembeschwerden. Mit einer Prise Kristallen in einem Diffusor oder in einer Sch\u00fcssel mit hei\u00dfem Wasser f\u00fcr ein befreiendes Dampfbad regt das tiefe Einatmen des Duftes die Nasennebenh\u00f6hlen zum \u00d6ffnen an. Es ist bekannt, dass die Kombination von Menthol kristallen und Dampf gereizte, entz\u00fcndete und verstopfte Nebenh\u00f6hlen lindert und das Atmen erleichtert, indem der Schleimaussto\u00df gef\u00f6rdert wird. Es wird empfohlen, die Augen w\u00e4hrend eines Dampfbades geschlossen zu halten, da Menthol eine reizende Wirkung auf die Augen haben kann.<\/p>\n<p>Ein mit Kristallen infundiertes Dampfinhalation-verfahren kann auch erreicht werden, indem Sie Ihrem Badewasser Kristallminze hinzuf\u00fcgen. Die W\u00e4rme des Wassers bewirkt, dass die Kristalle schmelzen und ihren belebenden, immunst\u00e4rkenden Geruch freisetzen.<\/p>\n<h3><b>Kristallminze zur Beruhigung von Gelenken und Muskeln<\/b><\/h3>\n<p>Eine warme Mischung aus Kristallminze mit einem bevorzugten Tr\u00e4ger\u00f6l und K\u00f6rperbutter kann vorteilhaft sein, um von Schmerzen oder Verspannungen betroffene K\u00f6rperregionen sowie Muskel- oder Gelenkschmerzen zu lindern. Einfach auf die betroffene Stelle einmassieren. Waschen Sie Ihre H\u00e4nde nach dem Auftragen gr\u00fcndlich, um eine Ausbreitung auf empfindliche Bereiche wie die Augen zu vermeiden.<\/p>\n<h3><b>Sichere Verwendung von Kristallminze<\/b><\/h3>\n<p>Kristall Minze ist nur zur \u00e4u\u00dferlichen Anwendung bestimmt wird empfohlen, sie mit einem Tr\u00e4ger\u00f6l oder einer Lotion zu verd\u00fcnnen. Kontakt mit den Augen sollte vermieden werden.<\/p>\n","protected":false},"excerpt":{"rendered":"<p>Die bezaubernde Menthol-Kristallminze kann Ihre Lebensqualit\u00e4t verbessern! Menthol Kristalle sind ein hochkar\u00e4tiges Mittel gegen viele Krankheiten, sie sind leicht verf\u00fcgbar und ihre vielen gesundheitlichen Vorteile sollten jedem bekannt sein.<\/p>\n","protected":false},"featured_media":12512,"comment_status":"open","ping_status":"closed","template":"","meta":[],"product_brand":[],"product_cat":[181],"product_tag":[],"class_list":{"0":"post-10376","1":"product","2":"type-product","3":"status-publish","4":"has-post-thumbnail","6":"product_cat-cosmetics","8":"first","9":"instock","10":"shipping-taxable","11":"purchasable","12":"product-type-variable","13":"has-default-attributes"},"_links":{"self":[{"href":"https:\/\/airshiptrips.com\/de\/wp-json\/wp\/v2\/product\/10376","targetHints":{"allow":["GET"]}}],"collection":[{"href":"https:\/\/airshiptrips.com\/de\/wp-json\/wp\/v2\/product"}],"about":[{"href":"https:\/\/airshiptrips.com\/de\/wp-json\/wp\/v2\/types\/product"}],"replies":[{"embeddable":true,"href":"https:\/\/airshiptrips.com\/de\/wp-json\/wp\/v2\/comments?post=10376"}],"wp:featuredmedia":[{"embeddable":true,"href":"https:\/\/airshiptrips.com\/de\/wp-json\/wp\/v2\/media\/12512"}],"wp:attachment":[{"href":"https:\/\/airshiptrips.com\/de\/wp-json\/wp\/v2\/media?parent=10376"}],"wp:term":[{"taxonomy":"product_brand","embeddable":true,"href":"https:\/\/airshiptrips.com\/de\/wp-json\/wp\/v2\/product_brand?post=10376"},{"taxonomy":"product_cat","embeddable":true,"href":"https:\/\/airshiptrips.com\/de\/wp-json\/wp\/v2\/product_cat?post=10376"},{"taxonomy":"product_tag","embeddable":true,"href":"https:\/\/airshiptrips.com\/de\/wp-json\/wp\/v2\/product_tag?post=10376"}],"curies":[{"name":"wp","href":"https:\/\/api.w.org\/{rel}","templated":true}]}}