{"id":10368,"date":"2025-10-08T12:23:06","date_gmt":"2025-10-08T12:23:06","guid":{"rendered":"https:\/\/megaroboticsacademy.com\/shop\/unkategorisiert\/yoghurt-and-cucumber-cream\/"},"modified":"2025-11-18T11:55:21","modified_gmt":"2025-11-18T11:55:21","slug":"yoghurt-and-cucumber-cream","status":"publish","type":"product","link":"https:\/\/airshiptrips.com\/de\/shop\/creams-de\/yoghurt-and-cucumber-cream\/","title":{"rendered":"Joghurt- und Gurkencreme"},"content":{"rendered":"<p>Die beruhigende Eigenschaft von Joghurt und Gurke ist die perfekte Mischung f\u00fcr jeden Hauttyp und besonders n\u00fctzlich f\u00fcr alle, die unter extremen Beschwerden durch Akne und Pigmentierung leiden oder an entz\u00fcndeter, gereizter oder empfindlicher Haut leiden.<\/p>\n<p>Die Kombination aus Joghurt und Gurke entfernt Schmutz und abgestorbene Hautzellen, reinigt und hydratisiert. Gurke mit ihren adstringierenden, entz\u00fcndungshemmenden Eigenschaften f\u00f6rdert die Zellregeneration, w\u00e4hrend Joghurt beruhigt und befeuchtet, Bakterien neutralisiert, das PH-Gleichgewicht wiederherstellt und Ihre Haut zum Leuchten bringt.<\/p>\n<p>Joghurt enth\u00e4lt einen hohen Zinkgehalt, der entz\u00fcndungshemmend wirkt, die Zellreproduktion und die Geweberegeneration f\u00f6rdert und gleichzeitig das Talg reguliert, wodurch Akne und Flecken geheilt werden. Kalzium, aus dem der gr\u00f6\u00dfte Teil der Epidermis besteht, verhindert, dass die Haut trocken oder dehydriert wird. Die B-Vitamine B2, B5 und B12 sorgen f\u00fcr eine strahlende und gesunde Haut, spenden Feuchtigkeit, sch\u00fctzen vor freien Radikalen und unterst\u00fctzen die Zellregeneration. Milchs\u00e4uren sind ein gro\u00dfartiges Peeling und Feuchtigkeitscreme. Sie wirken auch als Anti-Aging-Promotor, reduzieren Falten und verhindern die Bildung neuer Falten und feiner Linien. Die Probiotika eliminieren effektiv Bakterien.<\/p>\n<p>Gurke enth\u00e4lt einen hohen Gehalt an Vitamin C, das die Produktion von Kollagen f\u00f6rdert, und ist au\u00dferdem mit N\u00e4hrstoffen wie Wasser, Kalium, Sulfat und Vitamin A, Antioxidantien und Polysacchariden beladen, die gemeinsam dazu beitragen, sonnenverbrannte oder gereizte Haut zu beruhigen und ein stumpfer, lebloser Teint zu verj\u00fcngen, der Hautunreinheiten, Narben und Sommersprossen verblasst und die Hautstruktur insgesamt repariert und verbessert.<br \/>\nZu den Highlights dieser konzentrierten Mischung aus Joghurt und Gurke geh\u00f6ren:<\/p>\n<h3><b>F\u00fcgt Feuchtigkeit hinzu, hellt auf und stellt wieder her<\/b><\/h3>\n<p>Sperrt Feuchtigkeit, verbessert die Elastizit\u00e4t und Festigkeit, um eine stumpfe und leblose Haut sofort aufzuhellen und zu beleben. Au\u00dferdem sch\u00fctzt sie vor Sch\u00e4den durch freie Radikale. Die Kollagenproduktion wird ebenfalls wiederhergestellt und sch\u00fctzt vor vorzeitiger Hautalterung.<\/p>\n<h3><b>Behandelt entz\u00fcndliche Hauterkrankungen<\/b><\/h3>\n<p>Die entz\u00fcndungshemmenden und milden adstringierenden Eigenschaften, kombiniert mit der hohen Menge an Zink, reduzieren R\u00f6tungen und Schwellungen. Gereizte, besch\u00e4digte, rissige, von Sonne \/ Wind verbrannte Haut sowie Hauterkrankungen wie Ekzeme und Rosacea werden bis zum tiefsten Grad gelindert.<\/p>\n<h3><b>Infektion freie Haut<\/b><\/h3>\n<p>Die antimykotischen und antibakteriellen Eigenschaften neutralisieren jede Pilzinfektion. Akne und Ausbr\u00fcche werden durch die entz\u00fcndungshemmenden Eigenschaften beruhigt, die Bakterien werden zerst\u00f6rt und die von den Talgdr\u00fcsen produzierte \u00d6lmenge ausgeglichen, wodurch weitere Ausbr\u00fcche verhindert werden. Dar\u00fcber hinaus werden die Poren straff und dicht, wodurch ihre Gr\u00f6\u00dfe im Gesamterscheinungsbild verringert wird und weiterhin verhindert wird, dass gro\u00dfe Poren verstopfen, wodurch insgesamt eine makellose Haut gef\u00f6rdert wird.<\/p>\n<h3><b>Verblasst Hautunreinheiten, Pigmentierung, Narben<\/b><\/h3>\n<p>Die nat\u00fcrlichen, sanften Peeling-Eigenschaften tragen dazu bei, die oberste Hautschicht zu entfernen, die ordnungsgem\u00e4\u00dfe Entfernung abgestorbener Hautzellen sicherzustellen und das Auftreten von Hautunreinheiten, Sonnen- oder Altersflecken, Narben und Pigmentierung wirksam zu reduzieren und umzukehren, w\u00e4hrend die Zellregeneration stimuliert und die Haut repariert, gegl\u00e4ttet und aufgehellt wird.<\/p>\n<h3><b>UV-Strahlenschutz<\/b><\/h3>\n<p>Hilft dabei, die Auswirkungen von UV-Strahlen zu minimieren, eine radikal neutralisierende Barriere zu schaffen, in die die Sonne nicht eindringen kann, und sch\u00fctzt vor sonnen-bedingten Altersflecken, Sonnenbrand und Alterung. Bitte beachten Sie, dass bei l\u00e4ngerer Sonneneinstrahlung weiterhin ein angemessener Lichtschutzfaktor erforderlich ist.<\/p>\n","protected":false},"excerpt":{"rendered":"<div class=\"woocommerce-product-details__short-description\">\n<p>Joghurt und Gurke, die perfekte Kombination, reinigt, befeuchtet und peelt die Haut. Einerseits wirkt es adstringierend und entz\u00fcndungshemmend, gleichzeitig beruhigend, antibakteriell und stellt das pH-Gleichgewicht wieder her. Sorgen Sie f\u00fcr ein gesundes Aussehen!<\/p>\n<\/div>\n<div id=\"shoptimizer-sticky-anchor\"><\/div>\n","protected":false},"featured_media":12507,"comment_status":"open","ping_status":"closed","template":"","meta":[],"product_brand":[],"product_cat":[193,181],"product_tag":[],"class_list":{"0":"post-10368","1":"product","2":"type-product","3":"status-publish","4":"has-post-thumbnail","6":"product_cat-creams-de","7":"product_cat-cosmetics","9":"first","10":"instock","11":"shipping-taxable","12":"purchasable","13":"product-type-simple"},"_links":{"self":[{"href":"https:\/\/airshiptrips.com\/de\/wp-json\/wp\/v2\/product\/10368","targetHints":{"allow":["GET"]}}],"collection":[{"href":"https:\/\/airshiptrips.com\/de\/wp-json\/wp\/v2\/product"}],"about":[{"href":"https:\/\/airshiptrips.com\/de\/wp-json\/wp\/v2\/types\/product"}],"replies":[{"embeddable":true,"href":"https:\/\/airshiptrips.com\/de\/wp-json\/wp\/v2\/comments?post=10368"}],"wp:featuredmedia":[{"embeddable":true,"href":"https:\/\/airshiptrips.com\/de\/wp-json\/wp\/v2\/media\/12507"}],"wp:attachment":[{"href":"https:\/\/airshiptrips.com\/de\/wp-json\/wp\/v2\/media?parent=10368"}],"wp:term":[{"taxonomy":"product_brand","embeddable":true,"href":"https:\/\/airshiptrips.com\/de\/wp-json\/wp\/v2\/product_brand?post=10368"},{"taxonomy":"product_cat","embeddable":true,"href":"https:\/\/airshiptrips.com\/de\/wp-json\/wp\/v2\/product_cat?post=10368"},{"taxonomy":"product_tag","embeddable":true,"href":"https:\/\/airshiptrips.com\/de\/wp-json\/wp\/v2\/product_tag?post=10368"}],"curies":[{"name":"wp","href":"https:\/\/api.w.org\/{rel}","templated":true}]}}