{"id":10362,"date":"2025-10-08T12:23:06","date_gmt":"2025-10-08T12:23:06","guid":{"rendered":"https:\/\/megaroboticsacademy.com\/shop\/unkategorisiert\/pomegranate-and-peach-cream\/"},"modified":"2025-11-18T11:47:35","modified_gmt":"2025-11-18T11:47:35","slug":"pomegranate-and-peach-cream","status":"publish","type":"product","link":"https:\/\/airshiptrips.com\/de\/shop\/creams-de\/pomegranate-and-peach-cream\/","title":{"rendered":"Granatapfel-Pfirsich-Creme"},"content":{"rendered":"<div class=\"woocommerce-tabs wc-tabs-wrapper\">\n<div id=\"tab-description\" class=\"woocommerce-Tabs-panel woocommerce-Tabs-panel--description panel entry-content wc-tab\" role=\"tabpanel\" aria-labelledby=\"tab-title-description\">\n<p>Diese hervorragende Mischung aus Granatapfel und Pfirsich ist eine ideale Kombination f\u00fcr eine vollst\u00e4ndige Hautverj\u00fcngung. Sie enth\u00e4lt viele gesunde Vitamine, Antioxidantien, Mineralien und essentielle Fetts\u00e4uren, um die Haut vollst\u00e4ndig zu unterst\u00fctzen, die Kollagenbildung zu f\u00f6rdern, Entz\u00fcndungen zu reduzieren und die Haut wiederherzustellen. Reduzieren Sie unreine und m\u00fcde aussehende stumpfe Haut und ersetzen Sie sie durch frisch aussehende und straffe Haut.<\/p>\n<p>Granatapfel ist eine Superfrucht, die voll von Vitamin C und E, Anthocy\u00e4nen, Ellagitanninen, Ellags\u00e4ure, Fols\u00e4ure und vielen anderen nat\u00fcrlichen Polyphenolen ist. Pfirsich ist auch vollgepackt mit haut liebenden N\u00e4hrstoffen und Vitaminen wie Kalium, Zink, Beta-Carotin, Selen und Magnesium sowie den Vitaminen K, A und C. Zusammen bilden sie eine gro\u00dfartige Partnerschaft, die ein starkes Antioxidans und entz\u00fcndungshemmend, anti-Krebs und antimikrobiell ist, es f\u00f6rdert die Hauterneuerung, bek\u00e4mpft freie Radikale und stellt das nat\u00fcrliche PH-Gleichgewicht der Haut wieder her. Geeignet f\u00fcr jeden Hauttyp, um die Haut zu reparieren, zu verj\u00fcngen und wieder aufzuf\u00fcllen und die Haut auf Zehenspitzen zu halten.<\/p>\n<p>Zu den Highlights dieser konzentrierten Mischung aus Granatapfel und Pfirsich geh\u00f6ren:<\/p>\n<h3><b>F\u00fcgt Feuchtigkeit hinzu, hellt auf, stellt wieder her und sch\u00fctzt<\/b><\/h3>\n<p>Dringt tief in die Haut ein, sorgt f\u00fcr vollst\u00e4ndige Ern\u00e4hrung und sperrt Feuchtigkeit, stellt trockene oder schuppige Haut wieder her und kontrolliert gleichzeitig die Talgproduktion und reduziert fettige Haut. Enth\u00e4lt hochaktive Antioxidantien, um den Abbau des Hautgewebes zu verhindern und die Kollagen und Elastinproduktion zu steigern, um die Haut geschmeidiger und straffer zu machen, schlaffe Haut zu reduzieren und Zeichen des Alterns zu verhindern. Der Umsatz der Hautzellen wird beschleunigt, was zu einem strahlenden Leuchten f\u00fchrt.<\/p>\n<h3><b>Behandelt entz\u00fcndliche Hauterkrankungen<\/b><\/h3>\n<p>Die entz\u00fcndungshemmenden und antimikrobiellen Eigenschaften in Kombination mit Zink und Kalium reduzieren Entz\u00fcndungen, sch\u00fctzen und restaurieren gesch\u00e4digte Haut und f\u00f6rdern die Hauterneuerung. Hauterkrankungen wie Ekzeme und Rosacea werden h\u00e4ufig durch Sch\u00e4den durch freie Radikale verursacht. Diese Creme ist reich an Antioxidantien und kann weitere Symptome reduzieren und verhindern. Gleichzeitig f\u00f6rdert sie das Wachstum neuer Hautzellen, um besch\u00e4digte Hautzellen zu reparieren.<\/p>\n<h3><b>Infektion freie Haut<\/b><\/h3>\n<p>Nat\u00fcrliche antimikrobielle Mittel lindern Reizungen, w\u00e4hrend sie Bakterien oder Pilze auf der Haut bek\u00e4mpfen und zerst\u00f6ren. Akne und Ausbr\u00fcche, die h\u00e4ufig durch verstopfte, infizierte Poren verursacht werden, werden durch die entz\u00fcndungshemmenden Eigenschaften beruhigt, die Bakterien werden zerst\u00f6rt und die Talgproduktion reguliert, wodurch weitere Ausbr\u00fcche verhindert werden. Die Hautregeneration wird gef\u00f6rdert, die Durchblutung erh\u00f6ht und die Hautreparatur und Wundheilung eingeleitet.<\/p>\n<h3><b>Verblasst Hautunreinheiten, Pigmentierung und Narben<\/b><\/h3>\n<p>F\u00f6rdert die Hautregeneration, verhindert, dass abgestorbene Hautzellen auf der Hautoberfl\u00e4che verbleiben, heilt Narben und verblassende Verf\u00e4rbungen und Hautunreinheiten und strafft die Haut, was zu einer helleren, klareren Haut mit einem gesunden Glanz f\u00fchrt.<\/p>\n<h3><b>UV-Strahlenschutz<\/b><\/h3>\n<p>Antioxidative und krebshemmende Eigenschaften tragen dazu bei, die Auswirkungen von UV-Strahlen zu minimieren, eine radikal neutralisierende Barriere zu schaffen, in die die Sonne nicht eindringen kann, und vor sonnen-bedingter Pigmentierung, Krebs, Sonnenbrand und Alterung zu sch\u00fctzen. F\u00fcllt und regeneriert die Haut auch nach Sonneneinstrahlung. Bitte beachten Sie, dass die Notwendigkeit eines geeigneten Sonnenschutzfaktors f\u00fcr eine l\u00e4ngere Sonneneinstrahlung weiterhin besteht.<\/p>\n<\/div>\n<\/div>\n<section class=\"related-wrapper\"><\/section>\n","protected":false},"excerpt":{"rendered":"<p>Diese hervorragende Mischung aus Granatapfel und Pfirsich ist eine ideale Kombination f\u00fcr eine vollst\u00e4ndige Hautverj\u00fcngung. Sie enth\u00e4lt viele gesunde Vitamine, Antioxidantien, Mineralien und essentielle Fetts\u00e4uren, um die Haut vollst\u00e4ndig zu unterst\u00fctzen, die Kollagenbildung zu f\u00f6rdern, Entz\u00fcndungen zu reduzieren und die Haut wiederherzustellen. Reduzieren Sie unreine und m\u00fcde aussehende stumpfe Haut und ersetzen Sie sie durch [&hellip;]<\/p>\n","protected":false},"featured_media":12503,"comment_status":"open","ping_status":"closed","template":"","meta":[],"product_brand":[],"product_cat":[193,181],"product_tag":[],"class_list":{"0":"post-10362","1":"product","2":"type-product","3":"status-publish","4":"has-post-thumbnail","6":"product_cat-creams-de","7":"product_cat-cosmetics","9":"first","10":"instock","11":"shipping-taxable","12":"purchasable","13":"product-type-simple"},"_links":{"self":[{"href":"https:\/\/airshiptrips.com\/de\/wp-json\/wp\/v2\/product\/10362","targetHints":{"allow":["GET"]}}],"collection":[{"href":"https:\/\/airshiptrips.com\/de\/wp-json\/wp\/v2\/product"}],"about":[{"href":"https:\/\/airshiptrips.com\/de\/wp-json\/wp\/v2\/types\/product"}],"replies":[{"embeddable":true,"href":"https:\/\/airshiptrips.com\/de\/wp-json\/wp\/v2\/comments?post=10362"}],"wp:featuredmedia":[{"embeddable":true,"href":"https:\/\/airshiptrips.com\/de\/wp-json\/wp\/v2\/media\/12503"}],"wp:attachment":[{"href":"https:\/\/airshiptrips.com\/de\/wp-json\/wp\/v2\/media?parent=10362"}],"wp:term":[{"taxonomy":"product_brand","embeddable":true,"href":"https:\/\/airshiptrips.com\/de\/wp-json\/wp\/v2\/product_brand?post=10362"},{"taxonomy":"product_cat","embeddable":true,"href":"https:\/\/airshiptrips.com\/de\/wp-json\/wp\/v2\/product_cat?post=10362"},{"taxonomy":"product_tag","embeddable":true,"href":"https:\/\/airshiptrips.com\/de\/wp-json\/wp\/v2\/product_tag?post=10362"}],"curies":[{"name":"wp","href":"https:\/\/api.w.org\/{rel}","templated":true}]}}