{"id":10357,"date":"2025-10-08T12:23:06","date_gmt":"2025-10-08T12:23:06","guid":{"rendered":"https:\/\/megaroboticsacademy.com\/shop\/unkategorisiert\/lemon-cream\/"},"modified":"2025-11-18T11:41:03","modified_gmt":"2025-11-18T11:41:03","slug":"lemon-cream","status":"publish","type":"product","link":"https:\/\/airshiptrips.com\/de\/shop\/creams-de\/lemon-cream\/","title":{"rendered":"Zitronencreme"},"content":{"rendered":"<p>Zitrone enth\u00e4lt eine magische Kombination von essentiellen Vitaminen und Mineralstoffen, die K\u00f6stlichkeiten wie Beta-Carotin, Vitamin B, C, K, Fols\u00e4ure, Kalium, Kalzium, Natrium, Phosphor, Magnesium, Zink, Eisen, Mangan, Kupfer, Nickel und Selen enthalten und Citronol, Camphen, Citral, Aldehyde, Terpineol, Limonen und Linalylacetat, die f\u00fcr eine strahlend gesunde Haut unerl\u00e4sslich sind. Zusammen bieten sie entz\u00fcndungshemmende, antimikrobielle, antibakterielle, antiseptische, antirheumatische, antivirale und anti sklerotische Vorteile.<\/p>\n<p>Perfekt f\u00fcr fettige Haut, reguliert die Talgproduktion und wirkt als nat\u00fcrliches Adstringens, schlie\u00dft die Poren und beseitigt verstopfte Poren \u2013 ein perfekter Akne-Buster. Die magischen Eigenschaften von Lemon sind f\u00fcr alle Hauttypen geeignet und gleichen den pH-Wert der Haut aus, verbessern die Hautelastizit\u00e4t, bek\u00e4mpfen freie Radikale, verbessern den Sauerstoff in der Haut, verringern Hautpigmentierungen und Narben, beruhigen und straffen die Haut, einschlie\u00dflich des Aussehens von Cellulite, Krampfadern und Besenreiser und wirken als Anti-Aging-Tonikum.<\/p>\n<h3><b>Akne und Spot Buster<\/b><\/h3>\n<p>Zitrone ist ein nat\u00fcrliches Adstringens mit antibakteriellen und antimykotischen Eigenschaften und eine wunderbare Behandlung f\u00fcr zu Akne neigende Haut, die das Schlie\u00dfen der Poren f\u00f6rdert. W\u00e4hrenddessen entfernt eine S\u00e4ure namens L-Ascorbins\u00e4ure, die eine trocknende Wirkung auf die Haut hat, \u00fcbersch\u00fcssiges \u00d6l und verringert so die Wahrscheinlichkeit, dass Poren verstopfen und infiziert werden. Bereits in der Haut vorhandene Bakterien werden eliminiert, Entz\u00fcndungen gez\u00e4hmt und abgestorbene Hautzellen entfernt. Antimykotische Eigenschaften behandeln auch Candida Hautausschl\u00e4ge.<\/p>\n<h3><b>Hautheilung<\/b><\/h3>\n<p>Die Hautheilung wird durch eine radikale St\u00e4rkung der Durchblutung direkt unter der Haut gesteigert, wodurch die Wundheilung gef\u00f6rdert wird, was insbesondere f\u00fcr Menschen mit diabetischen Fu\u00dfschmerzen und Geschw\u00fcren von Vorteil ist.<\/p>\n<h3><b>Entfernt Hautunreinheiten, Narben und Pigmentflecken<\/b><\/h3>\n<p>Vitamin C und Zitronens\u00e4ure sind eine hervorragende Kombination zur Aufhellung der Haut, zum Ausbleichen von Sommersprossen und zum Verblassen von Pigmentflecken, die durch Alter oder Sonne verursacht werden. Vitamin C ist ein Antioxidans, dass die freien Radikale neutralisiert, die Kollagenproduktion steigert und die Hautverj\u00fcngung f\u00f6rdert, w\u00e4hrend die Zitronens\u00e4ure ein Peeling durchf\u00fchrt und den Hautton abdeckt.<\/p>\n<h3><b>Antialterung<\/b><\/h3>\n<p>Die Peeling- und Kollagen-f\u00f6rdernden Eigenschaften von Vitamin C und Zitronens\u00e4ure sind ebenfalls wirksame Anti-Aging-Wirkstoffe, die die Haut reparieren und erneuern, um sie zu straffen und zu heben und die Haut auf Gesicht, Hals, Brust, Beinen und Armen zu straffen.<\/p>\n<h3><b>Bek\u00e4mpft Cellulite und lindert Besenreiser und Krampfadern<\/b><\/h3>\n<p>Zitrone f\u00f6rdert die Durchblutung und beschleunigt den lipolytischen Prozess. Sie stimuliert aktiv den Abbau von Cellulite-Ablagerungen f\u00fcr eine straffere und glatter aussehende Haut. Vitamin K hilft dabei, das Auftreten von Besenreisern zu verblassen. Es kann auch das Auftreten von Krampfadern lindern<\/p>\n","protected":false},"excerpt":{"rendered":"<p>Zitrone ist ein nat\u00fcrliches Adstringens, das die Durchblutung anregt und die Talgproduktion reguliert. F\u00f6rdert die Wundheilung, w\u00e4hrend der Peeling-Effekt den Hautton ausgleicht. F\u00f6rderung der Hautverj\u00fcngung durch Straffung, Straffung und Straffung der Haut.<\/p>\n","protected":false},"featured_media":12499,"comment_status":"open","ping_status":"closed","template":"","meta":[],"product_brand":[],"product_cat":[193,181],"product_tag":[],"class_list":{"0":"post-10357","1":"product","2":"type-product","3":"status-publish","4":"has-post-thumbnail","6":"product_cat-creams-de","7":"product_cat-cosmetics","9":"first","10":"instock","11":"shipping-taxable","12":"purchasable","13":"product-type-simple"},"_links":{"self":[{"href":"https:\/\/airshiptrips.com\/de\/wp-json\/wp\/v2\/product\/10357","targetHints":{"allow":["GET"]}}],"collection":[{"href":"https:\/\/airshiptrips.com\/de\/wp-json\/wp\/v2\/product"}],"about":[{"href":"https:\/\/airshiptrips.com\/de\/wp-json\/wp\/v2\/types\/product"}],"replies":[{"embeddable":true,"href":"https:\/\/airshiptrips.com\/de\/wp-json\/wp\/v2\/comments?post=10357"}],"wp:featuredmedia":[{"embeddable":true,"href":"https:\/\/airshiptrips.com\/de\/wp-json\/wp\/v2\/media\/12499"}],"wp:attachment":[{"href":"https:\/\/airshiptrips.com\/de\/wp-json\/wp\/v2\/media?parent=10357"}],"wp:term":[{"taxonomy":"product_brand","embeddable":true,"href":"https:\/\/airshiptrips.com\/de\/wp-json\/wp\/v2\/product_brand?post=10357"},{"taxonomy":"product_cat","embeddable":true,"href":"https:\/\/airshiptrips.com\/de\/wp-json\/wp\/v2\/product_cat?post=10357"},{"taxonomy":"product_tag","embeddable":true,"href":"https:\/\/airshiptrips.com\/de\/wp-json\/wp\/v2\/product_tag?post=10357"}],"curies":[{"name":"wp","href":"https:\/\/api.w.org\/{rel}","templated":true}]}}