{"id":10345,"date":"2025-10-08T12:23:06","date_gmt":"2025-10-08T12:23:06","guid":{"rendered":"https:\/\/megaroboticsacademy.com\/shop\/unkategorisiert\/chocolate-cream\/"},"modified":"2025-11-18T11:33:38","modified_gmt":"2025-11-18T11:33:38","slug":"chocolate-cream","status":"publish","type":"product","link":"https:\/\/airshiptrips.com\/de\/shop\/creams-de\/chocolate-cream\/","title":{"rendered":"Schokocreme"},"content":{"rendered":"<p>Schokolade wird aus Kakaobohnen hergestellt, den getrockneten, fermentierten Samen des Kakaobaums (Theobroma cacao).<\/p>\n<p>Vollgepackt mit den Vitaminen B1, B2, B3, B5, B9 und E, essentiellen Mineralien wie Magnesium, Kalzium, Schwefel, Zink, Eisen, Kupfer, Kalium sowie Beta-Carotin, Omega-6-Fetts\u00e4uren und Polyphenolen, sogenannten Flavonoiden (mit enormen antioxidativen Eigenschaften), Schokolade ist nicht nur ein Superfood f\u00fcr den K\u00f6rper, sondern auch ein Kraftpaket f\u00fcr die Haut.<\/p>\n<p>Verwenden Sie Schokolade mit ihren haut liebenden Inhaltsstoffen besonders gut f\u00fcr trockene Haut, um die Haut wieder gesundzumachen.<\/p>\n<p>Das Aroma ist ein Stimulans f\u00fcr das Nervensystem, reduziert Stresshormone und bringt ein Gef\u00fchl des Wohlbefindens.<\/p>\n<h3><b>Befeuchtet und revitalisiert stumpfe Haut<\/b><\/h3>\n<p>Mit Fetts\u00e4uren beladen, die die Haut von innen heraus n\u00e4hren, wird die Durchblutung gesteigert, die Hauterneuerung stimuliert und ihre erweichenden Eigenschaften bewahren den Feuchtigkeitshaushalt und st\u00e4rken die Hautbarriere, sodass sich die Haut weich, verw\u00f6hnt und strahlend anf\u00fchlt.<\/p>\n<h3><b>Reduziert das Auftreten von Cellulite<\/b><\/h3>\n<p>Eine erh\u00f6hte Durchblutung der Haut strafft die Haut und hilft, das Fettgewebe abzubauen, wodurch das Auftreten von Cellulite verringert wird.<\/p>\n<h3><b>Beruhigt Hautreizungen<\/b><\/h3>\n<p>Als nat\u00fcrliches entz\u00fcndungshemmendes Mittel ist Schokoladencreme f\u00fcr die empfindlichste Haut geeignet und kann helfen, Irritationen zu lindern. Nat\u00fcrliches Vitamin E gleicht aus und spendet Feuchtigkeit, wodurch die von Ekzemen oder Dermatitis gesch\u00e4digte Haut geheilt wird. Magnesium hilft bei Beruhigung und R\u00f6tung und Zink ist bekannt f\u00fcr seine haut beruhigenden Eigenschaften, sodass Akne oder Ausbr\u00fcche auch gut behandelt werden.<\/p>\n<h3><b>Ein starkes Antioxidans<\/b><\/h3>\n<p>Schokoladencreme ist eine der reichsten Quellen f\u00fcr Antioxidantien und sch\u00fctzt die Haut vor Sch\u00e4den durch freie Radikale. Es verhindert Sch\u00e4den an den Hautzellen, f\u00f6rdert die Elastizit\u00e4t und Durchblutung der Haut und die Regeneration neuer Hautzellen sowie die Wiederherstellung eines gesunden Aussehens. Kakao, aus dem Schokolade hergestellt wird, ist auch besser als andere Antioxidantien, um die Haut vor blauem Licht zu sch\u00fctzen (das Licht, das von unseren Telefonen, Computern, Tablets, Fernsehger\u00e4ten usw. abgegeben wird).<\/p>\n<h3><b>Sch\u00fctzt vor Sonnensch\u00e4den<\/b><\/h3>\n<p>Flavonole bieten nat\u00fcrlichen Schutz vor sch\u00e4dlichen UV-Strahlen und begrenzen Sch\u00e4den wie Pigmentflecken, Krebs, Brennen und Alterung.<\/p>\n<h3><b>Antialterung<\/b><\/h3>\n<p>Verhindern Sie vorzeitiges Altern und bek\u00e4mpfen Sie bereits zugef\u00fcgte Sch\u00e4den. Schokoladencreme f\u00f6rdert das Zellwachstum, die Kollagen und Elastinproduktion, reduziert feine Linien und Falten und wirkt als Vasodilatator, der den Blutfluss zur Hautoberfl\u00e4che erh\u00f6ht, die Heilung und Erneuerung f\u00f6rdert und ein strahlender und jugendlicheres Aussehen verleiht. Eine Studie von Wissenschaftlern der Seoul National University in Korea zum Testen der F\u00e4higkeit von Kakao, Falten vorzubeugen, ergab sehr positive Ergebnisse, die im Journal of Investigative Dermatology ver\u00f6ffentlicht wurden und best\u00e4tigten, dass sie zur Regulierung der Hautgesundheit und zur signifikanten Reduzierung von Falten beitragen k\u00f6nnen. Dar\u00fcber hinaus best\u00e4tigten sie, dass es die Durchblutung erh\u00f6ht und die Hautdichte und die Fl\u00fcssigkeitszufuhr verbessert.<\/p>\n<h3><b>Reduziert Pigmentierung, Narben und Dehnungsstreifen<\/b><\/h3>\n<p>Die Steigerung des Zellumsatzes hilft, die Hautoberfl\u00e4che zu regenerieren und Pigmentierung, Narbenbildung und Dehnungsstreifen wirksam zu reduzieren.<\/p>\n","protected":false},"excerpt":{"rendered":"<p>Schokolade ist ein wahres Kraftpaket unter den Hautpflegeprodukten, vollgepackt mit Vitaminen, Mineralien und hautfreundlichen Inhaltsstoffen. Die stimulierende Wirkung auf das Nervensystem, die Senkung von Stresshormonen und die F\u00f6rderung des Wohlbefindens runden das Ganze ab.<\/p>\n","protected":false},"featured_media":12492,"comment_status":"open","ping_status":"closed","template":"","meta":[],"product_brand":[],"product_cat":[193,181],"product_tag":[],"class_list":{"0":"post-10345","1":"product","2":"type-product","3":"status-publish","4":"has-post-thumbnail","6":"product_cat-creams-de","7":"product_cat-cosmetics","9":"first","10":"instock","11":"shipping-taxable","12":"purchasable","13":"product-type-variable","14":"has-default-attributes"},"_links":{"self":[{"href":"https:\/\/airshiptrips.com\/de\/wp-json\/wp\/v2\/product\/10345","targetHints":{"allow":["GET"]}}],"collection":[{"href":"https:\/\/airshiptrips.com\/de\/wp-json\/wp\/v2\/product"}],"about":[{"href":"https:\/\/airshiptrips.com\/de\/wp-json\/wp\/v2\/types\/product"}],"replies":[{"embeddable":true,"href":"https:\/\/airshiptrips.com\/de\/wp-json\/wp\/v2\/comments?post=10345"}],"wp:featuredmedia":[{"embeddable":true,"href":"https:\/\/airshiptrips.com\/de\/wp-json\/wp\/v2\/media\/12492"}],"wp:attachment":[{"href":"https:\/\/airshiptrips.com\/de\/wp-json\/wp\/v2\/media?parent=10345"}],"wp:term":[{"taxonomy":"product_brand","embeddable":true,"href":"https:\/\/airshiptrips.com\/de\/wp-json\/wp\/v2\/product_brand?post=10345"},{"taxonomy":"product_cat","embeddable":true,"href":"https:\/\/airshiptrips.com\/de\/wp-json\/wp\/v2\/product_cat?post=10345"},{"taxonomy":"product_tag","embeddable":true,"href":"https:\/\/airshiptrips.com\/de\/wp-json\/wp\/v2\/product_tag?post=10345"}],"curies":[{"name":"wp","href":"https:\/\/api.w.org\/{rel}","templated":true}]}}