{"id":10338,"date":"2025-10-08T12:23:06","date_gmt":"2025-10-08T12:23:06","guid":{"rendered":"https:\/\/megaroboticsacademy.com\/shop\/unkategorisiert\/carrot-and-honey-cream\/"},"modified":"2025-11-18T11:27:25","modified_gmt":"2025-11-18T11:27:25","slug":"carrot-and-honey-cream","status":"publish","type":"product","link":"https:\/\/airshiptrips.com\/de\/shop\/creams-de\/carrot-and-honey-cream\/","title":{"rendered":"Karotten-Honig-Creme"},"content":{"rendered":"<p>Die perfekte pflegende und sch\u00fctzende Kombination f\u00fcr eine gesunde, strahlende Haut. Es ist \u00e4u\u00dferst sanft und f\u00fcr alle Hauttypen geeignet, einschlie\u00dflich gesch\u00e4digter, gereizter und empfindlicher, trockener und reifer Haut oder sogar f\u00fcr fettige, zu Akne neigende Teenager-Haut. Ein gro\u00dfartiger Sch\u00f6nheitsverst\u00e4rker f\u00fcr Haut, die unter den Witterungseinfl\u00fcssen leidet, sei es im harten Winter oder in der Hitze des Sommers.<\/p>\n<p>Sowohl Karotten als auch Honig sind Superfoods. Zusammen enthalten sie eine erstaunliche Auswahl an essentiellen Vitaminen, Mineralien und N\u00e4hrstoffen, darunter die Vitamine A, C, E, K sowie Aminos\u00e4uren, Antibiotika-reiches Inhibitor, Biotin, Folacin, Beta-Carotin, Kalzium, Kupfer und Eisen, Magnesium, Mangan, Phosphor, Kalium, Natrium und Zink. Mit nat\u00fcrlichen antiseptischen, antioxidativen, antimikrobiellen, antibiotischen und entz\u00fcndungshemmenden Eigenschaften werden Hautunreinheiten und Beschwerden wie Akne, Alterung, Pigmentierung und Trockenheit verbannt und die Haut wird ausgeglichen, verj\u00fcngt und strahlt vor Gesundheit.<\/p>\n<h3><b>Gut f\u00fcr trockene oder reife Haut<\/b><\/h3>\n<p>Honig ist ein nat\u00fcrlicher Weichmacher und kann tief in die Haut eindringen und sie von innen n\u00e4hren. Es ist auch ein Feuchthaltemittel, was bedeutet, dass es Feuchtigkeit aus der Luft in die Haut zieht und die Feuchtigkeit einschlie\u00dft. Trockene Haut wird oft durch einen Mangel an Kalium verursacht, daher ist die Karotte mit ihrer reichhaltigen Kalium quelle eine willkommene Erg\u00e4nzung der Mischung. Zusammen f\u00f6rdern sie den Umsatz von Hautzellen, entfernen die abgestorbenen stumpfen Hautzellen auf der Oberfl\u00e4che und lassen die Haut sichtbar strahlender und glatter aussehen.<\/p>\n<p>Hauterkrankungen wie Ekzeme oder andere Formen der Neurodermitis profitieren von den entz\u00fcndungshemmenden, erweichenden, sch\u00fctzenden und heilenden Eigenschaften und werden beruhigt und die Haut wiederhergestellt.<\/p>\n<p>Diese Creme ist eine perfekte Anti-Aging-Waffe, die eine straffere, vollere und jugendlichere Haut f\u00f6rdert und eine Reihe von Antioxidantien enth\u00e4lt, um Sch\u00e4den durch freie Radikale umzukehren und zu verhindern sowie die Kollagenproduktion zu stimulieren, um die Elastizit\u00e4t aufrechtzuerhalten und die Hauterneuerung zu beschleunigen.<\/p>\n<h3><b>Gut f\u00fcr fettige oder zu Akne neigende Haut<\/b><\/h3>\n<p>Diese Creme enth\u00e4lt nat\u00fcrliche Elemente, einschlie\u00dflich Zink, die die Talgproduktion steuern. Sie kann dabei helfen, die Haut auszugleichen und Akne oder Flecken zu behandeln, die durch \u00fcbersch\u00fcssiges \u00d6l und verstopfte Poren verursacht werden. Die antibakteriellen, antiseptischen und entz\u00fcndungshemmenden Eigenschaften sorgen daf\u00fcr, dass Bakterien, die Akne oder Flecken verursachen, zerst\u00f6rt und die Poren gereinigt und entsperrt werden. Die Haut wird dann auf nat\u00fcrliche Weise mit Feuchtigkeit versorgt, die Poren der Haut werden gestrafft und der Umsatz der Hautzellen wird gesteigert, um eine klare, makellose Haut zu erhalten.<\/p>\n<h3><b>Narben und Sch\u00f6nheitsfehler<\/b><\/h3>\n<p>Die nat\u00fcrlichen, sanften Peeling-Eigenschaften helfen dabei, die oberste Hautschicht zu entfernen, die ordnungsgem\u00e4\u00dfe Entfernung abgestorbener Hautzellen sicherzustellen und das Auftreten von Hautunreinheiten, Sonnen- oder Altersflecken, Narben und Pigmenten wirksam zu reduzieren und umzukehren. W\u00e4hrenddessen wird die Zellregeneration und das Gewebewachstum angeregt, um Wunden und Haut aktiv zu reparieren und Narben zu minimieren. Die Haut bleibt glatt und strahlend.<\/p>\n<h3><b>Sonnenschutz<\/b><\/h3>\n<p>Beta-Carotin aus der Karotte st\u00e4rkt die Immunit\u00e4t des K\u00f6rpers gegen sch\u00e4dliche ultraviolette Strahlen und sch\u00fctzt die Haut vor Sch\u00e4den durch \u00fcberm\u00e4\u00dfige Sonneneinstrahlung wie sonnen bedingte Pigmentierung, Krebs, Sonnenbrand und Alterung. Dar\u00fcber hinaus wird die Haut nach Sonneneinstrahlung wieder aufgef\u00fcllt und wiederhergestellt. Starke Antioxidantien sch\u00fctzen die Haut und kehren vorhandene Sch\u00e4den um, wodurch das Hautgewebe effektiv repariert wird. Honig liefert tiefe Nahrung und verringert Entz\u00fcndungen durch \u00fcberm\u00e4\u00dfige Sonneneinstrahlung. Eine leistungsstarke Kombination, wenn es darum geht, unsere Haut w\u00e4hrend und nach Sonneneinstrahlung zu sch\u00fctzen und zu pflegen.<\/p>\n","protected":false},"excerpt":{"rendered":"<p>Karotten und Honig, beides Superfoods, n\u00e4hren und sch\u00fctzen die Haut vor Hautunreinheiten, Akne, Alterung, Pigmentierung und Trockenheit. Gleicht aus, verj\u00fcngt und sorgt f\u00fcr eine gesunde, strahlende Haut.<\/p>\n","protected":false},"featured_media":12489,"comment_status":"open","ping_status":"closed","template":"","meta":[],"product_brand":[],"product_cat":[193,181],"product_tag":[],"class_list":{"0":"post-10338","1":"product","2":"type-product","3":"status-publish","4":"has-post-thumbnail","6":"product_cat-creams-de","7":"product_cat-cosmetics","9":"first","10":"instock","11":"shipping-taxable","12":"purchasable","13":"product-type-simple"},"_links":{"self":[{"href":"https:\/\/airshiptrips.com\/de\/wp-json\/wp\/v2\/product\/10338","targetHints":{"allow":["GET"]}}],"collection":[{"href":"https:\/\/airshiptrips.com\/de\/wp-json\/wp\/v2\/product"}],"about":[{"href":"https:\/\/airshiptrips.com\/de\/wp-json\/wp\/v2\/types\/product"}],"replies":[{"embeddable":true,"href":"https:\/\/airshiptrips.com\/de\/wp-json\/wp\/v2\/comments?post=10338"}],"wp:featuredmedia":[{"embeddable":true,"href":"https:\/\/airshiptrips.com\/de\/wp-json\/wp\/v2\/media\/12489"}],"wp:attachment":[{"href":"https:\/\/airshiptrips.com\/de\/wp-json\/wp\/v2\/media?parent=10338"}],"wp:term":[{"taxonomy":"product_brand","embeddable":true,"href":"https:\/\/airshiptrips.com\/de\/wp-json\/wp\/v2\/product_brand?post=10338"},{"taxonomy":"product_cat","embeddable":true,"href":"https:\/\/airshiptrips.com\/de\/wp-json\/wp\/v2\/product_cat?post=10338"},{"taxonomy":"product_tag","embeddable":true,"href":"https:\/\/airshiptrips.com\/de\/wp-json\/wp\/v2\/product_tag?post=10338"}],"curies":[{"name":"wp","href":"https:\/\/api.w.org\/{rel}","templated":true}]}}