{"id":10300,"date":"2025-10-08T12:22:16","date_gmt":"2025-10-08T12:22:16","guid":{"rendered":"https:\/\/megaroboticsacademy.com\/shop\/unkategorisiert\/walnut-oil\/"},"modified":"2025-11-18T11:18:16","modified_gmt":"2025-11-18T11:18:16","slug":"walnut-oil","status":"publish","type":"product","link":"https:\/\/airshiptrips.com\/de\/shop\/natural-oils\/walnut-oil\/","title":{"rendered":"Walnuss\u00f6l"},"content":{"rendered":"<h3><img class=\"wp-image-39059 size-full aligncenter\" style=\"font-size: 1rem;\" \/><\/h3>\n<div class=\"woocommerce-tabs wc-tabs-wrapper\">\n<div id=\"tab-description\" class=\"woocommerce-Tabs-panel woocommerce-Tabs-panel--description panel entry-content wc-tab\" role=\"tabpanel\" aria-labelledby=\"tab-title-description\">\n<h3><b>Vorteile von Walnuss\u00f6l<\/b><\/h3>\n<p>Walnuss\u00f6l enth\u00e4lt unges\u00e4ttigte Fetts\u00e4uren, Vitamine A, E, D, K, C, P, PP, Vitamine der Gruppe B, Mikro- und Makroelemente \u2013 Zink, Kalium, Magnesium, Jod, Phosphor, Selen und Koenzym Q10. Der Gehalt an Omega-3 (15 %), Omega-6 (54 %) und Omega-9 (42 %) tr\u00e4gt bei zur Aufrechterhaltung eines gesunden Stoffwechsels und der Immunit\u00e4t im Allgemeinen.<\/p>\n<p>Regelm\u00e4\u00dfiger Verzehr von Walnuss\u00f6l versorgt den K\u00f6rper mit essentiellen Fetts\u00e4uren und Antioxidantien, tr\u00e4gt zur Erhaltung der Herz-Kreislauf-Gesundheit bei, verlangsamt den Alterungsprozess und sch\u00fctzt den K\u00f6rper vor den Auswirkungen freier Radikale. Das ideale Gleichgewicht der Vitamine wirkt sich positiv auf das Nervensystem aus, lindert M\u00fcdigkeit und normalisiert den Schlaf.<\/p>\n<p>Dieses \u00d6l wird f\u00fcr Kinder und Jugendliche empfohlen, da es die geistige, k\u00f6rperliche und sexuelle Reifung und Entwicklung f\u00f6rdert. Als komplettes nat\u00fcrliches Vitaminpr\u00e4parat ist Walnuss\u00f6l f\u00fcr \u00e4ltere Menschen sehr zu empfehlen. Empfohlen f\u00fcr Menschen mit Bluthochdruck, Arteriosklerose, isch\u00e4mischer Herzkrankheit, Diabetes und wird bei Hyperthyreose angewendet. Empfohlen f\u00fcr Krampfadern.<\/p>\n<h3><b>Walnuss\u00f6l zur Erinnerung<\/b><\/h3>\n<p>Walnuss\u00f6l verbessert die Elastizit\u00e4t der Gehirn kapillaren und n\u00e4hrt die Gehirnzellen. Omega-3-Fetts\u00e4uren stimulieren die Aktivit\u00e4t des Gehirns, da sie ein wesentlicher Bestandteil der Zellw\u00e4nde sind, die f\u00fcr die vollst\u00e4ndige \u00dcbertragung des Nervensignals erforderlich sind. Es hilft, die Aufmerksamkeit zu fokussieren und das Ged\u00e4chtnis zu st\u00e4rken, insbesondere f\u00fcr Menschen, die mit einer gro\u00dfen Menge an Informationen arbeiten. Verbessert die Denkfunktion und Lernf\u00e4higkeit.<\/p>\n<h3><b>Walnuss\u00f6l f\u00fcr das Herz<\/b><\/h3>\n<p>Walnuss\u00f6l ist ein bekanntes Mittel gegen Herz-Kreislauf-Erkrankungen. Durch die Reinigung der W\u00e4nde von Blutgef\u00e4\u00dfen werden diese elastisch. Es verhindert die Entwicklung von Atherosklerose, sch\u00fctzt das Herz vor Herzinfarkt, st\u00e4rkt die W\u00e4nde der Blutgef\u00e4\u00dfe, beugt Thrombophlebitis vor und erweitert kleine Gef\u00e4\u00dfe. Stabilisiert den Blutdruck, normalisiert die Herzfrequenz und senkt die Cholesterin Produktion.<\/p>\n<h3><b>Vorteilhafte Eigenschaften von Walnuss\u00f6l<\/b><\/h3>\n<p>Zunehmend wird nat\u00fcrliches Walnuss\u00f6l bei der komplexen Behandlung von Erkrankungen des Verdauungssystems verwendet: Gastritis, Kolitis, Magengeschw\u00fcre, und es hilft auch, den S\u00e4uregehalt des Magens zu senken. Es hat eine Anti-Tumorwirkung, erh\u00f6ht die Best\u00e4ndigkeit gegen Strahlenexposition und entfernt Radionuklide. Walnuss\u00f6l wird zur Vorbeugung von Knochen- und Gelenkerkrankungen verwendet, es unterst\u00fctzt die Struktur der intraartikul\u00e4ren Fl\u00fcssigkeit und hilft bei deren Wiederherstellung. Es heilt Wunden, Risse, wird zur Behandlung von Psoriasis und Ekzemen verwendet. Bei Kindern ist es an der Bildung von Emaille beteiligt, beeinflusst den Kohlenhydratstoffwechsel, bildet die Kerne der Nervenzellen und tr\u00e4gt zur vollst\u00e4ndigen geistigen, k\u00f6rperlichen und Pubert\u00e4t sowie zur Entwicklung bei. Auch empfohlen f\u00fcr schwache und sich langsam entwickelnde Kinder.<\/p>\n<h3><b>Walnuss\u00f6l f\u00fc<\/b><b>r Libido<\/b><\/h3>\n<p>Nat\u00fcrliches Walnuss\u00f6l erh\u00f6ht die Durchblutung im Genitalbereich und stimuliert die Spermatogenese und Libido.<\/p>\n<h3><b>Warum Wa<\/b><b>lnuss\u00f6l statt N\u00fcsse:<\/b><\/h3>\n<p>Walnusskerne sind sch\u00e4dlich bei Husten, Bronchitis, Diathese, Allergien, Asthma, Lungenentz\u00fcndung, Urtikaria, Ekzem, Psoriasis oder Neurodermitis. Waln\u00fcsse werden nicht f\u00fcr Menschen mit Gastritis, Kolitis, Enterokolitis,\u00a0Magen- oder Darmgeschw\u00fcre\u00a0empfohlen. \u00dcberm\u00e4\u00dfiger Verzehr von Waln\u00fcssen kann Kopfschmerzen und sogar Erbrechen verursachen. Inzwischen hat nat\u00fcrliches Walnuss\u00f6l eine therapeutische Wirkung auf diese Krankheiten. Der Unterschied zwischen der Verwendung von N\u00fcssen oder Butter erkl\u00e4rt sich durch das Vorhandensein von groben Fasern in den K\u00f6rnern und einer den Kern bedeckenden Filmschale, die aufgrund des hohen Gehalts an Tanninen und Bitterkeit die Arbeit der Bauchspeicheldr\u00fcse und der Leber beeintr\u00e4chtigt.<\/p>\n<h3><b>Nat\u00fcrliches Walnuss-Speise\u00f6l<\/b><\/h3>\n<p>Walnuss\u00f6l hat einen milden Geschmack und ein Aroma von Walnuss. Es ist perfekt f\u00fcr kalte Salate jeglicher Art. Mit \u00d6l bestreut k\u00f6nnen Sie gegrillten Fisch, Steaks, Gefl\u00fcgel und Nudeln sanft anreichern. Dieses \u00d6l wird nicht zum Kochen von warmen Gerichten empfohlen, da Omega-Fetts\u00e4uren hitzeempfindlich sind und ihre vorteilhafte Zusammensetzung \u00e4ndern.<\/p>\n<\/div>\n<\/div>\n","protected":false},"excerpt":{"rendered":"<p><b>Marke:\u00a0<\/b>Nefertiti for natural oils and herbs<br \/>\n<b>Herkunftsland:\u00a0<\/b>\u00c4gypten<br \/>\n<b>Versand:\u00a0<\/b>Berechnet an der Kasse<br \/>\n<b>Botanischer Name<\/b>: Juglans Regia<br \/>\n<b>Familie<\/b>: Jugland aceae<br \/>\n<b>INCI:<\/b>\u00a0Juglans Regia Samen\u00f6l<br \/>\n<b>Synonyme<\/b>: Walnut, \u0639\u064a\u0646 \u062c\u0645\u0644, Walnuss, \u0433\u0440\u0435\u0446\u043a\u0438\u0439 \u043e\u0440\u0435\u0445, \u0412\u043e\u043b\u043e\u0441\u044c\u043a\u0438\u0439 \u0433\u043e\u0440\u0456\u0445, noyer, Noce, \u6838\u6843<br \/>\n<b>Verwendete Teile<\/b>: N\u00fcsse<br \/>\n<b>Extraktionsmethode<\/b>: Wasserdampfdestillation<br \/>\n<b>Duft<\/b>: reichhaltig nussig<br \/>\n<b>Aussehen<\/b>: gelb bis Bernstein<br \/>\n<b>Physikalischer Zustand<\/b>: Fl\u00fcssigkeit<br \/>\n<b>Nat\u00fcrlich<\/b>: ja<br \/>\n<b>Reinheit<\/b>: 100 % rein<br \/>\n<b>Zertifikate:\u00a0<\/b>ISO, COA &amp; MSDS<br \/>\n<b>Komposition:<\/b>\u00a0 unges\u00e4ttigte, mehrfach unges\u00e4ttigte, ges\u00e4ttigte Fetts\u00e4uren, Protein und Kohlenhydrate.<\/p>\n","protected":false},"featured_media":12467,"comment_status":"open","ping_status":"closed","template":"","meta":[],"product_brand":[],"product_cat":[140],"product_tag":[],"class_list":{"0":"post-10300","1":"product","2":"type-product","3":"status-publish","4":"has-post-thumbnail","6":"product_cat-natural-oils","8":"first","9":"instock","10":"sale","11":"shipping-taxable","12":"purchasable","13":"product-type-variable","14":"has-default-attributes"},"_links":{"self":[{"href":"https:\/\/airshiptrips.com\/de\/wp-json\/wp\/v2\/product\/10300","targetHints":{"allow":["GET"]}}],"collection":[{"href":"https:\/\/airshiptrips.com\/de\/wp-json\/wp\/v2\/product"}],"about":[{"href":"https:\/\/airshiptrips.com\/de\/wp-json\/wp\/v2\/types\/product"}],"replies":[{"embeddable":true,"href":"https:\/\/airshiptrips.com\/de\/wp-json\/wp\/v2\/comments?post=10300"}],"wp:featuredmedia":[{"embeddable":true,"href":"https:\/\/airshiptrips.com\/de\/wp-json\/wp\/v2\/media\/12467"}],"wp:attachment":[{"href":"https:\/\/airshiptrips.com\/de\/wp-json\/wp\/v2\/media?parent=10300"}],"wp:term":[{"taxonomy":"product_brand","embeddable":true,"href":"https:\/\/airshiptrips.com\/de\/wp-json\/wp\/v2\/product_brand?post=10300"},{"taxonomy":"product_cat","embeddable":true,"href":"https:\/\/airshiptrips.com\/de\/wp-json\/wp\/v2\/product_cat?post=10300"},{"taxonomy":"product_tag","embeddable":true,"href":"https:\/\/airshiptrips.com\/de\/wp-json\/wp\/v2\/product_tag?post=10300"}],"curies":[{"name":"wp","href":"https:\/\/api.w.org\/{rel}","templated":true}]}}