{"id":10246,"date":"2025-10-08T12:22:17","date_gmt":"2025-10-08T12:22:17","guid":{"rendered":"https:\/\/megaroboticsacademy.com\/shop\/unkategorisiert\/coconut-oil\/"},"modified":"2025-11-17T22:48:32","modified_gmt":"2025-11-17T22:48:32","slug":"coconut-oil","status":"publish","type":"product","link":"https:\/\/airshiptrips.com\/de\/shop\/natural-oils\/coconut-oil\/","title":{"rendered":"Kokos\u00f6l"},"content":{"rendered":"<h3><\/h3>\n<h3><b>Nat\u00fcrliches Kokos\u00f6l<\/b><\/h3>\n<p>Kokos\u00f6l hat bei niedrigen Temperaturen eine wachsartige, harte Konsistenz, was auf die Laurin und Myristins\u00e4ure zur\u00fcckzuf\u00fchren ist. Auf der menschlichen Haut schmelzt Kokos\u00f6l sofort und dringt sehr leicht in die Haut ein. Kokos\u00f6l zieht gut ein, ohne fettige R\u00fcckst\u00e4nde auf der Haut zu hinterlassen. Nat\u00fcrliches Kokos\u00f6l bewahrt die Hautfeuchtigkeit, da Fetts\u00e4uren den Feuchtigkeitsverlust durch die Poren der Haut beseitigen sowie die Haut erweichen und ihr ein frisches und gesundes Aussehen verleihen. Verwenden Sie Kokosnuss\u00f6l nach einem Bad oder einer Dusche anstelle von K\u00f6rperlotion oder Creme. Kokos\u00f6l sollte auf noch feuchte Haut aufgetragen werden, da das \u00d6l dadurch besser und schneller aufgenommen werden kann. Nat\u00fcrliches Kokos\u00f6l kann Make-up leicht entfernen. Nat\u00fcrliches Kokosnuss-Schlankheit-\u00d6l unverd\u00fcnnt: nat\u00fcrliches Kokosnuss\u00f6l wird als \u201egutes Fett\u201c bezeichnet und gilt als vorteilhaft f\u00fcr den Gewichtsverlust und die allgemeine Gesundheit. Es hilft, Fett zu verbrennen, den Appetit zu reduzieren und ist besonders effektiv beim Abnehmen von Bauchfett, da die Substanzen in Kokosnuss\u00f6l den Stoffwechsel beschleunigen.<\/p>\n<h3><b>Vorteile von nat\u00fcrlichem Kokos\u00f6l<\/b><\/h3>\n<p>Es ist seit langem bekannt, dass Bio-Kokos\u00f6l den Gewichtsverlust f\u00f6rdert und den Stoffwechsel reguliert. Fast die H\u00e4lfte des nat\u00fcrlichen Kokos\u00f6ls ist Laurins\u00e4ure. Es ist eine Substanz, die auch die Immunit\u00e4t st\u00e4rkt.<\/p>\n<h3><b>Kokos\u00f6l f\u00fcr die Gesundheit der Haut<\/b><\/h3>\n<p>Kokos\u00f6l hat viele antioxidative, antibakterielle und antimykotische Eigenschaften, die die Alterung\u00a0der Haut verhindern und im Allgemeinen die Gesundheit unterst\u00fctzen. F\u00fcr viele, die noch nie nat\u00fcrliches Kokos\u00f6l verwendet haben, k\u00f6nnen die verschiedenen Bedingungen verwirrend sein. In k\u00e4lteren Klimazonen kann Kokos\u00f6l hart sein, wie Sahne oder sogar Wachs. Bei h\u00f6heren Temperaturen bleibt es jedoch fl\u00fcssig. Geben Sie f\u00fcr die Gesichtspflege etwas reines Kokosnuss\u00f6l, ob fest oder fl\u00fcssig, in Ihre Handfl\u00e4che, reiben Sie dann Ihre Handfl\u00e4chen aneinander und tragen Sie Kokosnuss\u00f6l auf die Haut der gew\u00fcnschten Stelle auf.<\/p>\n<h3><b>Nat\u00fcrliches Kokos\u00f6l f\u00fcr die Hautpflege<\/b><\/h3>\n<p>Kokos\u00f6l ist ein wunderbares Geschenk f\u00fcr Gesichts- und K\u00f6rperhaut. Es kann anstelle Ihrer normalen Feuchtigkeitslotion und sogar als Make-up-Entferner verwendet werden. Es entfernt Schuppen und Reizungen gut, einschlie\u00dflich der empfindlichen Haut um die Augen. Kosmetiker empfehlen die Verwendung von \u00d6l anstelle von Lippenbalsam. Wirkstoffe heilen Risse, s\u00e4ttigen Zellen mit Feuchtigkeit und bilden eine Schutzbarriere gegen K\u00e4lte, hohe Luftfeuchtigkeit und Temperatur\u00e4nderungen. Sehr oft wird Kokos\u00f6l als Basismassage\u00f6l verwendet, was auch auf sein attraktives Aroma und seine feuchtigkeitsspendenden Eigenschaften zur\u00fcckzuf\u00fchren ist. Kokos\u00f6l ist ein ausgezeichnetes Massage\u00f6l f\u00fcr die Haut und wirkt als wirksame Feuchtigkeitscreme f\u00fcr alle Hauttypen, einschlie\u00dflich trockener Haut.<\/p>\n<h3><b>Nat\u00fcrliches Kokos\u00f6l f\u00fcr das Haar<\/b><\/h3>\n<p>Die regelm\u00e4\u00dfige Verwendung von nat\u00fcrlichem Kokos\u00f6l in Form einer Haarmaske sch\u00fctzt das Haar vor den Auswirkungen der Umwelt, Chemikalien und den sch\u00e4dlichen Auswirkungen des Haartrockners. Nat\u00fcrliches Kokos\u00f6l \u00fcberzieht das Haar mit einem Schutzfilm (Laminierung-Effekt) und verhindert so ein weiteres Spalten der Haarspitzen. Frauen, die Bio-Kokos\u00f6l zur Haarpflege verwenden, k\u00f6nnen sich eines sch\u00f6nen, gesunden und \u00fcppigen Haares r\u00fchmen. Die K\u00f6nigin von \u00c4gypten Kleopatra kannte das Geheimnis der Sch\u00f6nheit, und ihr Lieblingsprodukt f\u00fcr die K\u00f6rperpflege war Kokos\u00f6l. Sie f\u00fcgte ihren ber\u00fchmten Badewannen Eselsmilch und Kokos\u00f6l hinzu. Dank dessen waren ihre Haut und Haare elastisch, weich und gesund.<\/p>\n<h3><b>Kokos\u00f6l beim Kochen<\/b><\/h3>\n<p>Kokos\u00f6l ist vielseitig und in der K\u00fcche unverzichtbar. Sie k\u00f6nnen es zum Backen oder\u00a0Braten verwenden (weil es nicht brennt und hitzebest\u00e4ndig ist). Kokos\u00f6l ersetzt perfekt Butter und wird zur Zubereitung verschiedener Gerichte oder Salate verwendet. Sie k\u00f6nnen Kokos\u00f6l verwenden, um einen Smoothie zuzubereiten, indem Sie Mango, Banane, Birne und mehrere Spinat bl\u00e4tter mischen. Wenn Sie Ihrer Ern\u00e4hrung t\u00e4glich einen halben Teel\u00f6ffel Kokos\u00f6l hinzuf\u00fcgen, erhalten Sie zus\u00e4tzliche Nahrungserg\u00e4nzungsmittel und fettl\u00f6sliche Vitamine (A, D, E, K), die in dieser Form von Ihrem K\u00f6rper gut aufgenommen werden.<\/p>\n<h3><b>Kokos\u00f6l f\u00fcr die Z\u00e4hne<\/b><\/h3>\n<p>Das Sp\u00fclen des Mundes\u00a0mit Kokosnuss\u00f6l tr\u00e4gt zur Aufrechterhaltung der Zahnfleischhygiene bei, st\u00e4rkt sie und beseitigt Blutungen. Die Verwendung von Kokos\u00f6l f\u00fcr die Z\u00e4hne bewirkt einen nat\u00fcrlichen Bleaching-Effekt.<\/p>\n<h3><b>Nat\u00fcrliches Kokos\u00f6l zum Br\u00e4unen<\/b><\/h3>\n<p>Kokos\u00f6l hat einen niedrigen Sonnenschutzfaktor (ca. 2-8 SPF), au\u00dferdem ist bei direkter Sonneneinstrahlung immer Vorsicht geboten.\u00a0Unsere Haut ist jedoch doppelt so gesund, wenn sie mit Kokos\u00f6l ges\u00e4ttigt und weniger direktem Sonnenlicht ausgesetzt ist. Kokos\u00f6l kann vor dem Br\u00e4unen verwendet werden (um schnell einen sch\u00f6nen bronzefarbenen Hautton zu erhalten). Nach dem Sonnenbaden wird empfohlen, die von der Sonne gereizte Haut mit Kokosnuss\u00f6l zu befeuchten und zu erweichen, was auch zur Erhaltung der Br\u00e4une beitr\u00e4gt. Kokos\u00f6l verleiht der Haut eine brillante Bronzefarbe und beugt trockener Haut vor. Dank der Verwendung von Kokos\u00f6l wird die Haut seidig, glatt und perfekt mit Feuchtigkeit versorgt.<\/p>\n","protected":false},"excerpt":{"rendered":"<p><b>Marke:\u00a0<\/b>Nefertiti for natural oils and herbs<br \/>\n<b>Versand:\u00a0<\/b>Berechnet an der Kasse<br \/>\n<b>Herkunftsland:\u00a0<\/b>\u00c4gypten<br \/>\n<b>Botanischer Name<\/b>: Cocos nucifera L.<br \/>\n<b>Familie<\/b>: Palmaceae<br \/>\n<b>INCI<\/b>: \u00a0Cocos nucifera (Kokosnuss) \u00d6l<br \/>\n<b>Synonyme<\/b>: Coconut, \u062c\u0648\u0632\u0629 \u0627\u0644\u0647\u0646\u062f, Kokosnuss, \u041a\u043e\u043a\u043e\u0441, \u041a\u043e\u043a\u043e\u0441\u043e\u0432\u0438\u0439 \u0433\u043e\u0440\u0456\u0445, Noix de coco, Noce di cocco, \u6930\u5b50<br \/>\n<b>Verwendete Teile<\/b>: Mark<br \/>\n<b>Extraktionsverfahren<\/b>: kalt gepresst<br \/>\n<b>Duft<\/b>: Kokosnuss<br \/>\n<b>Aussehen<\/b>: klar in fl\u00fcssigem Zustand und cremewei\u00df in fester Form<br \/>\n<b>Physikalischer Zustand<\/b>: fest vor einem Schmelzpunkt im Bereich von 24 bis 25 \u00b0C<br \/>\n<b>Nat\u00fcrlich<\/b>: ja<br \/>\n<b>Reinheit<\/b>: 100 % rein<br \/>\n<b>Zertifikate:\u00a0<\/b>ISO, COA &amp; MSDS<br \/>\n<b>Komposition:<\/b>: Vitamin E, Lactone, Aminos\u00e4uren, Triglyceriden<\/p>\n","protected":false},"featured_media":12422,"comment_status":"open","ping_status":"closed","template":"","meta":[],"product_brand":[],"product_cat":[140],"product_tag":[353,354,355,356],"class_list":{"0":"post-10246","1":"product","2":"type-product","3":"status-publish","4":"has-post-thumbnail","6":"product_cat-natural-oils","7":"product_tag-coconut-oil","8":"product_tag-natural-oils","9":"product_tag-oils","10":"product_tag-oils-for-skin","12":"first","13":"instock","14":"sale","15":"shipping-taxable","16":"purchasable","17":"product-type-variable","18":"has-default-attributes"},"_links":{"self":[{"href":"https:\/\/airshiptrips.com\/de\/wp-json\/wp\/v2\/product\/10246","targetHints":{"allow":["GET"]}}],"collection":[{"href":"https:\/\/airshiptrips.com\/de\/wp-json\/wp\/v2\/product"}],"about":[{"href":"https:\/\/airshiptrips.com\/de\/wp-json\/wp\/v2\/types\/product"}],"replies":[{"embeddable":true,"href":"https:\/\/airshiptrips.com\/de\/wp-json\/wp\/v2\/comments?post=10246"}],"wp:featuredmedia":[{"embeddable":true,"href":"https:\/\/airshiptrips.com\/de\/wp-json\/wp\/v2\/media\/12422"}],"wp:attachment":[{"href":"https:\/\/airshiptrips.com\/de\/wp-json\/wp\/v2\/media?parent=10246"}],"wp:term":[{"taxonomy":"product_brand","embeddable":true,"href":"https:\/\/airshiptrips.com\/de\/wp-json\/wp\/v2\/product_brand?post=10246"},{"taxonomy":"product_cat","embeddable":true,"href":"https:\/\/airshiptrips.com\/de\/wp-json\/wp\/v2\/product_cat?post=10246"},{"taxonomy":"product_tag","embeddable":true,"href":"https:\/\/airshiptrips.com\/de\/wp-json\/wp\/v2\/product_tag?post=10246"}],"curies":[{"name":"wp","href":"https:\/\/api.w.org\/{rel}","templated":true}]}}