{"id":10213,"date":"2025-10-08T12:22:18","date_gmt":"2025-10-08T12:22:18","guid":{"rendered":"https:\/\/megaroboticsacademy.com\/shop\/unkategorisiert\/hair-food-oil\/"},"modified":"2025-11-17T22:37:33","modified_gmt":"2025-11-17T22:37:33","slug":"hair-food-oil","status":"publish","type":"product","link":"https:\/\/airshiptrips.com\/de\/shop\/cosmetics\/hair-food-oil\/","title":{"rendered":"Haarn\u00e4hrungs\u00f6l"},"content":{"rendered":"<div class=\"woocommerce-tabs wc-tabs-wrapper\">\n<div id=\"tab-description\" class=\"woocommerce-Tabs-panel woocommerce-Tabs-panel--description panel entry-content wc-tab\" role=\"tabpanel\" aria-labelledby=\"tab-title-description\">\n<h3><b>Vorteile der nat\u00fcrlichen Haarmischung<\/b><\/h3>\n<p>Nat\u00fcrliche Haarmischung wird sehr sorgf\u00e4ltig und mit hochwertigen nat\u00fcrlichen \u00d6len formuliert.\u00a0Die nat\u00fcrliche feuchtigkeitsspendende Wirkung erh\u00f6ht\u00a0die Aktivit\u00e4t der nat\u00fcrlichen Haar\u00f6lmischung, um gesch\u00e4digtes Haar tief zu n\u00e4hren und zu reparieren. Die Kr\u00e4uter-Haar\u00f6lmischung hat einen nat\u00fcrlichen Lichtschutzfaktor und kann verwendet werden, um Ihr Haar vor den sch\u00e4dlichen Auswirkungen von UV-Strahlung zu sch\u00fctzen.<\/p>\n<p>Ein beeindruckender Cocktail sorgf\u00e4ltig ausgew\u00e4hlter Inhaltsstoffe zur Pflege und Behandlung des Haares mit allen notwendigen n\u00fctzlichen Inhaltsstoffen, zur dauerhaften Fixierung von Feuchtigkeit und Volumen des Haares sowie zur Bereitstellung der regenerierenden Inhaltsstoffe, die f\u00fcr die Gesundheit Ihres Haares unerl\u00e4sslich sind.<\/p>\n<h3><b>Nat\u00fcrliche \u00d6lmischung \u2013 Haarsp\u00fclung<\/b><\/h3>\n<p>Diese nat\u00fcrliche Mischung aus Haar\u00f6len eignet sich hervorragend zur Tiefen pflege, zur St\u00e4rkung des Haares und f\u00fcr ein gepflegtes und gesundes Aussehen. Unsere Mischung aus nat\u00fcrlichen \u00d6len ist eine\u00a0hochwirksames Feuchtigkeits\u00f6l\u00a0f\u00fcr trockenes, spr\u00f6des und strapaziertes Haar. Die Mischung pflegt und befeuchtet das Haar und bildet eine Schicht, um es vor aggressiven Umwelteinfl\u00fcssen zu sch\u00fctzen.<\/p>\n<h3><b>Nat\u00fcrliche \u00d6lmischung f\u00fcr die Haarpflege<\/b><\/h3>\n<p>Die \u00d6lmischung hat eine hervorragende Wirkung auf das Haar, hat eine leichte Textur,\u00a0kann perfekt ausgewaschen werden,\u00a0wird nicht fettig und belastet es nicht. Der \u00d6lkomplex beugt Haarausfall vor, st\u00e4rkt den Haarfollikel, beseitigt Schuppen, beugt Spr\u00f6digkeit und Trockenheit vor, bek\u00e4mpft Spliss und stellt die Struktur von gesch\u00e4digtem und gef\u00e4rbtem Haar wieder her.<\/p>\n<p>Das \u00d6l kommt gut mit Pilzinfektionen und Hautreizungen zurecht und verhindert aufgrund seiner hohen biologischen Aktivit\u00e4t das Auftreten von grauem Haar. Diese \u00d6lmischung ist ein nat\u00fcrliches Stimulans f\u00fcr das Haarwachstum und kann verwendet werden, um maximale Haardichte und -l\u00e4nge zu erreichen. Bei regelm\u00e4\u00dfiger Anwendung der Mischung erh\u00e4lt das Haar Glanz, Weichheit und Seidigkeit, wird deutlich gest\u00e4rkt und dichter, glatter und elastischer.<\/p>\n<h3><b>Pflegende Eigenschaften der nat\u00fcrlichen Haarmischung<\/b><\/h3>\n<p>Die nat\u00fcrliche Haar\u00f6lmischung enth\u00e4lt wichtige Vitamine wie Vitamin A, B, D und E. Sie enth\u00e4lt au\u00dferdem Protein, Aminos\u00e4uren, Eisen, Kupfer, Magnesium und Fols\u00e4ure. Dies sind die N\u00e4hrstoffe, die unsere Haar\u00f6lmischung zu einem idealen Produkt machen, das Sch\u00e4den vorbeugen und ein gesundes Haarwachstum f\u00f6rdern kann.<\/p>\n<h3><b>Wie man nat\u00fcrliche Haar\u00f6lmischung verwendet<\/b><\/h3>\n<p>Massieren Sie die Kopfhaut mit einer kleinen Menge \u00d6l und verteilen Sie sie 30 Minuten vor dem Shampoonieren gleichm\u00e4\u00dfig \u00fcber die gesamte Haarl\u00e4nge.<\/p>\n<\/div>\n<\/div>\n","protected":false},"excerpt":{"rendered":"<p><b>Marke<\/b>: Nefertiti for natural Oils and herbs<br \/>\n<b>Herkunftsland<\/b>: \u00c4gypten<br \/>\n<b>Zusammensetzung:\u00a0<\/b>Schwarzk\u00fcmmel\u00f6l, Jojoba\u00f6l, Argan\u00f6l, Rucola \u00d6l, Rizinus\u00f6l, Weizenkeim\u00f6l, Kokos\u00f6l, \u00e4therische \u00d6le<br \/>\n<b>INCI<\/b>:\u00a0Nat\u00fcrliche \u00d6le zur Haarbehandlung<br \/>\n<b>Anwendung<\/b>:\u00a0Kosmetik; Haarpflege<br \/>\n<b>Duft<\/b>:\u00a0Erdige Kr\u00e4uter<br \/>\n<b>Aussehen<\/b>:\u00a0Dunkelgr\u00fcn bis braun<br \/>\n<b>Physikalischer Zustand<\/b>: Fl\u00fcssigkeit<br \/>\n<b>Nat\u00fcrlich<\/b>: Ja<br \/>\n<b>Reinheit<\/b>: 100 % rein<br \/>\n<b>Zertifiziert<\/b>: ISO, COA &amp; MSDS<br \/>\n<b>Versand<\/b>: Wird an der Kasse berechnet<\/p>\n","protected":false},"featured_media":12394,"comment_status":"open","ping_status":"closed","template":"","meta":[],"product_brand":[],"product_cat":[181],"product_tag":[],"class_list":{"0":"post-10213","1":"product","2":"type-product","3":"status-publish","4":"has-post-thumbnail","6":"product_cat-cosmetics","8":"first","9":"instock","10":"sale","11":"shipping-taxable","12":"purchasable","13":"product-type-variable","14":"has-default-attributes"},"_links":{"self":[{"href":"https:\/\/airshiptrips.com\/de\/wp-json\/wp\/v2\/product\/10213","targetHints":{"allow":["GET"]}}],"collection":[{"href":"https:\/\/airshiptrips.com\/de\/wp-json\/wp\/v2\/product"}],"about":[{"href":"https:\/\/airshiptrips.com\/de\/wp-json\/wp\/v2\/types\/product"}],"replies":[{"embeddable":true,"href":"https:\/\/airshiptrips.com\/de\/wp-json\/wp\/v2\/comments?post=10213"}],"wp:featuredmedia":[{"embeddable":true,"href":"https:\/\/airshiptrips.com\/de\/wp-json\/wp\/v2\/media\/12394"}],"wp:attachment":[{"href":"https:\/\/airshiptrips.com\/de\/wp-json\/wp\/v2\/media?parent=10213"}],"wp:term":[{"taxonomy":"product_brand","embeddable":true,"href":"https:\/\/airshiptrips.com\/de\/wp-json\/wp\/v2\/product_brand?post=10213"},{"taxonomy":"product_cat","embeddable":true,"href":"https:\/\/airshiptrips.com\/de\/wp-json\/wp\/v2\/product_cat?post=10213"},{"taxonomy":"product_tag","embeddable":true,"href":"https:\/\/airshiptrips.com\/de\/wp-json\/wp\/v2\/product_tag?post=10213"}],"curies":[{"name":"wp","href":"https:\/\/api.w.org\/{rel}","templated":true}]}}