{"id":10177,"date":"2025-10-08T12:23:33","date_gmt":"2025-10-08T12:23:33","guid":{"rendered":"https:\/\/megaroboticsacademy.com\/shop\/unkategorisiert\/shea-butter\/"},"modified":"2025-11-17T21:46:47","modified_gmt":"2025-11-17T21:46:47","slug":"shea-butter","status":"publish","type":"product","link":"https:\/\/airshiptrips.com\/de\/shop\/cosmetics\/shea-butter\/","title":{"rendered":"Shea Butter"},"content":{"rendered":"<h3><b>SHEABUTTER\u00a0<\/b><\/h3>\n<p>Sheabutter wird aus den Kernen der Shea Fr\u00fcchte gewonnen. Shea-Fr\u00fcchte sind die Beeren des Karite-Baums, dessen Kerne als Karite-N\u00fcsse bekannt sind. Die riesigen B\u00e4ume wachsen in Afrika, s\u00fcdlich der Sahara. Dort gelten sie als heilig und d\u00fcrfen weder verletzt noch gef\u00e4llt werden. Die aus den Kernen hergestellte Sheabutter enth\u00e4lt einen Gro\u00dfteil an Fett- und \u00d6ls\u00e4uren sowie Vitamin E. Dies macht sie zu einem beliebten Hautpflegeprodukt, da sie der Haut Feuchtigkeit und einen Schutzmantel spendet. Da Sheabutter tief in die Haut eindringt, k\u00f6nnen sich dort ihre Wirkstoffe entfalten. Sie sch\u00fctzen die Haut nachhaltig vor Austrocknung und Faltenbildung. Dar\u00fcber hinaus sind die Schmerzmittel in Sheabutter n\u00fctzlich bei der Behandlung von Schmerzen bei entz\u00fcndlichen Gelenkerkrankungen.<\/p>\n<h3><b>Zusammensetzung aus Sheabutter<\/b><\/h3>\n<p>Die unverseifbaren Anteile, also die Anteile, die durch normale Haut- oder Haarw\u00e4sche nicht abgesp\u00fclt werden k\u00f6nnen, liegen bei etwa 11 %. Eine wichtige Rolle spielt der Bestandteil Allantoin, der entz\u00fcndungshemmende Eigenschaften besitzt und so zu einer schnellen Wundheilung beitr\u00e4gt. So tragen die Bestandteile der Sheabutter auch zur Heilung von Ekzemen und Neurodermitis bei.<\/p>\n<p>Die Zusammensetzung umfasst Triterpene und Triterpenalkohole:<\/p>\n<p>Stearins\u00e4ure \u00a0 \u00a0 \u00a0 \u00a0 \u00a0 \u00a0 \u00a0 Allantoin<\/p>\n<p>Linoleum \u00a0 \u00a0 \u00a0 \u00a0 \u00a0 \u00a0 \u00a0 \u00a0 \u00a0 \u00a0 Vitamin E<\/p>\n<p>Palmitins\u00e4ure\u00a0 \u00a0 \u00a0 \u00a0 \u00a0 \u00a0 \u00a0 Beta-Carotin<\/p>\n<h3><b>Sheabutter zur Hautpflege<\/b><\/h3>\n<p>Mit ihren pflegenden und sch\u00fctzenden Inhaltsstoffen hilft Sheabutter, beanspruchte Haut wieder weich und geschmeidig zu machen. Sheabutter eignet sich als Hautpflegemittel zur Behandlung von Narben, Ekzemen, Neurodermitis und Verbrennungen, zur Pflege rissiger, trockener Haut, zur Linderung juckender, schuppiger Haut und Hautausschl\u00e4ge sowie zur Pflege nach dem Sonnenbad. Die regelm\u00e4\u00dfige Anwendung von Sheabutter beugt der Entstehung von Dehnungsstreifen und Falten vor.<\/p>\n<h3><b>Sheabutter zur Behandlung rheumatischer Schmerzen<\/b><\/h3>\n<p>Sheabutter hat einen sehr niedrigen Schmelzpunkt und verwandelt sich bei Kontakt mit der K\u00f6rpertemperatur in \u00d6l. Daher eignet es sich hervorragend zur Anwendung mit einer leichten Massage bei entz\u00fcndlichem Rheuma. Seine schmerzlindernden Eigenschaften tragen zur Linderung rheumatischer Schmerzen bei.<\/p>\n<h3><b>Sheabutter zur Haarpflege<\/b><\/h3>\n<p>Sheabutter hat sich als geeignetes Produkt gegen trockenes Haar und Spliss erwiesen. Sheabutter hilft, mit ihren Inhaltsstoffen spr\u00f6dem und kraftlosem Haar wieder gesund zu werden. Dar\u00fcber hinaus bietet Sheabutter Schutz vor sch\u00e4dlichen Umwelteinfl\u00fcssen. Am besten verwenden Sie Sheabutter \u00fcber Nacht. Dazu etwas Sheabutter vom Haaransatz bis in die Spitzen einmassieren, die Haare eine halbe Stunde lang in ein Handtuch wickeln und das Kissen vor dem Schlafengehen mit einem Handtuch sch\u00fctzen. Am n\u00e4chsten Morgen auswaschen. Danach f\u00fchlen sich die Haare wieder geschmeidig an.<\/p>\n<h3><b>Anwendung von Sheabutter<\/b><\/h3>\n<p>Vor der Anwendung auf Haut und Haar sollte man etwas Sheabutter in die H\u00e4nde geben, da diese durch die K\u00f6rpertemperatur schnell schmilzt und sich leichter auf Haut und Haar verteilen l\u00e4sst.<\/p>\n","protected":false},"excerpt":{"rendered":"<p>F\u00fcr alle Hauttypen geeignet. Zieht tief in die Haut ein, um die Zellaktivit\u00e4t zu n\u00e4hren und zu stimulieren. Repariert gesch\u00e4digte und trockene Haut. Sch\u00fctzt vor Falten und Dehnungsstreifen. Lindert entz\u00fcndliche Gelenkerkrankungen. Bek\u00e4mpft trockenes, spr\u00f6des und lebloses Haar und repariert Spliss.<br \/>\n<b>Botanischer Name:<\/b>\u00a0Vitellaria paradoxa<br \/>\n<b>Familie:<\/b>\u00a0Sapotaceae<br \/>\n<b>Verwendete Teile:<\/b>\u00a0Kerne<br \/>\n<b>Nat\u00fcrlich:<\/b>\u00a0Ja<br \/>\n<b>Reinheit:<\/b>\u00a0100 % rein<br \/>\n<b>Zertifiziert:\u00a0<\/b>ISO, COA und MSDS<br \/>\n<b>Inhaltsstoffe:<\/b>\u00a0Triterpene, Triterpenalkohole, Stearins\u00e4ure, Allantoin, Linolens\u00e4ure, Vitamin E, Palmitins\u00e4ure, Beta-Carotin<br \/>\n<b>Herkunftsland:<\/b>\u00a0\u00c4gypten<br \/>\n<b>Marke:\u00a0<\/b>Nefertiti for natural oils &amp; herbs<\/p>\n","protected":false},"featured_media":12363,"comment_status":"open","ping_status":"closed","template":"","meta":[],"product_brand":[],"product_cat":[181,199],"product_tag":[],"class_list":{"0":"post-10177","1":"product","2":"type-product","3":"status-publish","4":"has-post-thumbnail","6":"product_cat-cosmetics","7":"product_cat-butter","9":"first","10":"instock","11":"sale","12":"shipping-taxable","13":"purchasable","14":"product-type-variable","15":"has-default-attributes"},"_links":{"self":[{"href":"https:\/\/airshiptrips.com\/de\/wp-json\/wp\/v2\/product\/10177","targetHints":{"allow":["GET"]}}],"collection":[{"href":"https:\/\/airshiptrips.com\/de\/wp-json\/wp\/v2\/product"}],"about":[{"href":"https:\/\/airshiptrips.com\/de\/wp-json\/wp\/v2\/types\/product"}],"replies":[{"embeddable":true,"href":"https:\/\/airshiptrips.com\/de\/wp-json\/wp\/v2\/comments?post=10177"}],"wp:featuredmedia":[{"embeddable":true,"href":"https:\/\/airshiptrips.com\/de\/wp-json\/wp\/v2\/media\/12363"}],"wp:attachment":[{"href":"https:\/\/airshiptrips.com\/de\/wp-json\/wp\/v2\/media?parent=10177"}],"wp:term":[{"taxonomy":"product_brand","embeddable":true,"href":"https:\/\/airshiptrips.com\/de\/wp-json\/wp\/v2\/product_brand?post=10177"},{"taxonomy":"product_cat","embeddable":true,"href":"https:\/\/airshiptrips.com\/de\/wp-json\/wp\/v2\/product_cat?post=10177"},{"taxonomy":"product_tag","embeddable":true,"href":"https:\/\/airshiptrips.com\/de\/wp-json\/wp\/v2\/product_tag?post=10177"}],"curies":[{"name":"wp","href":"https:\/\/api.w.org\/{rel}","templated":true}]}}