{"id":10168,"date":"2025-10-08T12:22:27","date_gmt":"2025-10-08T12:22:27","guid":{"rendered":"https:\/\/megaroboticsacademy.com\/shop\/unkategorisiert\/rose-shea-butter\/"},"modified":"2025-11-17T21:35:44","modified_gmt":"2025-11-17T21:35:44","slug":"rose-shea-butter","status":"publish","type":"product","link":"https:\/\/airshiptrips.com\/de\/shop\/cosmetics\/rose-shea-butter\/","title":{"rendered":"Sheabutter mit Rosen\u00f6l"},"content":{"rendered":"<p>Sheabutter wird aus den N\u00fcssen des Shea Baumes gewonnen. Es enth\u00e4lt haupts\u00e4chlich Fett- und \u00d6ls\u00e4ure sowie Vitamin E und ist damit ein beliebtes Hautpflegeprodukt, da es die Haut mit Feuchtigkeit versorgt und sch\u00fctzt. Sheabutter dringt tief in die Haut ein und die Wirkstoffe pflegen die Haut effektiv, f\u00f6rdern die Wundheilung und stimulieren die Zellaktivit\u00e4t, sch\u00fctzen die Haut vor dem Austrocknen und Faltenbildung. Ein hervorragender Rundumschutz gegen K\u00e4lte, Wind, Sonne und allt\u00e4gliche Umwelteinfl\u00fcsse.<\/p>\n<h3><b>Rosen\u00f6l<\/b><\/h3>\n<p>Rosen\u00f6l ist ein ideales Hautpflegeprodukt und enth\u00e4lt die Vitamine A und C, Beta-Carotin, Lycopin sowie Omega 6 und 9 Fetts\u00e4uren. Es ist f\u00fcr alle Hauttypen geeignet. Der Gehalt an unges\u00e4ttigten Fetts\u00e4uren erh\u00e4lt und verbessert die Elastizit\u00e4t und den Feuchtigkeitshaushalt der Haut. Seine entz\u00fcndungshemmenden und antibakteriellen Eigenschaften helfen, fettige Haut zu bek\u00e4mpfen und sind eine wirksame Behandlung von Akne. Die Inhaltsstoffe beruhigen die Haut und reduzieren feine Linien und F\u00e4ltchen, was Rosen\u00f6l zu einem idealen Anti-Aging-\u00d6l macht.<\/p>\n<h3><b>Welche Wirkung hat die Kombination von Sheabutter mit Rosen\u00f6l?<\/b><\/h3>\n<p>Sie erg\u00e4nzen sich gegenseitig in ihren therapeutischen Eigenschaften und heilen und reparieren gemeinsam Erkrankungen wie Akne, Ekzeme oder Psoriasis, w\u00e4hrend sie die Haut im Allgemeinen pflegen. Sowohl Sheabutter als auch Rosen\u00f6l sind starke Antioxidantien und k\u00f6nnen die Wirkung freier Radikale reduzieren und entgegenwirken und zum Schutz vor Hautsch\u00e4den, einschlie\u00dflich Entz\u00fcndungen und vorzeitiger Hautalterung, beitragen. Diese Kombination hilft feine Linien und F\u00e4ltchen zu reduzieren und ist bekannt f\u00fcr ihre wundheilenden Eigenschaften, besonders wirksam bei fettiger oder zu Akne neigender Haut.<\/p>\n<h3><b>Sheabutter mit Rosen\u00f6l zur Wundheilung<\/b><\/h3>\n<p>Die antiseptische Wirkung von Sheabutter mit Rosen\u00f6l hilft bei kleineren Wunden und Hautinfektionen. Trockene Haut wird nach dem Auftragen dieser Creme weicher und Juckreiz wird beseitigt. Sheabutter mit Rosen\u00f6l bildet eine Schutzschicht auf der Haut und verhindert das Eindringen von Bakterien.<\/p>\n<h3><b>Sheabutter mit Rosen\u00f6l zur Massage<\/b><\/h3>\n<p>Sheabutter mit Rosen\u00f6l ist ein hervorragendes Massagemittel, es wirkt wunderbar entspannend und macht die Haut seidig weich.<\/p>\n<h3><b>Sheabutter mit Rosen\u00f6l f\u00fcr Haare und Kopfhaut<\/b><\/h3>\n<p>Bei trockener Kopfhaut empfiehlt es sich, etwas Sheabutter mit Rosen\u00f6l aufzutragen, indem man es mit den Fingerspitzen in die Kopfhaut einmassiert. Auch bei sehr trockenem Haar Sheabutter mit Rosen\u00f6l auftragen. Wenden Sie diese Behandlung nicht mehr als einmal pro Woche an, um ein Fetten der Haare zu vermeiden.<\/p>\n<h3><b>Sheabutter mit Rosen\u00f6l zur Hautpflege nach dem Baden<\/b><\/h3>\n<p>Nach dem Baden oder Duschen Sheabutter mit Rosen\u00f6l auf die noch leicht feuchte Haut auftragen. Es tr\u00e4gt eine Schutzschicht auf die Haut auf, die sie glatt und samtig anf\u00fchlt.<\/p>\n<h3><b>Entspannende Sheabutter mit Rosen\u00f6l<\/b><\/h3>\n<p>Der Anteil an \u00e4therischem Rosen\u00f6l in der Sheabutter wirkt entspannend auf die Sinne, so sorgt der herrliche Duft der Rose in Kombination mit Sheabutter f\u00fcr ein angenehm aromatisches Erlebnis.<\/p>\n","protected":false},"excerpt":{"rendered":"<p>Die un\u00fcbertroffen heilenden und anregenden Eigenschaften von Rosen\u00f6l, kombiniert mit der pflegenden Wirkung von Sheabutter. Falten, Akne, Wunden, Verbrennungen profitieren sehr von der angenehmen Pflege dieser pflegenden Creme.<br \/>\n<b>Marke:<\/b>\u00a0Nefertiti f\u00fcr nat\u00fcrliche \u00d6le und Kr\u00e4uter<br \/>\n<b>Herkunftsland:<\/b>\u00a0\u00c4gypten<br \/>\n<b>Botanischer Name:<\/b>\u00a0Vitellaria paradoxa\/ Rosaceae<br \/>\n<b>Familie:<\/b>\u00a0Sapotaceae\/ Rosaceae<br \/>\n<b>Verwendete Teile:<\/b>\u00a0Kerne\/Bl\u00fctenbl\u00e4tter<br \/>\n<b>Nat\u00fcrlich:\u00a0<\/b>ja<br \/>\n<b>Reinheit:<\/b>\u00a0100% rein<br \/>\n<b>Zertifizierung:<\/b>\u00a0ISO, COA &amp; MSDS<br \/>\n<b>Botanische Zusammensetzung:\u00a0<\/b>Triterpene, Triterpenalkohole, Stearins\u00e4ure, Allantoin, Linolens\u00e4ure, Vitamin E, Palmitins\u00e4ure, Beta-Carotin\/Vitamine A und C, Beta-Carotin, Lycopin, die Omega-6- und Omega-9-Fetts\u00e4uren<\/p>\n","protected":false},"featured_media":12359,"comment_status":"open","ping_status":"closed","template":"","meta":[],"product_brand":[],"product_cat":[181,199],"product_tag":[],"class_list":{"0":"post-10168","1":"product","2":"type-product","3":"status-publish","4":"has-post-thumbnail","6":"product_cat-cosmetics","7":"product_cat-butter","9":"first","10":"instock","11":"sale","12":"shipping-taxable","13":"purchasable","14":"product-type-variable","15":"has-default-attributes"},"_links":{"self":[{"href":"https:\/\/airshiptrips.com\/de\/wp-json\/wp\/v2\/product\/10168","targetHints":{"allow":["GET"]}}],"collection":[{"href":"https:\/\/airshiptrips.com\/de\/wp-json\/wp\/v2\/product"}],"about":[{"href":"https:\/\/airshiptrips.com\/de\/wp-json\/wp\/v2\/types\/product"}],"replies":[{"embeddable":true,"href":"https:\/\/airshiptrips.com\/de\/wp-json\/wp\/v2\/comments?post=10168"}],"wp:featuredmedia":[{"embeddable":true,"href":"https:\/\/airshiptrips.com\/de\/wp-json\/wp\/v2\/media\/12359"}],"wp:attachment":[{"href":"https:\/\/airshiptrips.com\/de\/wp-json\/wp\/v2\/media?parent=10168"}],"wp:term":[{"taxonomy":"product_brand","embeddable":true,"href":"https:\/\/airshiptrips.com\/de\/wp-json\/wp\/v2\/product_brand?post=10168"},{"taxonomy":"product_cat","embeddable":true,"href":"https:\/\/airshiptrips.com\/de\/wp-json\/wp\/v2\/product_cat?post=10168"},{"taxonomy":"product_tag","embeddable":true,"href":"https:\/\/airshiptrips.com\/de\/wp-json\/wp\/v2\/product_tag?post=10168"}],"curies":[{"name":"wp","href":"https:\/\/api.w.org\/{rel}","templated":true}]}}