{"id":10159,"date":"2025-10-08T12:22:27","date_gmt":"2025-10-08T12:22:27","guid":{"rendered":"https:\/\/megaroboticsacademy.com\/shop\/unkategorisiert\/coconut-shea-butter\/"},"modified":"2025-11-17T21:28:31","modified_gmt":"2025-11-17T21:28:31","slug":"kakao-shea-butter","status":"publish","type":"product","link":"https:\/\/airshiptrips.com\/de\/shop\/cosmetics\/kakao-shea-butter\/","title":{"rendered":"Kokos-Shea Butter"},"content":{"rendered":"<h3><b>Sheabutter mit Kakaobutter<\/b><\/h3>\n<p>Nachdem die Kakaobohnen an der Sonne getrocknet und gesch\u00e4lt wurden, werden sie zu einer Paste vermahlen, aus der eine hochwertige Butter gepresst wird. Kakaobutter entsteht durch Verfestigung. Je nach Qualit\u00e4t gibt es unterschiedliche Anwendungen. Kakaobutter wird f\u00fcr ihren Schmelzpunkt gesch\u00e4tzt, der ungef\u00e4hr der K\u00f6rpertemperatur entspricht, und auch weil sie ein stabiles Produkt ist, da ihre Antioxidantien das Ranzigwerden verhindern und eine lange Haltbarkeit gew\u00e4hrleisten.<\/p>\n<h3><b>Kakaobutter Zusammensetzung<\/b><\/h3>\n<p>Kakaobutter besteht haupts\u00e4chlich aus \u00d6l- und Stearins\u00e4ure, aber auch aus Palmitin- und Linols\u00e4ure. Es enth\u00e4lt auch Sterole und Methylsterole. Der hohe Gehalt an ges\u00e4ttigten Fetts\u00e4uren umfasst etwa zwei Drittel und sorgt daf\u00fcr, dass Kakaobutter bis zu zwei Jahre k\u00fchl und dunkel gelagert werden kann. Kakaobutter enth\u00e4lt Vitamine wie K und E. Im Kakao vorkommende Stoffe wie Koffein, Theobromin und Phenylethylamin wirken anregend und stimmungsaufhellend. Cocoheal (N-Phenylpropanoyl-L-Aminos\u00e4uren) f\u00f6rdert die Zellerneuerung und Wundheilung der Haut und beugt Falten vor.<\/p>\n<h3><b>Kakaobutter zur Hautpflege<\/b><\/h3>\n<p>Kakaobutter ist ideal f\u00fcr die Haut und daher vielseitig in der Kosmetikindustrie einsetzbar, sie findet sich in vielen kostbaren Cremes wieder. Es ist ein ausgezeichneter Lieferant von Vitaminen und Aminos\u00e4uren. Kakaobutter sorgt f\u00fcr die gew\u00fcnschte cremige Wirkung von Cremes und K\u00f6rperlotionen. Die Verwendung von Kakaobutter hilft, der Haut Elastizit\u00e4t zu verleihen.<\/p>\n<p>Kakaobutter ist ideal zur Vorbeugung und Reduzierung von Dehnungsstreifen. Kakaobutter findet sich in vielen Anti-Aging-Kosmetika, weil sie F\u00e4ltchen gl\u00e4ttet und sogar f\u00fcr die empfindliche Haut um die Augen geeignet ist.<\/p>\n<p>Kakaobutter ist auch ein sehr effektiver Lippenbalsam.<\/p>\n<h3><b>Kakaobutter als St\u00e4rkungsmittel<\/b><\/h3>\n<p>Kakaobutter wird seit langem zur Herstellung verschiedener therapeutischer Salben verwendet. Es hilft, Verbrennungen effizient zu pflegen, Narben zu reduzieren und ist ein hervorragendes Mittel zur Pflege der empfindlichsten Haut.<\/p>\n<h3><b>Kakaobutter in der manuellen Therapie<\/b><\/h3>\n<p>Kakaobutter ist ein beliebtes Massagemittel. Es ist leicht erw\u00e4rmt, ideal f\u00fcr eine Ganzk\u00f6rpermassage. In Kombination mit Sheabutter sorgt Kakaobutter daf\u00fcr, dass Sie die Massage in vollen Z\u00fcgen genie\u00dfen k\u00f6nnen.<\/p>\n<h3><b>Kakaobutter in der Kosmetik<br \/>\n<\/b><\/h3>\n<p>Kakaobutter ist eine beliebte Zutat in Seifen Produkten. Es dient als Basis\u00f6l, w\u00e4hrend es n\u00e4hrt, beruhigt, Feuchtigkeit spendet und die Wundheilung f\u00f6rdert. Durch die Verwendung dieser Seife wird die Haut weich und geschmeidig. Dar\u00fcber hinaus wird Kakaobutter wegen ihres angenehmen Aromas zur Herstellung verschiedener Lotionen und Balsame verwendet.<br \/>\nKakaobutter wird nicht f\u00fcr fettige Haut empfohlen.<\/p>\n","protected":false},"excerpt":{"rendered":"<p>Die Kombination von Sheabutter mit Kokos\u00f6l hat pflegende und feuchtigkeitsspendende Eigenschaften f\u00fcr Haut und Haar. Es macht die Haut weich und geschmeidig und ist besonders f\u00fcr trockene Haut geeignet.<br \/>\n<b>Marke:<\/b>\u00a0Nefertiti f\u00fcr nat\u00fcrliche \u00d6le und Kr\u00e4uter<br \/>\n<b>Herkunftsland:<\/b>\u00a0\u00c4gypten<br \/>\n<b>Botanischer Name:<\/b>\u00a0Cocos nucifera<br \/>\n<b>Familie:<\/b>\u00a0Arecaceae<br \/>\n<b>Verwendete Teile:<\/b>\u00a0Fr\u00fcchte<br \/>\n<b>Nat\u00fcrlich:\u00a0<\/b>ja<br \/>\n<b>Reinheit:<\/b>\u00a0100% rein<br \/>\n<b>Zertifizierung:<\/b>\u00a0ISO, COA &amp; MSDS<br \/>\n<b>Botanische Zusammensetzung:\u00a0<\/b>triglycerides, minerals, amino acids, vitamin E, and lactones<\/p>\n","protected":false},"featured_media":12355,"comment_status":"open","ping_status":"closed","template":"","meta":[],"product_brand":[],"product_cat":[181,199],"product_tag":[],"class_list":{"0":"post-10159","1":"product","2":"type-product","3":"status-publish","4":"has-post-thumbnail","6":"product_cat-cosmetics","7":"product_cat-butter","9":"first","10":"instock","11":"sale","12":"shipping-taxable","13":"purchasable","14":"product-type-variable","15":"has-default-attributes"},"_links":{"self":[{"href":"https:\/\/airshiptrips.com\/de\/wp-json\/wp\/v2\/product\/10159","targetHints":{"allow":["GET"]}}],"collection":[{"href":"https:\/\/airshiptrips.com\/de\/wp-json\/wp\/v2\/product"}],"about":[{"href":"https:\/\/airshiptrips.com\/de\/wp-json\/wp\/v2\/types\/product"}],"replies":[{"embeddable":true,"href":"https:\/\/airshiptrips.com\/de\/wp-json\/wp\/v2\/comments?post=10159"}],"wp:featuredmedia":[{"embeddable":true,"href":"https:\/\/airshiptrips.com\/de\/wp-json\/wp\/v2\/media\/12355"}],"wp:attachment":[{"href":"https:\/\/airshiptrips.com\/de\/wp-json\/wp\/v2\/media?parent=10159"}],"wp:term":[{"taxonomy":"product_brand","embeddable":true,"href":"https:\/\/airshiptrips.com\/de\/wp-json\/wp\/v2\/product_brand?post=10159"},{"taxonomy":"product_cat","embeddable":true,"href":"https:\/\/airshiptrips.com\/de\/wp-json\/wp\/v2\/product_cat?post=10159"},{"taxonomy":"product_tag","embeddable":true,"href":"https:\/\/airshiptrips.com\/de\/wp-json\/wp\/v2\/product_tag?post=10159"}],"curies":[{"name":"wp","href":"https:\/\/api.w.org\/{rel}","templated":true}]}}