{"id":10150,"date":"2025-10-08T12:22:27","date_gmt":"2025-10-08T12:22:27","guid":{"rendered":"https:\/\/megaroboticsacademy.com\/shop\/unkategorisiert\/lemon-shea-butter\/"},"modified":"2025-11-17T20:00:56","modified_gmt":"2025-11-17T20:00:56","slug":"lemon-shea-butter","status":"publish","type":"product","link":"https:\/\/airshiptrips.com\/de\/shop\/cosmetics\/lemon-shea-butter\/","title":{"rendered":"Sheabutter mit Zitronen\u00f6l"},"content":{"rendered":"<div class=\"woocommerce-tabs wc-tabs-wrapper\">\n<div id=\"tab-description\" class=\"woocommerce-Tabs-panel woocommerce-Tabs-panel--description panel entry-content wc-tab\" role=\"tabpanel\" aria-labelledby=\"tab-title-description\">\n<p>Sheabutter wird aus den N\u00fcssen des Shea Baumes gewonnen. Es enth\u00e4lt haupts\u00e4chlich Fett- und \u00d6ls\u00e4ure sowie Vitamin E und ist damit ein beliebtes Hautpflegeprodukt, da es die Haut mit Feuchtigkeit versorgt und sch\u00fctzt. Sheabutter dringt tief in die Haut ein und die Wirkstoffe pflegen die Haut effektiv, f\u00f6rdern die Wundheilung und stimulieren die Zellaktivit\u00e4t, sch\u00fctzen die Haut vor dem Austrocknen und Faltenbildung. Ein hervorragender Rundumschutz gegen K\u00e4lte, Wind, Sonne und allt\u00e4gliche Umwelteinfl\u00fcsse.<\/p>\n<h3><b>Zitronen\u00f6l<\/b><\/h3>\n<p>Reines Zitronen\u00f6l wird aus der Schale einer Zitrone kalt gepresst. Es ist ein beliebtes \u00d6l. Aufgrund des Vorhandenseins einer gro\u00dfen Menge von Komponenten wie Vitaminen und Mineralstoffen, Beta-Carotin, Vitamin B, C, K, Fols\u00e4ure, Kalium, Calcium, Natrium, Phosphor, Magnesium, Zink, Eisen, Mangan, Kupfer und Selen, Camphen, Aldehyde, Terpineol, Limonen und Linalylacetat machen Zitronen\u00f6l entz\u00fcndungshemmend, antimikrobiell, antibakteriell und antiseptisch. Zitronen\u00f6l lindert Krampfadern und bek\u00e4mpft Cellulite. Der Bleicheffekt wird in der Kosmetikindustrie genutzt, um Pigmentflecken zu entfernen.<\/p>\n<h3><b>Welche Wirkung hat die Kombination von Sheabutter mit Zitronen\u00f6l?<\/b><\/h3>\n<p>Diese beiden Produkte erg\u00e4nzen sich in ihren therapeutischen Eigenschaften und reparieren gemeinsam Erkrankungen wie Akne, Ekzeme oder Psoriasis, w\u00e4hrend sie die Haut im Allgemeinen n\u00e4hren. Sowohl Sheabutter als auch Zitronen\u00f6l sind starke Antioxidantien und k\u00f6nnen die Auswirkungen freier Radikale reduzieren und entgegenwirken und zum Schutz vor Hautsch\u00e4den, einschlie\u00dflich Entz\u00fcndungen und vorzeitiger Hautalterung, beitragen. Dies ist auch eine gute Kombination zur Reduzierung von Falten, Narben, Dehnungsstreifen, Hypopigmentierung und Cellulite.<\/p>\n<h3><b>Sheabutter mit Zitronen\u00f6l zur Hautpflege<\/b><\/h3>\n<p>Zitronen\u00f6l in Kombination mit Sheabutter und seinen pflegenden und sch\u00fctzenden Inhaltsstoffen hilft m\u00fcder, schlaffer Haut die Elastizit\u00e4t zur\u00fcckzugeben. Sheabutter mit Zitronen\u00f6l ist ein Hautpflegeprodukt zur Entfernung von Narben, zur Behandlung von Ekzemen und Verbrennungen, zur Linderung von rissiger, trockener Haut, zur Hautpflege nach Sonnenbrand und zur Linderung von Hautausschl\u00e4gen und Juckreiz. Die regelm\u00e4\u00dfige Anwendung von Sheabutter mit Zitronen\u00f6l reduziert die Bildung von Dehnungsstreifen und Falten. Die Kraft des Zitronen\u00f6ls hilft nicht nur gegen Cellulite, sondern verhindert auch die Bildung eines Kapillarnetzes auf der Haut von Gesicht und K\u00f6rper. Tragen Sie regelm\u00e4\u00dfig Sheabutter mit Zitronen\u00f6l auf Ihr Gesicht auf und vergessen Sie nicht Ihr Dekollet\u00e9 und Ihre H\u00e4nde. Ihre Haut ist gut gen\u00e4hrt, hydratisiert und weich. Besonders beliebt ist Sheabutter mit Zitronen\u00f6l zur Reduzierung von Altersflecken.<\/p>\n<h3><b>Sheabutter mit Zitronen\u00f6l zur Fu\u00dfpflege<\/b><\/h3>\n<p>G\u00f6nnen Sie Ihren F\u00fc\u00dfen jeden Abend Sheabutter mit Zitronen\u00f6l und sie werden es Ihnen mit weicher, glatter Haut danken. Sch\u00fctzt auch vor Pilzinfektionen der F\u00fc\u00dfe und N\u00e4gel und entfernt Bakterien, die zu schlechten Ger\u00fcchen f\u00fchren k\u00f6nnen.<\/p>\n<h3><b>Sheabutter mit Zitronen\u00f6l zur Lippenpflege<\/b><\/h3>\n<p>Auch um trockenen und rissigen Lippen vorzubeugen und sie besonders im Winter weich zu halten, verwenden Sie Sheabutter mit Zitronen\u00f6l.<\/p>\n<h3><b>Sheabutter mit Zitronen\u00f6l zur Haarpflege<\/b><\/h3>\n<p>Da sich Sheabutter und Zitronen\u00f6l ideal f\u00fcr die Haarpflege eignen, erg\u00e4nzen sich beide Produkte perfekt. Die Mischung ist besonders f\u00fcr trockenes Haar und Spliss geeignet. Inhaltsstoffe von Sheabutter und Zitronen\u00f6l machen das Haar stark und gesund.<\/p>\n<p>Nehmen Sie einen Teil der Butter in die H\u00e4nde und lassen Sie sie mit Ihrer K\u00f6rperw\u00e4rme schmelzen, damit sie leichter anzuwenden ist, und massieren Sie sie in die Kopfhaut ein. Fahren Sie mit den H\u00e4nden durch Ihr Haar und tragen Sie die Sheabutter mit Zitronen\u00f6l auf die Haarspitzen auf. F\u00fcr beste Ergebnisse dieses Produkt abends auftragen und das \u00d6l \u00fcber Nacht einwirken lassen. Es wird empfohlen, das Kissen mit einem Handtuch abzudecken.<\/p>\n<\/div>\n<\/div>\n","protected":false},"excerpt":{"rendered":"<p>Der Rundumschutz der Sheabutter kombiniert mit den pflegenden und heilenden Eigenschaften der Zitrone. Stellt die nat\u00fcrliche Elastizit\u00e4t der Haut wieder her und gewinnt ihre Spannkraft zur\u00fcck. Befreien Sie sich von Narben, Dehnungsstreifen und Cellulite, Sonnenbrand und juckenden Hautausschl\u00e4gen.<br \/>\n<b>Marke:<\/b>\u00a0Nefertiti f\u00fcr nat\u00fcrliche \u00d6le und Kr\u00e4uter<br \/>\n<b>Herkunftsland:<\/b>\u00a0\u00c4gypten<br \/>\n<b>Botanischer Name:<\/b>\u00a0Vitellaria paradoxa\/ Citrus<br \/>\n<b>Familie:<\/b>\u00a0Sapotaceae\/ Rutaceae<br \/>\n<b>Verwendete Teile:<\/b>\u00a0Kern\/Schale<br \/>\n<b>Nat\u00fcrlich:\u00a0<\/b>ja<br \/>\n<b>Reinheit:<\/b>\u00a0100% rein<br \/>\n<b>Zertifizierung:<\/b>\u00a0ISO, COA &amp; MSDS<br \/>\n<b>Botanische Zusammensetzung:<\/b>\u00a0Triterpene, Triterpenalkohole, Stearins\u00e4ure, Allantoin, Linolens\u00e4ure, Vitamin E, Palmitins\u00e4ure, Beta-Carotin, Vitamine B, C, K, Fols\u00e4ure, Kalium, Calcium, Natrium, Phosphor, Magnesium, Zink, Eisen, Mangan, Kupfer und Selen sowie Citronol , Camphen, Citral, Aldehyde, Terpinol, Limonen und Linalylacetat<\/p>\n","protected":false},"featured_media":12351,"comment_status":"open","ping_status":"closed","template":"","meta":[],"product_brand":[],"product_cat":[181,199],"product_tag":[],"class_list":{"0":"post-10150","1":"product","2":"type-product","3":"status-publish","4":"has-post-thumbnail","6":"product_cat-cosmetics","7":"product_cat-butter","9":"first","10":"instock","11":"sale","12":"shipping-taxable","13":"purchasable","14":"product-type-variable","15":"has-default-attributes"},"_links":{"self":[{"href":"https:\/\/airshiptrips.com\/de\/wp-json\/wp\/v2\/product\/10150","targetHints":{"allow":["GET"]}}],"collection":[{"href":"https:\/\/airshiptrips.com\/de\/wp-json\/wp\/v2\/product"}],"about":[{"href":"https:\/\/airshiptrips.com\/de\/wp-json\/wp\/v2\/types\/product"}],"replies":[{"embeddable":true,"href":"https:\/\/airshiptrips.com\/de\/wp-json\/wp\/v2\/comments?post=10150"}],"wp:featuredmedia":[{"embeddable":true,"href":"https:\/\/airshiptrips.com\/de\/wp-json\/wp\/v2\/media\/12351"}],"wp:attachment":[{"href":"https:\/\/airshiptrips.com\/de\/wp-json\/wp\/v2\/media?parent=10150"}],"wp:term":[{"taxonomy":"product_brand","embeddable":true,"href":"https:\/\/airshiptrips.com\/de\/wp-json\/wp\/v2\/product_brand?post=10150"},{"taxonomy":"product_cat","embeddable":true,"href":"https:\/\/airshiptrips.com\/de\/wp-json\/wp\/v2\/product_cat?post=10150"},{"taxonomy":"product_tag","embeddable":true,"href":"https:\/\/airshiptrips.com\/de\/wp-json\/wp\/v2\/product_tag?post=10150"}],"curies":[{"name":"wp","href":"https:\/\/api.w.org\/{rel}","templated":true}]}}