{"id":10128,"date":"2025-10-08T12:22:49","date_gmt":"2025-10-08T12:22:49","guid":{"rendered":"https:\/\/megaroboticsacademy.com\/shop\/unkategorisiert\/mango-shea-butter\/"},"modified":"2025-11-17T19:38:20","modified_gmt":"2025-11-17T19:38:20","slug":"mango-shea-butter","status":"publish","type":"product","link":"https:\/\/airshiptrips.com\/de\/shop\/cosmetics\/mango-shea-butter\/","title":{"rendered":"Shea Butter mit Mango \u00d6l"},"content":{"rendered":"<div class=\"woocommerce-tabs wc-tabs-wrapper\">\n<div id=\"tab-description\" class=\"woocommerce-Tabs-panel woocommerce-Tabs-panel--description panel entry-content wc-tab\" role=\"tabpanel\" aria-labelledby=\"tab-title-description\">\n<p>Sheabutter wird aus den N\u00fcssen des Shea Baumes gewonnen. Es enth\u00e4lt haupts\u00e4chlich Fett- und \u00d6ls\u00e4ure sowie Vitamin E und ist damit ein beliebtes Hautpflegeprodukt, da es die Haut mit Feuchtigkeit versorgt und sch\u00fctzt. Sheabutter dringt tief in die Haut ein und die Wirkstoffe pflegen die Haut effektiv, f\u00f6rdern die Wundheilung und stimulieren die Zellaktivit\u00e4t, sch\u00fctzen die Haut vor dem Austrocknen und Faltenbildung. Ein hervorragender Rundumschutz gegen K\u00e4lte, Wind, Sonne und allt\u00e4gliche Umwelteinfl\u00fcsse.<\/p>\n<p><b>Mango\u00f6l<\/b><\/p>\n<p>Mango\u00f6l wird aus den Mangosamen (dem Kern) gewonnen. Es besteht zu 50% aus ges\u00e4ttigten und unges\u00e4ttigten Fetts\u00e4uren und ist ein Triester von Glycerin und enth\u00e4lt Sterole wie \u00df-Sitosterol 73,9 %, Stigmaterol (16,5%) und Campesterol (10,5%). Mango\u00f6l ist reich an Vitamin E, Carotinoiden und Antioxidantien. Dieses \u00d6l ist ein beliebtes Hautpflegeprodukt wegen seiner feuchtigkeitsspendenden, regenerierenden und heilenden Eigenschaften.<\/p>\n<h3><b>Welche Wirkung hat die Kombination von Sheabutter mit Mango \u00d6l?<\/b><\/h3>\n<p>Sie erg\u00e4nzen sich gegenseitig in ihren therapeutischen Eigenschaften und reparieren gemeinsam Erkrankungen wie Akne, Ekzeme oder Psoriasis, w\u00e4hrend sie die Haut im Allgemeinen n\u00e4hren. Sowohl Sheabutter als auch Mango\u00f6l sind starke Antioxidantien und k\u00f6nnen die Wirkung freier Radikale reduzieren und entgegenwirken und zum Schutz vor Hautsch\u00e4den, einschlie\u00dflich Entz\u00fcndungen und vorzeitiger Hautalterung, beitragen. Dies ist eine besonders gute Kombination f\u00fcr zu Akne neigende und problematische Haut.<\/p>\n<h3><b>Sheabutter mit Mango \u00d6l zur Hautpflege<\/b><\/h3>\n<p>Die Schutzfunktion der Sheabutter mit Mango \u00d6l verleiht der Haut eine nat\u00fcrliche Barriere gegen Umwelteinfl\u00fcsse und Bakterien. Seine feuchtigkeitsspendenden, peelenden und antioxidativen Eigenschaften machen dieses Produkt zu einem Anti-Aging-Mittel. Diese Butter beruhigt gereizte Haut und die antibakterielle Wirkung macht Sheabutter mit Mango \u00d6l auch zur Behandlung von Akne und Problemhaut geeignet. Tragen Sie etwas Sheabutter mit Mango \u00d6l sanft auf Ihr Gesicht auf.<\/p>\n<h3><b>Sheabutter mit Mango\u00f6l zur Haarpflege<\/b><\/h3>\n<p>Sheabutter mit Mango \u00d6l kann verwendet werden, um das Haar mit Feuchtigkeit zu versorgen und ihm Elastizit\u00e4t zu verleihen. Bei sehr trockenem Haar und Kopfhaut empfiehlt es sich, etwas Sheabutter mit Mango \u00d6l auf die Fingerkuppen aufzutragen, in die Kopfhaut einzureiben und dann sanft durch das Haar zu streichen. Um Spliss zu vermeiden, reiben Sie die Butter nach dem Shampoonieren und Trocknen leicht in die Haarspitzen ein.<\/p>\n<h3><b>Sheabutter mit Mango \u00d6l f\u00fcr H\u00e4nde und N\u00e4gel<\/b><\/h3>\n<p>Sheabutter mit Mango \u00d6l ist eine hervorragende M\u00f6glichkeit, Ihre H\u00e4nde, Nagelhaut und N\u00e4gel einfach und schnell zu reparieren. In einem gesch\u00e4ftigen Leben werden die H\u00e4nde und N\u00e4gel oft vergessen und vernachl\u00e4ssigt, aber nehmen Sie sich einen Moment Zeit, um etwas von dieser Butter auf H\u00e4nden, N\u00e4geln und Nagelhaut zu massieren, sie hilft, Haut und N\u00e4gel zu regenerieren. Sein hoher Fetts\u00e4uregehalt hilft, Nagelhaut und N\u00e4gel zu heilen, zu reparieren und zu st\u00e4rken, wodurch sie weniger anf\u00e4llig f\u00fcr Br\u00fcche und Sch\u00e4den sind und ihre allgemeine Gesundheit verbessert wird. Die H\u00e4nde werden mit Feuchtigkeit versorgt und profitieren von einer Schutzbarriere, um weitere Sch\u00e4den und Trockenheit zu verhindern, ohne klebrige R\u00fcckst\u00e4nde zu hinterlassen.<\/p>\n<h3><b>Sheabutter mit Mango \u00d6l zur kosmetischen Pflege<\/b><\/h3>\n<p>Wir haben diese Mischung aus Sheabutter mit Mango \u00d6l f\u00fcr die effektivste Hautpflege entwickelt. Seine n\u00e4hrenden und feuchtigkeitsspendenden Eigenschaften sind die beste t\u00e4gliche Pflege f\u00fcr Gesicht, K\u00f6rper und H\u00e4nde.<\/p>\n<\/div>\n<\/div>\n","protected":false},"excerpt":{"rendered":"<p>Ein nat\u00fcrlicher Weichmacher mit einer Vielzahl von reinigenden, weich machenden, heilenden und sch\u00fctzenden Eigenschaften. Ideal geeignet um H\u00e4nde und N\u00e4gel zu verw\u00f6hnen und zu sch\u00fctzen. Mango-Sheabutter hinterl\u00e4sst keinen Fettfilm auf der Haut.<br \/>\n<b>Marke:<\/b>\u00a0Nefertiti f\u00fcr nat\u00fcrliche \u00d6le und Kr\u00e4uter<br \/>\n<b>Herkunftsland:<\/b>\u00a0\u00c4gypten<br \/>\n<b>Botanischer Name:<\/b>\u00a0Vitellaria paradoxa\/ Mangifera indica<br \/>\n<b>Familie:<\/b>\u00a0Sapotaceae\/ Mangifera<br \/>\n<b>Verwendete Teile:<\/b>\u00a0Kern<br \/>\n<b>Nat\u00fcrlich:\u00a0<\/b>ja<br \/>\n<b>Reinheit:<\/b>\u00a0100% rein<br \/>\n<b>Zertifizierung:<\/b>\u00a0ISO, COA &amp; MSDS<br \/>\n<b>Botanische Zusammensetzung:\u00a0<\/b>Triterpene, Triterpenalkohole, Stearins\u00e4ure, Allantoin, Linolens\u00e4ure, Vitamin E, Palmitins\u00e4ure, Beta-Carotin, Sterole wie \u00df-Sitosterol, Stigmasterol Campesterol, Carotinoide und Antioxidantien<\/p>\n","protected":false},"featured_media":12342,"comment_status":"open","ping_status":"closed","template":"","meta":[],"product_brand":[],"product_cat":[181,199],"product_tag":[],"class_list":{"0":"post-10128","1":"product","2":"type-product","3":"status-publish","4":"has-post-thumbnail","6":"product_cat-cosmetics","7":"product_cat-butter","9":"first","10":"instock","11":"sale","12":"shipping-taxable","13":"purchasable","14":"product-type-variable","15":"has-default-attributes"},"_links":{"self":[{"href":"https:\/\/airshiptrips.com\/de\/wp-json\/wp\/v2\/product\/10128","targetHints":{"allow":["GET"]}}],"collection":[{"href":"https:\/\/airshiptrips.com\/de\/wp-json\/wp\/v2\/product"}],"about":[{"href":"https:\/\/airshiptrips.com\/de\/wp-json\/wp\/v2\/types\/product"}],"replies":[{"embeddable":true,"href":"https:\/\/airshiptrips.com\/de\/wp-json\/wp\/v2\/comments?post=10128"}],"wp:featuredmedia":[{"embeddable":true,"href":"https:\/\/airshiptrips.com\/de\/wp-json\/wp\/v2\/media\/12342"}],"wp:attachment":[{"href":"https:\/\/airshiptrips.com\/de\/wp-json\/wp\/v2\/media?parent=10128"}],"wp:term":[{"taxonomy":"product_brand","embeddable":true,"href":"https:\/\/airshiptrips.com\/de\/wp-json\/wp\/v2\/product_brand?post=10128"},{"taxonomy":"product_cat","embeddable":true,"href":"https:\/\/airshiptrips.com\/de\/wp-json\/wp\/v2\/product_cat?post=10128"},{"taxonomy":"product_tag","embeddable":true,"href":"https:\/\/airshiptrips.com\/de\/wp-json\/wp\/v2\/product_tag?post=10128"}],"curies":[{"name":"wp","href":"https:\/\/api.w.org\/{rel}","templated":true}]}}