{"id":10097,"date":"2025-10-08T12:22:16","date_gmt":"2025-10-08T12:22:16","guid":{"rendered":"https:\/\/megaroboticsacademy.com\/shop\/unkategorisiert\/carrot-seed-oil\/"},"modified":"2025-11-17T19:25:58","modified_gmt":"2025-11-17T19:25:58","slug":"carrot-seed-oil","status":"publish","type":"product","link":"https:\/\/airshiptrips.com\/de\/shop\/natural-oils\/carrot-seed-oil\/","title":{"rendered":"Karottensamen\u00f6l"},"content":{"rendered":"<h3><b>Karottensamen\u00f6l \u2013 Leistungen<\/b><\/h3>\n<p>Nat\u00fcrliches Karottensamen\u00f6l ist gut f\u00fcr das Sehverm\u00f6gen, st\u00e4rkt das Immunsystem, ist ein wirksames Diuretikum, hilft bei der Entfernung von Nierensteinen und hilft bei der Wiederherstellung von Leberzellen. Das \u00d6l hilft bei der Reinigung von Blut und Lymphsystem, entfernt Giftstoffe und ist wirksam bei der Behandlung von Arthritis, Gicht und Rheuma. Karottensamen\u00f6l sch\u00fctzt den K\u00f6rper vor Strahlung und Tabakrauch und lindert symptomatisch Verdauungsst\u00f6rungen, insbesondere bei Darmproblemen. Zus\u00e4tzlich zu seinen vielen gesunden Bestandteilen ist Karottensamen\u00f6l reich an Carotin und Vitamin A, die beide sehr vorteilhaft f\u00fcr die Gesundheit der Augen sind und als starke Antioxidantien bekannt sind. Wissenschaftliche Untersuchungen haben gezeigt, dass Antioxidantien die durch freie Radikale verursachten Sch\u00e4den am menschlichen Gewebe reparieren, und vor weiteren Sch\u00e4den sch\u00fctzen k\u00f6nnen. Karottensamen\u00f6l aktiviert die intrazellul\u00e4re Redoxreaktion, um den Sauerstofffluss zu den Zellen zu verbessern und zu deren Erneuerung beizutragen. Der regelm\u00e4\u00dfige Verzehr von Karottensamen\u00f6l reguliert den Wasser-Salz- und Kohlenhydratstoffwechsel, verbessert die Bildung von Proteinverbindungen und stellt so den durch Krankheiten ersch\u00f6pften Organismus wieder her.<\/p>\n<h3><b>Karottensamen\u00f6l als Antioxidans<\/b><\/h3>\n<p>Reines Karottensamen\u00f6l ist reich an Carotinoiden, die den menschlichen K\u00f6rper vor den sch\u00e4dlichen Auswirkungen freier Radikale und den sch\u00e4dlichen Auswirkungen von Tabakrauch sch\u00fctzen. Antioxidantien k\u00f6nnen die durch freie Radikale verursachten Sch\u00e4den am menschlichen Gewebe reparieren, und vor weiteren Sch\u00e4den sch\u00fctzen. Karottensamen\u00f6l aktiviert die intrazellul\u00e4re Redoxreaktion, um den Sauerstofffluss zu den Zellen zu verbessern und zu deren Erneuerung beizutragen.\u00a0Karottensamen\u00f6l ist notwendig f\u00fcr die Wiederherstellung von Kraft und K\u00f6rperfunktionen nach schweren Krankheiten, An\u00e4mie und Vitaminmangel (insbesondere Vitamin A) und nach einer Operation.<\/p>\n<h3><b>Karottensamen\u00f6l f\u00fcr Herz, Niere &amp; Leber<\/b><\/h3>\n<p>\u00d6l aus Karottensamen sorgt f\u00fcr eine gute Funktion der Schilddr\u00fcse, der Nieren, der Nebennieren, der Leber, des Verdauungstrakts und der Harnwege. Nat\u00fcrliches Karottensamen\u00f6l wird verwendet, um Nierensteine zu entfernen, indem es dazu beitr\u00e4gt, Sand und kleine Steine aus den Nieren auszusp\u00fclen, die Leber zu reinigen und die Gesundheit der Leberzellen zu f\u00f6rdern.<\/p>\n<h3><b>Karottensamen\u00f6l f\u00fcr die Augen<\/b><\/h3>\n<p>Karottensamen\u00f6l ist besonders bei Katarakten und altersbedingter Makuladegeneration der Augen erforderlich. Es verbessert das Sehverm\u00f6gen und den Lichtsinn in der D\u00e4mmerung, normalisiert den Augeninnendruck und verbessert den Zustand der Schleimh\u00e4ute der Augen. Karottensamen\u00f6l ist n\u00fctzlich f\u00fcr B\u00fcroangestellte und alle, die viel Zeit am Computer verbringen, die Sehsch\u00e4rfe erh\u00f6hen, sich besser an verschiedene Lichtverh\u00e4ltnisse anpassen und Augenerm\u00fcdung lindern k\u00f6nnen.<\/p>\n<h3><b>Karottensamen\u00f6l f\u00fcr die Haut<\/b><\/h3>\n<p>Dieses \u00d6l wirkt sich positiv auf die Regeneration des Hautepithels aus, f\u00f6rdert die Wundheilung und lindert Hautausschl\u00e4ge. Das Mischen von Karottensamen\u00f6l mit Ihrem bevorzugten Br\u00e4unung-Produkt verbessert Ihren Hautton und verleiht Ihnen eine gesunde und glamour\u00f6se Br\u00e4une, die viel l\u00e4nger auf der Haut anh\u00e4lt. Karottensamen\u00f6l wird wegen seiner verj\u00fcngenden Eigenschaften h\u00e4ufig bei der Herstellung von Anti-Aging-Kosmetika verwendet und st\u00e4rkt schlaffe, tonlose Haut. Die Haut wird sp\u00fcrbar straffer und elastischer.<\/p>\n<h3><b>Karottensamen\u00f6l f\u00fcr die Haare<\/b><\/h3>\n<p>Die bekannten Jugendvitamine A und E sowie andere N\u00e4hrstoffe, die reichlich in Karottensamen\u00f6l enthalten sind, tragen zur St\u00e4rkung und Gesundheit der Haare bei. Haarmasken mit Karottensamen\u00f6l stimulieren das Haarwachstum, verhindern Haarausfall und behalten ihre nat\u00fcrliche Farbe bei, verbessern die Haarstruktur und machen sie seidig. Regelm\u00e4\u00dfige Anwendung von Karottensamen\u00f6l st\u00e4rkt das Haar und verleiht ihm einen gesunden Glanz. Karottensamen\u00f6l hat ausgezeichnete feuchtigkeitsspendende Eigenschaften.<\/p>\n<h3><b>Karottensamen\u00f6l f\u00fcr das Gesicht<\/b><\/h3>\n<p>Nat\u00fcrliches Karottensamen\u00f6l verbessert den Teint, Altersflecken und Sommersprossen werden sp\u00fcrbar heller. Karottensamen\u00f6l bek\u00e4mpft aktiv Trockenheit und Abbl\u00e4ttern der Haut. Es f\u00f6rdert die Regeneration der Gesichtshaut, stimuliert die Zellerneuerung, f\u00f6rdert die Heilung kleiner Wunden, verbessert die Elastizit\u00e4t und Festigkeit der Gesichtshaut und macht die Haut glatt und elastisch. Dank seines hohen Gehalts an Vitamin E und A pflegt es die Haut, heilt Akne und verleiht einen gesunden Teint.<\/p>\n<h3><b>Karottensamen\u00f6l gegen Akne<\/b><\/h3>\n<p>Karottensamen\u00f6l ist eine ideale L\u00f6sung gegen Hautausschl\u00e4ge. Es hat entz\u00fcndungshemmende Eigenschaften, normalisiert die Funktion der Talgdr\u00fcsen und kann daher Akne erfolgreich lindern.<\/p>\n","protected":false},"excerpt":{"rendered":"<p><b>Marke:\u00a0<\/b>Nefertiti for natural oils and herbs<br \/>\n<b>Versand:\u00a0<\/b>Berechnet an der Kasse<br \/>\n<b>Herkunftsland:\u00a0<\/b>\u00c4gypten<br \/>\n<b>Botanischer Name<\/b>: Daucus carota subsp. Sativus L<br \/>\n<b>Familie<\/b>: Apiaceae<br \/>\n<b>INCI<\/b>: Daucus carota Sativa Samen\u00f6l<b><br \/>\n<\/b><b>Synonyme<\/b>: Karotte, Carrot, \u062c\u0632\u0631\u0629, \u041c\u043e\u0440\u043a\u043e\u0432\u044c, \u041c\u043e\u0440\u043a\u0432\u0430, Carotte, Carota, \u80e1\u841d\u535c<br \/>\n<b>Duft<\/b>: erdig bitter<br \/>\n<b>Aussehen<\/b>: hell bis blass, bernsteinfarben bis blass orange-braun<br \/>\n<b>Physikalischer Zustand<\/b>: Fl\u00fcssigkeit<br \/>\n<b>Nat\u00fcrlich<\/b>: ja<br \/>\n<b>Reinheit<\/b>: 100 % rein<br \/>\n<b>Zertifikate:\u00a0<\/b>ISO, COA &amp; MSDS<br \/>\n<b>Komposition:<\/b>\u00a0Vitamine A, B, E, Carotol, Pinen, Limonene, Geraniol, Daucol, Geranylacetat, Euganol, Asaron<\/p>\n","protected":false},"featured_media":12326,"comment_status":"open","ping_status":"closed","template":"","meta":[],"product_brand":[],"product_cat":[140],"product_tag":[],"class_list":{"0":"post-10097","1":"product","2":"type-product","3":"status-publish","4":"has-post-thumbnail","6":"product_cat-natural-oils","8":"first","9":"instock","10":"sale","11":"shipping-taxable","12":"purchasable","13":"product-type-variable","14":"has-default-attributes"},"_links":{"self":[{"href":"https:\/\/airshiptrips.com\/de\/wp-json\/wp\/v2\/product\/10097","targetHints":{"allow":["GET"]}}],"collection":[{"href":"https:\/\/airshiptrips.com\/de\/wp-json\/wp\/v2\/product"}],"about":[{"href":"https:\/\/airshiptrips.com\/de\/wp-json\/wp\/v2\/types\/product"}],"replies":[{"embeddable":true,"href":"https:\/\/airshiptrips.com\/de\/wp-json\/wp\/v2\/comments?post=10097"}],"wp:featuredmedia":[{"embeddable":true,"href":"https:\/\/airshiptrips.com\/de\/wp-json\/wp\/v2\/media\/12326"}],"wp:attachment":[{"href":"https:\/\/airshiptrips.com\/de\/wp-json\/wp\/v2\/media?parent=10097"}],"wp:term":[{"taxonomy":"product_brand","embeddable":true,"href":"https:\/\/airshiptrips.com\/de\/wp-json\/wp\/v2\/product_brand?post=10097"},{"taxonomy":"product_cat","embeddable":true,"href":"https:\/\/airshiptrips.com\/de\/wp-json\/wp\/v2\/product_cat?post=10097"},{"taxonomy":"product_tag","embeddable":true,"href":"https:\/\/airshiptrips.com\/de\/wp-json\/wp\/v2\/product_tag?post=10097"}],"curies":[{"name":"wp","href":"https:\/\/api.w.org\/{rel}","templated":true}]}}