{"id":10074,"date":"2025-10-08T12:22:18","date_gmt":"2025-10-08T12:22:18","guid":{"rendered":"https:\/\/megaroboticsacademy.com\/shop\/unkategorisiert\/sandalwood\/"},"modified":"2025-11-17T19:03:14","modified_gmt":"2025-11-17T19:03:14","slug":"sandalwood","status":"publish","type":"product","link":"https:\/\/airshiptrips.com\/de\/shop\/cosmetics\/sandalwood\/","title":{"rendered":"Sandelholz\u00f6l"},"content":{"rendered":"<div class=\"woocommerce-tabs wc-tabs-wrapper\">\n<div id=\"tab-description\" class=\"woocommerce-Tabs-panel woocommerce-Tabs-panel--description panel entry-content wc-tab\" role=\"tabpanel\" aria-labelledby=\"tab-title-description\">\n<p><b>Eigenschaften von \u00e4therischem Sandelholz \u00d6l\u00a0<\/b><\/p>\n<p>Unter den verschiedenen therapeutischen Eigenschaften des \u00e4therischen Sandelholz \u00d6ls, ist eine der wichtigsten seine entspannende Wirkung. Nat\u00fcrliches Sandelholz \u00d6l beruhigt das Nervensystem, lindert Reizbarkeit, reduziert Angstzust\u00e4nde und Panikattacken. Es lindert Stress, gibt Ruhe und positive Gedanken. Wenn es von der Haut aufgenommen wird, interagiert es mit Enzymen und Hormonen des K\u00f6rpers und stimuliert das Zentralnervensystem.<\/p>\n<p>Das \u00e4therische Sandelholz \u00d6l wird h\u00e4ufig bei der Behandlung von trockenem Husten, Halsreizungen und Kehlkopfentz\u00fcndungen eingesetzt und lindert die Symptome von\u00a0Bronchitis und Asthma. In diesen F\u00e4llen wird Sandelholz \u00d6l zur Dampfinhalation oder Brustmassage verwendet. Nat\u00fcrliches Sandelholz \u00d6l wirkt w\u00e4rmend und normalisiert die Herzfrequenz. Sandelholz \u00d6l wird h\u00e4ufig in der manuellen Therapie als Analgetikum und Entspannungsmittel verwendet und hilft auch bei Rheuma, R\u00fcckenschmerzen und verschiedenen Gelenkschmerzen.<\/p>\n<h3><b>Sandelholz \u00d6l f\u00fcr die Haut<\/b><\/h3>\n<p>Nat\u00fcrliches Sandelholz \u00d6l ist eines der besten nat\u00fcrlichen \u00d6le, die sowohl f\u00fcr trockene als auch f\u00fcr fettige Haut empfohlen wird. Es hilft bei der Bek\u00e4mpfung von Akne, heilt und befeuchtet die Haut, beruhigt und macht sie weich, lindert Reizungen und Entz\u00fcndungen. Aufgrund seiner antiseptischen, entz\u00fcndungshemmenden und bakteriziden Eigenschaften ist Sandelholz\u00a0\u00d6l im Kampf gegen Akne unverzichtbar. Sandelholz \u00d6l ist f\u00fcr alle Hauttypen geeignet, wird jedoch am h\u00e4ufigsten bei trockener, gesch\u00e4digter Haut und tiefen Falten verwendet.<\/p>\n<p>Nat\u00fcrliches Sandelholz \u00d6l hilft, die Haut zu erweichen, die Feuchtigkeit zu speichern und die Elastizit\u00e4t der Haut wiederherzustellen.\u00a0Nat\u00fcrliches Sandelholz \u00d6l hat eine starke Anti-Aging-Wirkung \u2013 es verbessert den Hautton, erfrischt, beseitigt Schlaffheit und ist f\u00fcr die Pflege des ovales des Gesichts unverzichtbar.\u00a0Es bek\u00e4mpft Trockenheit, Rauheit und Entz\u00fcndungen der Haut und stellt die Hautelastizit\u00e4t wieder her. Verbessert die Durchblutung und Hautfestigkeit. Bei topischer Anwendung kann es lokalisierte Hautausschl\u00e4ge, Hautentz\u00fcndungen und Juckreiz lindern, und oberfl\u00e4chliche Narben gl\u00e4tten. Entfernt \u00fcberm\u00e4\u00dfige Fettigkeit der Haut und reguliert die Talgproduktion.<\/p>\n<h3><b>Verwendung von \u00e4therischem Sandelholz \u00d6l<\/b><\/h3>\n<p>Das warme und reichhaltige Holzaroma von nat\u00fcrlichem \u00e4therischem Sandelholz \u00d6l ist weltweit als geeigneter Duft f\u00fcr den K\u00f6rper bekannt und wird h\u00e4ufig als Zutat f\u00fcr D\u00fcfte, Parfums, Aftershaves und viele Sch\u00f6nheitsmischungen verwendet. Unverd\u00fcnntes Sandelholz \u00d6l kann direkt auf die Haut aufgetragen werden. Am besten verd\u00fcnnen Sie es jedoch mit Jojoba\u00f6l oder einem anderen kosmetischen \u00d6l.<\/p>\n<h3><b>\u00c4therisches Sandelholz \u00d6l zur Massage<\/b><\/h3>\n<p>Das \u00e4therische Sandelholz \u00d6l ist auch eines der besten Massage-Grund\u00f6le, insbesondere aufgrund seiner nat\u00fcrlichen w\u00e4rmenden Wirkung. F\u00fcr die Massage kann \u00e4therisches Sandelholz \u00d6l als Grund\u00f6l verwendet werden, kann direkt auf die Haut aufgetragen werden und kann auch verschiedenen Massage\u00f6len oder Massagelotionen zugesetzt werden.<\/p>\n<p>Topische Anwendungen mit Sandelholz \u00d6l k\u00f6nnen Husten lindern, indem dieses \u00d6l direkt auf den Brustbereich aufgetragen wird. Sandelholz \u00d6l ist ideal zur Linderung von R\u00fcckenschmerzen. Es wird empfohlen, es mit sanften kreisenden Bewegungen einzureiben, wobei der Druck aufrechterhalten wird, wenn die Finger in Richtung R\u00fcckenmitte gleiten.<\/p>\n<h3><b>\u00c4therisches Sandelholz \u00d6l f\u00fcr das Haar<\/b><\/h3>\n<p>Es wird empfohlen, Ihrer Haarsp\u00fclung eine kleine Menge Sandelholz \u00d6l zuzusetzen oder sie als Haarmaske zu verwenden.\u00a0Dieses Verfahren st\u00e4rkt die Haarfollikel, bek\u00e4mpft Schuppen, beugt Haarausfall vor und befeuchtet die Haarspitzen.\u00a0Sie k\u00f6nnen ein paar Tropfen Sandelholz \u00d6l auf den Kamm auftragen, bevor Sie ihn f\u00fcr seidiges, gesundes und sch\u00f6nes Haar k\u00e4mmen.<\/p>\n<h3><b>\u00c4therisches Sandelholz \u00d6l f\u00fcr die Hautaufhellung<\/b><\/h3>\n<p>F\u00fcr eine abendliche Aufhellung des Gesichts mischen Sie einfach ein paar Tropfen Sandelholz \u00d6l mit Mandel- oder Jojoba\u00f6l und tragen Sie diese Mischung dann sanft auf die Haut auf.<\/p>\n<\/div>\n<\/div>\n","protected":false},"excerpt":{"rendered":"<p><b>Marke<\/b>: Nefertiti for natural Oils and herbs<br \/>\n<b>Herkunftsland<\/b>: Indien und Pazifikinseln<br \/>\n<b>Botanischer Name<\/b>: Santalum Album<br \/>\n<b>Familie<\/b>: Santalum<br \/>\n<b>INCI<\/b>: Santalum Album (Sandelholz) \u00d6l<br \/>\n<b>Verwandte Namen<\/b>: Madenanthera pavonina, Baphia nitida, Eremophila mitchellii, Myoporum platycarpum, Osyris lanceolata, Osyris tenuifolia<br \/>\n<b>Verwendete Teile<\/b>: Aus dem Kernholz geschnittene Chips und St\u00fccke<br \/>\n<b>Extraktionsmethode<\/b>: Wasserdampfdestillation<br \/>\n<b>Anwendung:<\/b>\u00a0cosmetisch<br \/>\n<b>Duft<\/b>: weicher, warmer Edelholzd<br \/>\n<b>Aussehen<\/b>: Farblos-wei\u00df cremig<br \/>\n<b>Physikalischer Zustand<\/b>: Fl\u00fcssigkeit<br \/>\n<b>Nat\u00fcrlich<\/b>: Ja<br \/>\n<b>Reinheit<\/b>: 100 % rein<br \/>\n<b>Zertifiziert<\/b>: ISO, COA &amp; MSDS<br \/>\n<b>Versand<\/b>: Wird an der Kasse berechnet<\/p>\n","protected":false},"featured_media":12306,"comment_status":"open","ping_status":"closed","template":"","meta":[],"product_brand":[],"product_cat":[181],"product_tag":[],"class_list":{"0":"post-10074","1":"product","2":"type-product","3":"status-publish","4":"has-post-thumbnail","6":"product_cat-cosmetics","8":"first","9":"instock","10":"sale","11":"shipping-taxable","12":"purchasable","13":"product-type-variable","14":"has-default-attributes"},"_links":{"self":[{"href":"https:\/\/airshiptrips.com\/de\/wp-json\/wp\/v2\/product\/10074","targetHints":{"allow":["GET"]}}],"collection":[{"href":"https:\/\/airshiptrips.com\/de\/wp-json\/wp\/v2\/product"}],"about":[{"href":"https:\/\/airshiptrips.com\/de\/wp-json\/wp\/v2\/types\/product"}],"replies":[{"embeddable":true,"href":"https:\/\/airshiptrips.com\/de\/wp-json\/wp\/v2\/comments?post=10074"}],"wp:featuredmedia":[{"embeddable":true,"href":"https:\/\/airshiptrips.com\/de\/wp-json\/wp\/v2\/media\/12306"}],"wp:attachment":[{"href":"https:\/\/airshiptrips.com\/de\/wp-json\/wp\/v2\/media?parent=10074"}],"wp:term":[{"taxonomy":"product_brand","embeddable":true,"href":"https:\/\/airshiptrips.com\/de\/wp-json\/wp\/v2\/product_brand?post=10074"},{"taxonomy":"product_cat","embeddable":true,"href":"https:\/\/airshiptrips.com\/de\/wp-json\/wp\/v2\/product_cat?post=10074"},{"taxonomy":"product_tag","embeddable":true,"href":"https:\/\/airshiptrips.com\/de\/wp-json\/wp\/v2\/product_tag?post=10074"}],"curies":[{"name":"wp","href":"https:\/\/api.w.org\/{rel}","templated":true}]}}