{"id":8301,"date":"2025-10-14T19:00:59","date_gmt":"2025-10-14T19:00:59","guid":{"rendered":"https:\/\/megaroboticsacademy.com\/returns-refunds\/"},"modified":"2025-10-29T15:07:53","modified_gmt":"2025-10-29T15:07:53","slug":"returns-refunds","status":"publish","type":"page","link":"https:\/\/airshiptrips.com\/de\/returns-refunds\/","title":{"rendered":"R\u00fcckgabe- &#038; R\u00fcckerstattungsrichtlinie"},"content":{"rendered":"<h3 data-start=\"294\" data-end=\"315\">R\u00fcckgabeprozess<\/h3>\n<p data-start=\"316\" data-end=\"415\">Das Zur\u00fccksenden eines Produkts ist einfach und unkompliziert. Befolgen Sie einfach diese Schritte:<\/p>\n<ol data-start=\"417\" data-end=\"870\">\n<li data-start=\"417\" data-end=\"491\">\n<p data-start=\"420\" data-end=\"491\"><strong data-start=\"420\" data-end=\"445\">Kontaktieren Sie uns:<\/strong> Wenden Sie sich an unser Kundenserviceteam.<\/p>\n<\/li>\n<li data-start=\"492\" data-end=\"604\">\n<p data-start=\"495\" data-end=\"604\"><strong data-start=\"495\" data-end=\"531\">Geben Sie Ihre Bestellnummer an:<\/strong> Teilen Sie uns mit, welche Artikel Sie zur\u00fccksenden m\u00f6chten und warum.<\/p>\n<\/li>\n<li data-start=\"605\" data-end=\"765\">\n<p data-start=\"608\" data-end=\"765\"><strong data-start=\"608\" data-end=\"638\">Verpacken Sie die Artikel:<\/strong> Verpacken Sie die zur\u00fcckgesendeten Produkte sicher zusammen mit einer Kopie der Best\u00e4tigungs-E-Mail in einer geeigneten Box.<\/p>\n<\/li>\n<li data-start=\"766\" data-end=\"870\">\n<p data-start=\"769\" data-end=\"870\"><strong data-start=\"769\" data-end=\"797\">Versenden Sie das Paket:<\/strong> Senden Sie die R\u00fccksendung an die auf der Rechnung angegebene Adresse.<\/p>\n<\/li>\n<\/ol>\n<blockquote data-start=\"872\" data-end=\"997\">\n<p data-start=\"874\" data-end=\"997\"><strong data-start=\"874\" data-end=\"886\">Hinweis:<\/strong> Die R\u00fccksendekosten werden von der urspr\u00fcnglichen Zahlungsmethode abgezogen, bevor die R\u00fcckerstattung erfolgt.<\/p>\n<\/blockquote>\n<hr data-start=\"999\" data-end=\"1002\" \/>\n<h3 data-start=\"1004\" data-end=\"1035\">R\u00fcckerstattungsrichtlinie<\/h3>\n<p data-start=\"1036\" data-end=\"1158\">Alle zur\u00fcckgesendeten Artikel werden zun\u00e4chst gepr\u00fcft, um festzustellen, ob sie f\u00fcr eine R\u00fcckerstattung berechtigt sind.<\/p>\n<ul data-start=\"1160\" data-end=\"1588\">\n<li data-start=\"1160\" data-end=\"1262\">\n<p data-start=\"1162\" data-end=\"1262\"><strong data-start=\"1162\" data-end=\"1194\">Nicht r\u00fcckgabef\u00e4hige Artikel<\/strong> werden nicht erstattet und nicht an den Absender zur\u00fcckgeschickt.<\/p>\n<\/li>\n<li data-start=\"1263\" data-end=\"1333\">\n<p data-start=\"1265\" data-end=\"1333\"><strong data-start=\"1265\" data-end=\"1302\">Versand- und Bearbeitungsgeb\u00fchren<\/strong> sind nicht erstattungsf\u00e4hig.<\/p>\n<\/li>\n<li data-start=\"1334\" data-end=\"1588\">\n<p data-start=\"1336\" data-end=\"1588\">Wenn Ihre Bestellung ein <strong data-start=\"1361\" data-end=\"1393\">Aktionsprodukt oder Geschenk<\/strong> enthielt, muss dieses zusammen mit dem Produkt zur\u00fcckgesendet werden. Wird das Geschenk nicht zur\u00fcckgesendet, wird der volle Einzelhandelspreis des Geschenks vom R\u00fcckerstattungsbetrag abgezogen.<\/p>\n<\/li>\n<\/ul>\n<hr data-start=\"1590\" data-end=\"1593\" \/>\n<h3 data-start=\"1595\" data-end=\"1623\">Stornierungsrichtlinie<\/h3>\n<p data-start=\"1624\" data-end=\"1762\">Bestellungen k\u00f6nnen storniert werden, solange sie <strong data-start=\"1674\" data-end=\"1705\">noch nicht versendet wurden<\/strong>. In diesem Fall wird der volle Betrag zur\u00fcckerstattet.<\/p>\n<p data-start=\"1764\" data-end=\"1870\">Wir behalten uns das Recht vor, eine Bestellung nach eigenem Ermessen in folgenden F\u00e4llen zu stornieren:<\/p>\n<ul data-start=\"1871\" data-end=\"1995\">\n<li data-start=\"1871\" data-end=\"1917\">\n<p data-start=\"1873\" data-end=\"1917\">Begrenzte Verf\u00fcgbarkeit von Lagerbest\u00e4nden<\/p>\n<\/li>\n<li data-start=\"1918\" data-end=\"1960\">\n<p data-start=\"1920\" data-end=\"1960\">Preis- oder Produktbeschreibungsfehler<\/p>\n<\/li>\n<li data-start=\"1961\" data-end=\"1995\">\n<p data-start=\"1963\" data-end=\"1995\">Zahlungs- oder Betrugsbedenken<\/p>\n<\/li>\n<\/ul>\n<p data-start=\"1997\" data-end=\"2253\">In einigen F\u00e4llen k\u00f6nnen wir zus\u00e4tzliche Informationen anfordern, bevor die Bestellung bearbeitet wird. Unser Kundenserviceteam wird Sie kontaktieren, wenn Ihre Bestellung (oder ein Teil davon) storniert wurde oder wenn weitere Details erforderlich sind.<\/p>\n<p data-start=\"2255\" data-end=\"2407\">Wenn die Zahlung bereits erfolgt ist und die Bestellung sp\u00e4ter storniert wird, wird der Betrag \u00fcber die urspr\u00fcngliche Zahlungsmethode zur\u00fcckerstattet.<\/p>\n<p data-start=\"2409\" data-end=\"2549\">Mit dem Absenden einer Bestellung erkl\u00e4rt sich der Kunde damit einverstanden, unsere Entscheidung in Bezug auf Stornierungen zu akzeptieren.<\/p>\n<hr data-start=\"2551\" data-end=\"2554\" \/>\n<h3 data-start=\"2556\" data-end=\"2590\">Versand- &amp; Lieferbedingungen<\/h3>\n<p data-start=\"2591\" data-end=\"2678\"><strong data-start=\"2591\" data-end=\"2629\">Nefertiti for Natural Oils &amp; Herbs<\/strong> liefert in die meisten internationalen L\u00e4nder.<\/p>\n<p data-start=\"2680\" data-end=\"2908\">Alle <strong data-start=\"2685\" data-end=\"2717\">vorausbezahlten Bestellungen<\/strong> werden innerhalb von <strong data-start=\"2739\" data-end=\"2756\">3\u20134 Werktagen<\/strong> nach Zahlungseingang bearbeitet und versendet.<br data-start=\"2803\" data-end=\"2806\" \/>Der Versand erfolgt <strong data-start=\"2826\" data-end=\"2855\">von Montag bis Donnerstag<\/strong>, ausgenommen <strong data-start=\"2869\" data-end=\"2905\">Freitage und nationale Feiertage<\/strong>.<\/p>\n<p data-start=\"2910\" data-end=\"3096\">Sollte die Zustellung beim ersten Versuch nicht m\u00f6glich sein, wird unser Versandpartner <strong data-start=\"2998\" data-end=\"3029\">bis zu drei Zustellversuche<\/strong> unternehmen, bevor das Paket an unser Lager zur\u00fcckgesendet wird.<\/p>\n<p data-start=\"3098\" data-end=\"3254\">Bitte stellen Sie sicher, dass Sie eine <strong data-start=\"3138\" data-end=\"3198\">vollst\u00e4ndige Lieferadresse und eine aktive Telefonnummer<\/strong> angeben, um eine p\u00fcnktliche Lieferung zu gew\u00e4hrleisten.<\/p>\n<hr data-start=\"3256\" data-end=\"3259\" \/>\n<h3 data-start=\"3261\" data-end=\"3294\">Voraussichtliche Lieferzeit<\/h3>\n<p data-start=\"3295\" data-end=\"3381\">Die Lieferung erfolgt in der Regel innerhalb von <strong data-start=\"3344\" data-end=\"3362\">7\u201314 Werktagen<\/strong> nach Versanddatum.<\/p>\n<hr data-start=\"3383\" data-end=\"3386\" \/>\n<h3 data-start=\"3388\" data-end=\"3412\">Zahlungsrichtlinie<\/h3>\n<p data-start=\"3413\" data-end=\"3516\">Unser Online-Shop ist durch <strong data-start=\"3441\" data-end=\"3451\">PayPal<\/strong> abgesichert, das sichere und flexible Zahlungsmethoden bietet:<\/p>\n<ul data-start=\"3518\" data-end=\"3697\">\n<li data-start=\"3518\" data-end=\"3580\">\n<p data-start=\"3520\" data-end=\"3580\"><strong data-start=\"3520\" data-end=\"3545\">Kreditkartenzahlungen<\/strong> (kein PayPal-Konto erforderlich)<\/p>\n<\/li>\n<li data-start=\"3581\" data-end=\"3620\">\n<p data-start=\"3583\" data-end=\"3620\"><strong data-start=\"3583\" data-end=\"3618\">Zahlungen \u00fcber Ihr PayPal-Konto<\/strong><\/p>\n<\/li>\n<li data-start=\"3621\" data-end=\"3697\">\n<p data-start=\"3623\" data-end=\"3697\"><strong data-start=\"3623\" data-end=\"3642\">Bank\u00fcberweisung<\/strong> (auf Anfrage \u2013 \u00dcberweisungsgeb\u00fchren tr\u00e4gt der Kunde)<\/p>\n<\/li>\n<\/ul>\n<p data-start=\"3699\" data-end=\"3887\">Ihre Finanzinformationen sind durch die branchenf\u00fchrenden Betrugspr\u00e4ventionssysteme von PayPal gesch\u00fctzt. Bei der Nutzung von PayPal werden Ihre Zahlungsdaten niemals an uns weitergegeben.<\/p>\n","protected":false},"excerpt":{"rendered":"<p>R\u00fcckgabeprozess Das Zur\u00fccksenden eines Produkts ist einfach und unkompliziert. Befolgen Sie einfach diese Schritte: Kontaktieren Sie uns: Wenden Sie sich an unser Kundenserviceteam. Geben Sie Ihre Bestellnummer an: Teilen Sie uns mit, welche Artikel Sie zur\u00fccksenden m\u00f6chten und warum. Verpacken Sie die Artikel: Verpacken Sie die zur\u00fcckgesendeten Produkte sicher zusammen mit einer Kopie der Best\u00e4tigungs-E-Mail [&hellip;]<\/p>\n","protected":false},"author":9,"featured_media":0,"parent":0,"menu_order":0,"comment_status":"closed","ping_status":"closed","template":"","meta":{"footnotes":""},"class_list":["post-8301","page","type-page","status-publish","hentry"],"blocksy_meta":[],"_links":{"self":[{"href":"https:\/\/airshiptrips.com\/de\/wp-json\/wp\/v2\/pages\/8301","targetHints":{"allow":["GET"]}}],"collection":[{"href":"https:\/\/airshiptrips.com\/de\/wp-json\/wp\/v2\/pages"}],"about":[{"href":"https:\/\/airshiptrips.com\/de\/wp-json\/wp\/v2\/types\/page"}],"author":[{"embeddable":true,"href":"https:\/\/airshiptrips.com\/de\/wp-json\/wp\/v2\/users\/9"}],"replies":[{"embeddable":true,"href":"https:\/\/airshiptrips.com\/de\/wp-json\/wp\/v2\/comments?post=8301"}],"version-history":[{"count":0,"href":"https:\/\/airshiptrips.com\/de\/wp-json\/wp\/v2\/pages\/8301\/revisions"}],"wp:attachment":[{"href":"https:\/\/airshiptrips.com\/de\/wp-json\/wp\/v2\/media?parent=8301"}],"curies":[{"name":"wp","href":"https:\/\/api.w.org\/{rel}","templated":true}]}}