{"id":8282,"date":"2025-10-14T18:59:43","date_gmt":"2025-10-14T18:59:43","guid":{"rendered":"https:\/\/megaroboticsacademy.com\/privacy-policy\/"},"modified":"2025-10-29T15:00:34","modified_gmt":"2025-10-29T15:00:34","slug":"privacy-policy","status":"publish","type":"page","link":"https:\/\/airshiptrips.com\/de\/privacy-policy\/","title":{"rendered":"Datenschutzrichtlinie"},"content":{"rendered":"<ol>\n<li>\n<h3 data-start=\"261\" data-end=\"291\">Allgemeine Informationen<\/h3>\n<p data-start=\"292\" data-end=\"975\">Wir verpflichten uns, Ihre Privatsph\u00e4re zu sch\u00fctzen. Wir sch\u00e4tzen das Vertrauen, das Sie uns entgegenbringen, indem Sie uns Ihre personenbezogenen Daten zur Verf\u00fcgung stellen, und wir treffen alle zumutbaren Vorkehrungen, um Ihre Daten vor Missbrauch, Verlust oder unbefugtem Zugriff zu sch\u00fctzen, in \u00dcbereinstimmung mit den geltenden Datenschutzgesetzen und -vorschriften in \u00c4gypten, die von Zeit zu Zeit ge\u00e4ndert werden k\u00f6nnen.<br data-start=\"720\" data-end=\"723\" \/>Wir \u00fcberpr\u00fcfen diese Datenschutzrichtlinie regelm\u00e4\u00dfig und k\u00f6nnen sie gelegentlich \u00fcberarbeiten. Bitte lesen Sie die folgenden Informationen sorgf\u00e4ltig, um zu verstehen, wie wir Ihre personenbezogenen Daten erheben, verwenden, \u00fcbermitteln und speichern.<\/p>\n<hr data-start=\"977\" data-end=\"980\" \/>\n<h3 data-start=\"982\" data-end=\"1032\">Bereitstellung Ihrer personenbezogenen Daten<\/h3>\n<p data-start=\"1033\" data-end=\"1527\">Sie k\u00f6nnen aufgefordert werden, uns Ihre personenbezogenen Daten zur Verf\u00fcgung zu stellen, wenn Sie unsere Produkte kaufen oder unsere Dienstleistungen oder unsere Website nutzen.<br data-start=\"1212\" data-end=\"1215\" \/>Sie sind nicht verpflichtet, die angeforderten Informationen bereitzustellen; ohne diese Informationen sind wir jedoch m\u00f6glicherweise nicht in der Lage, Ihnen unsere Produkte oder Dienstleistungen anzubieten, und Sie k\u00f6nnen sich gegebenenfalls nicht auf unserer Website anmelden oder bestimmte Funktionen nutzen.<\/p>\n<hr data-start=\"1529\" data-end=\"1532\" \/>\n<h3 data-start=\"1534\" data-end=\"1591\">Arten der von uns erhobenen personenbezogenen Daten<\/h3>\n<p data-start=\"1592\" data-end=\"2030\">Die Arten personenbezogener Daten, die wir erheben k\u00f6nnen, umfassen unter anderem:<br data-start=\"1674\" data-end=\"1677\" \/>(a) Ihren Namen, Telefonnummer, E-Mail-Adresse, Wohn-, Post-, Rechnungs- oder Lieferanschrift, Zahlungs- und Kreditkarteninformationen sowie andere Daten, die Sie uns freiwillig zur Verf\u00fcgung stellen; und<br data-start=\"1881\" data-end=\"1884\" \/>(b) IP-Adresse, Echtzeit-Standortdaten, Browsereinstellungen, Surfverlauf sowie andere Internetprotokolldaten Ihres Computers oder mobilen Ger\u00e4ts.<\/p>\n<hr data-start=\"2032\" data-end=\"2035\" \/>\n<h3 data-start=\"2037\" data-end=\"2085\">Zwecke der Datenerhebung und -verarbeitung<\/h3>\n<p data-start=\"2086\" data-end=\"3159\">Ihre personenbezogenen Daten k\u00f6nnen f\u00fcr einen oder mehrere der folgenden Zwecke verwendet werden (\u201eZwecke\u201c):<br data-start=\"2194\" data-end=\"2197\" \/>(a) Kommunikation mit Ihnen;<br data-start=\"2225\" data-end=\"2228\" \/>(b) \u00dcberpr\u00fcfung Ihrer Identit\u00e4t und Ihrer Konten bei uns;<br data-start=\"2285\" data-end=\"2288\" \/>(c) Verwaltung von Mitgliedschafts-, Marketing-, Werbe- oder Unternehmensprogrammen, an denen Sie teilnehmen;<br data-start=\"2397\" data-end=\"2400\" \/>(d) Bearbeitung Ihrer Bestellungen f\u00fcr Produkte und Dienstleistungen (einschlie\u00dflich Verwaltung Ihres Warenkorbs, Rechnungsstellung und Zahlungen);<br data-start=\"2547\" data-end=\"2550\" \/>(e) Bearbeitung und Beantwortung Ihrer Anfragen, Vorschl\u00e4ge oder Beschwerden;<br data-start=\"2627\" data-end=\"2630\" \/>(f) Entwicklung neuer Produkte und Dienstleistungen;<br data-start=\"2682\" data-end=\"2685\" \/>(g) Durchf\u00fchrung von Kundenbefragungen;<br data-start=\"2724\" data-end=\"2727\" \/>(h) Bereitstellung von Ratschl\u00e4gen zur pers\u00f6nlichen Pflege;<br data-start=\"2786\" data-end=\"2789\" \/>(i) Durchf\u00fchrung von Daten-, Forschungs-, Statistik- und Verhaltensanalysen zur Verbesserung unserer Produkte und Dienstleistungen;<br data-start=\"2920\" data-end=\"2923\" \/>(j) Anpassung unserer Website und ihrer Inhalte an Ihre Pr\u00e4ferenzen;<br data-start=\"2991\" data-end=\"2994\" \/>(k) mit Ihrer Einwilligung, Durchf\u00fchrung von Direktmarketing-Aktivit\u00e4ten; und<br data-start=\"3071\" data-end=\"3074\" \/>(l) alle weiteren Zwecke, die in direktem Zusammenhang mit den oben genannten stehen.<\/p>\n<hr data-start=\"3161\" data-end=\"3164\" \/>\n<h3 data-start=\"3166\" data-end=\"3206\">Weitergabe personenbezogener Daten<\/h3>\n<p data-start=\"3207\" data-end=\"3541\">Wir k\u00f6nnen Ihre personenbezogenen Daten offenlegen oder an andere Parteien weitergeben, wenn wir der Ansicht sind, dass eine solche Offenlegung oder Weitergabe aus rechtlichen oder regulatorischen Gr\u00fcnden erforderlich ist oder wenn sie notwendig ist, um unsere berechtigten Interessen zu sch\u00fctzen, soweit dies gesetzlich zul\u00e4ssig ist.<\/p>\n<hr data-start=\"3543\" data-end=\"3546\" \/>\n<h3 data-start=\"3548\" data-end=\"3590\">Aufbewahrung personenbezogener Daten<\/h3>\n<p data-start=\"3591\" data-end=\"3889\">Wir bewahren Ihre personenbezogenen Daten nur so lange auf, wie es zur Erf\u00fcllung der Zwecke, f\u00fcr die sie erhoben wurden, erforderlich ist. Sobald Ihre Daten nicht mehr ben\u00f6tigt werden, werden wir sie l\u00f6schen oder anonymisieren, sofern keine gesetzliche Aufbewahrungspflicht oder -erlaubnis besteht.<\/p>\n<hr data-start=\"3891\" data-end=\"3894\" \/>\n<h3 data-start=\"3896\" data-end=\"3917\">Direktmarketing<\/h3>\n<p data-start=\"3918\" data-end=\"4381\">Wir beabsichtigen, Ihre personenbezogenen Daten f\u00fcr Direktmarketing-Zwecke zu verwenden, einschlie\u00dflich:<br data-start=\"4022\" data-end=\"4025\" \/>(a) Vermarktung unserer Produkte, Dienstleistungen, Aktivit\u00e4ten, Wettbewerbe, Werbeaktionen, Vorteile oder Sonderangebote;<br data-start=\"4147\" data-end=\"4150\" \/>(b) Vermarktung von Produkten, Dienstleistungen, Aktivit\u00e4ten, Wettbewerben, Werbeaktionen oder Veranstaltungen unserer Lieferanten, Gesch\u00e4ftspartner oder externen Dienstleister; und<br data-start=\"4331\" data-end=\"4334\" \/>(c) Durchf\u00fchrung von Forschung und Bewertung.<\/p>\n<p data-start=\"4383\" data-end=\"4604\">Diese Marketingaktivit\u00e4ten k\u00f6nnen \u00fcber verschiedene Kommunikationskan\u00e4le erfolgen, abh\u00e4ngig von den von Ihnen bereitgestellten Daten, z. B. durch Werbung, Post, Telefon, E-Mail, SMS oder Nachrichten auf mobilen Ger\u00e4ten.<\/p>\n<p data-start=\"4606\" data-end=\"4929\">Wir werden Ihre personenbezogenen Daten f\u00fcr Direktmarketing nur dann verwenden, wenn wir Ihre Einwilligung erhalten haben (einschlie\u00dflich Ihrer Erkl\u00e4rung des Nichtwiderspruchs). Sie k\u00f6nnen jederzeit kostenlos ganz oder teilweise auf den Erhalt solcher Mitteilungen verzichten, indem Sie sich an unseren Kundendienst wenden.<\/p>\n<hr data-start=\"4931\" data-end=\"4934\" \/>\n<h3 data-start=\"4936\" data-end=\"4968\">Schutz Ihrer Informationen<\/h3>\n<p data-start=\"4969\" data-end=\"5558\">Zum Schutz Ihrer personenbezogenen Daten w\u00e4hrend der Nutzung unserer Website verwenden wir fortschrittliche Verschl\u00fcsselungstechnologien und sichere Server. Alle Bestellinformationen werden w\u00e4hrend der \u00dcbertragung durch das Secure-Sockets-Layer-Protokoll (SSL) gesch\u00fctzt, das Ihre Daten verschl\u00fcsselt, sodass sie w\u00e4hrend der \u00dcbertragung nicht gelesen werden k\u00f6nnen.<br data-start=\"5334\" data-end=\"5337\" \/>Dar\u00fcber hinaus wird der Zugriff auf personenbezogene Daten auf Mitarbeiter beschr\u00e4nkt, die diese Daten f\u00fcr ihre Arbeit ben\u00f6tigen und im Umgang mit vertraulichen Daten geschult sind. Unbefugter Zugriff ist nicht gestattet.<\/p>\n<hr data-start=\"5560\" data-end=\"5563\" \/>\n<h3 data-start=\"5565\" data-end=\"5578\">Cookies<\/h3>\n<p data-start=\"5579\" data-end=\"6077\">Wir verwenden Cookies, um automatisch Informationen \u00fcber Sie zu erfassen, wenn Sie unsere Website besuchen (z. B. den von Ihnen verwendeten Browsertyp, das Betriebssystem und den Domainnamen Ihres Internetdienstanbieters).<br data-start=\"5801\" data-end=\"5804\" \/>Cookies sind kleine Textdateien, die Ihr Webbrowser auf Ihrem Computer speichert, wenn Sie eine Website besuchen. Unsere Cookies identifizieren Ihren Computer und erm\u00f6glichen uns, Ihr Einkaufserlebnis zu personalisieren und Sie bei Ihrem n\u00e4chsten Besuch wiederzuerkennen.<\/p>\n<p data-start=\"6079\" data-end=\"6424\">Die durch Cookies gesammelten Informationen k\u00f6nnen f\u00fcr die oben genannten Zwecke verwendet werden.<br data-start=\"6177\" data-end=\"6180\" \/>Die meisten Browser akzeptieren Cookies automatisch. Sie k\u00f6nnen Cookies jedoch in den Einstellungen Ihres Browsers deaktivieren. Wenn Sie Cookies deaktivieren, k\u00f6nnen Sie m\u00f6glicherweise nicht alle Funktionen oder Dienste unserer Website nutzen.<\/p>\n<hr data-start=\"6426\" data-end=\"6429\" \/>\n<h3 data-start=\"6431\" data-end=\"6453\">Websites Dritter<\/h3>\n<p data-start=\"6454\" data-end=\"6939\">Diese Datenschutzrichtlinie gilt ausschlie\u00dflich f\u00fcr uns und unsere Website und nicht f\u00fcr Websites Dritter (einschlie\u00dflich der von ihnen betriebenen Websites). Wenn Sie auf Links oder Werbebanner klicken, die zu Websites Dritter oder mit uns verbundenen Unternehmen f\u00fchren, unterliegen Sie den Datenschutzrichtlinien dieser Dritten.<br data-start=\"6785\" data-end=\"6788\" \/>Obwohl wir den Schutz der Privatsph\u00e4re im Internet unterst\u00fctzen, \u00fcbernehmen wir keine Verantwortung f\u00fcr Handlungen Dritter au\u00dferhalb unserer Webdomain.<\/p>\n<hr data-start=\"6941\" data-end=\"6944\" \/>\n<h3 data-start=\"6946\" data-end=\"6988\">Rechte auf Auskunft und Berichtigung<\/h3>\n<p data-start=\"6989\" data-end=\"7433\">Sie haben das Recht, Zugang zu den personenbezogenen Daten zu verlangen, die wir \u00fcber Sie speichern, sowie die Berichtigung unrichtiger Daten zu beantragen.<br data-start=\"7145\" data-end=\"7148\" \/>Wenn Sie Ihre personenbezogenen Daten einsehen oder korrigieren m\u00f6chten, wenden Sie sich bitte an unseren Kundendienst. Wir werden Ihre Identit\u00e4t \u00fcberpr\u00fcfen, bevor wir Ihr Anliegen bearbeiten. F\u00fcr die Bearbeitung solcher Anfragen kann eine angemessene Verwaltungsgeb\u00fchr erhoben werden.<\/p>\n<hr data-start=\"7435\" data-end=\"7438\" \/>\n<h3 data-start=\"7440\" data-end=\"7482\">\u00c4nderungen der Datenschutzrichtlinie<\/h3>\n<p data-start=\"7483\" data-end=\"7762\">Wir k\u00f6nnen diese Datenschutzrichtlinie von Zeit zu Zeit \u00e4ndern, indem wir die aktualisierte Version auf unserer Website (<a class=\"decorated-link\" href=\"http:\/\/www.nefertiti-eg.com\" target=\"_new\" rel=\"noopener\" data-start=\"7604\" data-end=\"7624\">www.nefertiti-eg.com<\/a>) ver\u00f6ffentlichen. Wir empfehlen Ihnen, unsere Website regelm\u00e4\u00dfig zu besuchen, um stets \u00fcber die aktuellste Version informiert zu bleiben.<\/p>\n<\/li>\n<\/ol>\n","protected":false},"excerpt":{"rendered":"<p>Allgemeine Informationen Wir verpflichten uns, Ihre Privatsph\u00e4re zu sch\u00fctzen. Wir sch\u00e4tzen das Vertrauen, das Sie uns entgegenbringen, indem Sie uns Ihre personenbezogenen Daten zur Verf\u00fcgung stellen, und wir treffen alle zumutbaren Vorkehrungen, um Ihre Daten vor Missbrauch, Verlust oder unbefugtem Zugriff zu sch\u00fctzen, in \u00dcbereinstimmung mit den geltenden Datenschutzgesetzen und -vorschriften in \u00c4gypten, die von [&hellip;]<\/p>\n","protected":false},"author":9,"featured_media":0,"parent":0,"menu_order":0,"comment_status":"closed","ping_status":"closed","template":"","meta":{"footnotes":""},"class_list":["post-8282","page","type-page","status-publish","hentry"],"blocksy_meta":[],"_links":{"self":[{"href":"https:\/\/airshiptrips.com\/de\/wp-json\/wp\/v2\/pages\/8282","targetHints":{"allow":["GET"]}}],"collection":[{"href":"https:\/\/airshiptrips.com\/de\/wp-json\/wp\/v2\/pages"}],"about":[{"href":"https:\/\/airshiptrips.com\/de\/wp-json\/wp\/v2\/types\/page"}],"author":[{"embeddable":true,"href":"https:\/\/airshiptrips.com\/de\/wp-json\/wp\/v2\/users\/9"}],"replies":[{"embeddable":true,"href":"https:\/\/airshiptrips.com\/de\/wp-json\/wp\/v2\/comments?post=8282"}],"version-history":[{"count":0,"href":"https:\/\/airshiptrips.com\/de\/wp-json\/wp\/v2\/pages\/8282\/revisions"}],"wp:attachment":[{"href":"https:\/\/airshiptrips.com\/de\/wp-json\/wp\/v2\/media?parent=8282"}],"curies":[{"name":"wp","href":"https:\/\/api.w.org\/{rel}","templated":true}]}}