{"id":4417,"date":"2024-11-07T13:46:48","date_gmt":"2024-11-07T13:46:48","guid":{"rendered":"https:\/\/megaroboticsacademy.com\/home\/"},"modified":"2025-10-29T14:42:38","modified_gmt":"2025-10-29T14:42:38","slug":"home","status":"publish","type":"page","link":"https:\/\/airshiptrips.com\/de\/","title":{"rendered":"Startseite"},"content":{"rendered":"\t\t<div data-elementor-type=\"wp-page\" data-elementor-id=\"4417\" class=\"elementor elementor-4417 elementor-929\">\n\t\t\t\t<div class=\"elementor-element elementor-element-061a49d e-con-full e-flex e-con e-parent\" data-id=\"061a49d\" data-element_type=\"container\" data-e-type=\"container\">\n\t\t\t\t<div class=\"elementor-element elementor-element-17291e7 elementor-hidden-tablet elementor-hidden-mobile elementor-widget elementor-widget-image\" data-id=\"17291e7\" data-element_type=\"widget\" data-e-type=\"widget\" data-widget_type=\"image.default\">\n\t\t\t\t\t\t\t\t\t\t\t\t\t\t\t\t<a href=\"\/shop\">\n\t\t\t\t\t\t\t<img decoding=\"async\" src=\"https:\/\/airshiptrips.com\/wp-content\/uploads\/2025\/10\/bestsellrs-desktop.webp\" title=\"\" alt=\"\" loading=\"lazy\" \/>\t\t\t\t\t\t\t\t<\/a>\n\t\t\t\t\t\t\t\t\t\t\t\t\t\t\t<\/div>\n\t\t\t\t<div class=\"elementor-element elementor-element-49515c7 elementor-hidden-desktop elementor-widget elementor-widget-image\" data-id=\"49515c7\" data-element_type=\"widget\" data-e-type=\"widget\" data-widget_type=\"image.default\">\n\t\t\t\t\t\t\t\t\t\t\t\t\t\t\t\t<a href=\"\/shop\">\n\t\t\t\t\t\t\t<img fetchpriority=\"high\" decoding=\"async\" width=\"1146\" height=\"996\" src=\"https:\/\/airshiptrips.com\/wp-content\/uploads\/2025\/10\/bestsellrs-mobile.webp\" class=\"attachment-full size-full wp-image-7112\" alt=\"\" srcset=\"https:\/\/airshiptrips.com\/wp-content\/uploads\/2025\/10\/bestsellrs-mobile.webp 1146w, https:\/\/airshiptrips.com\/wp-content\/uploads\/2025\/10\/bestsellrs-mobile-600x521.webp 600w, https:\/\/airshiptrips.com\/wp-content\/uploads\/2025\/10\/bestsellrs-mobile-500x435.webp 500w, https:\/\/airshiptrips.com\/wp-content\/uploads\/2025\/10\/bestsellrs-mobile-300x261.webp 300w, https:\/\/airshiptrips.com\/wp-content\/uploads\/2025\/10\/bestsellrs-mobile-1024x890.webp 1024w, https:\/\/airshiptrips.com\/wp-content\/uploads\/2025\/10\/bestsellrs-mobile-768x667.webp 768w\" sizes=\"(max-width: 1146px) 100vw, 1146px\" \/>\t\t\t\t\t\t\t\t<\/a>\n\t\t\t\t\t\t\t\t\t\t\t\t\t\t\t<\/div>\n\t\t\t\t<\/div>\n\t\t<div class=\"elementor-element elementor-element-e833bd5 e-flex e-con-boxed e-con e-parent\" data-id=\"e833bd5\" data-element_type=\"container\" data-e-type=\"container\">\n\t\t\t\t\t<div class=\"e-con-inner\">\n\t\t\t\t<div class=\"elementor-element elementor-element-da23c4f elementor-widget elementor-widget-animated-headline\" data-id=\"da23c4f\" data-element_type=\"widget\" data-e-type=\"widget\" data-widget_type=\"animated-headline.default\">\n\t\t\t\t<div class=\"elementor-widget-container\">\n\t\t\t\t\t \t\t\t\t<\/div>\n\t\t\t\t<\/div>\n\t\t\t\t<div class=\"elementor-element elementor-element-baa582c elementor-widget__width-initial elementor-widget elementor-widget-text-editor\" data-id=\"baa582c\" data-element_type=\"widget\" data-e-type=\"widget\" data-widget_type=\"text-editor.default\">\n\t\t\t\t\t\t\t\t\t<p data-start=\"1119\" data-end=\"1319\">Die beste und effektivste Apotheke ist die Natur \u2013 wir helfen Ihnen, dorthin zu gelangen.<br data-start=\"1237\" data-end=\"1240\" \/>W\u00e4hlen Sie das Beste f\u00fcr sich aus unserem Sortiment an nat\u00fcrlichen Produkten.<\/p>\t\t\t\t\t\t\t\t<\/div>\n\t\t\t\t<div class=\"elementor-element elementor-element-da766e9 elementor-widget elementor-widget-wc-categories\" data-id=\"da766e9\" data-element_type=\"widget\" data-e-type=\"widget\" data-widget_type=\"wc-categories.default\">\n\t\t\t\t<div class=\"elementor-widget-container\">\n\t\t\t\t\t \t\t\t\t<\/div>\n\t\t\t\t<\/div>\n\t\t\t\t\t<\/div>\n\t\t\t\t<\/div>\n\t\t<div class=\"elementor-element elementor-element-ac51b43 e-flex e-con-boxed e-con e-parent\" data-id=\"ac51b43\" data-element_type=\"container\" data-e-type=\"container\">\n\t\t\t\t\t<div class=\"e-con-inner\">\n\t\t\t\t<div class=\"elementor-element elementor-element-678ae25 elementor-widget elementor-widget-heading\" data-id=\"678ae25\" data-element_type=\"widget\" data-e-type=\"widget\" data-widget_type=\"heading.default\">\n\t\t\t\t\t<h2 class=\"elementor-heading-title elementor-size-default\">Unsere Bestseller<\/h2>\t\t\t\t<\/div>\n\t\t\t\t<div class=\"elementor-element elementor-element-bd4c049 elementor-widget elementor-widget-text-editor\" data-id=\"bd4c049\" data-element_type=\"widget\" data-e-type=\"widget\" data-widget_type=\"text-editor.default\">\n\t\t\t\t\t\t\t\t\t<p data-start=\"1321\" data-end=\"1451\">Entdecken Sie die Produkte, die unsere Kunden am meisten lieben \u2013 bew\u00e4hrt, vertrauensw\u00fcrdig und beliebt.<\/p>\t\t\t\t\t\t\t\t<\/div>\n\t\t\t\t<div class=\"elementor-element elementor-element-2e4075b elementor-widget elementor-widget-woocommerce-products\" data-id=\"2e4075b\" data-element_type=\"widget\" data-e-type=\"widget\" data-widget_type=\"woocommerce-products.default\">\n\t\t\t\t<div class=\"elementor-widget-container\">\n\t\t\t\t\t \t\t\t\t<\/div>\n\t\t\t\t<\/div>\n\t\t\t\t\t<\/div>\n\t\t\t\t<\/div>\n\t\t<div class=\"elementor-element elementor-element-d7d2067 e-flex e-con-boxed e-con e-parent\" data-id=\"d7d2067\" data-element_type=\"container\" data-e-type=\"container\">\n\t\t\t\t\t<div class=\"e-con-inner\">\n\t\t\t\t<div class=\"elementor-element elementor-element-35ff833 elementor-widget elementor-widget-heading\" data-id=\"35ff833\" data-element_type=\"widget\" data-e-type=\"widget\" data-widget_type=\"heading.default\">\n\t\t\t\t\t<h2 class=\"elementor-heading-title elementor-size-default\">Sets mit Rabatt<\/h2>\t\t\t\t<\/div>\n\t\t\t\t<div class=\"elementor-element elementor-element-923e38e elementor-widget elementor-widget-text-editor\" data-id=\"923e38e\" data-element_type=\"widget\" data-e-type=\"widget\" data-widget_type=\"text-editor.default\">\n\t\t\t\t\t\t\t\t\t<p data-start=\"1453\" data-end=\"1613\">Entdecken Sie exklusive Angebote f\u00fcr Ihre Lieblingsprodukte aus der Natur \u2013 zeitlich begrenzte Rabatte, die Sie nicht verpassen sollten!<\/p>\t\t\t\t\t\t\t\t<\/div>\n\t\t\t\t<div class=\"elementor-element elementor-element-e02f3a8 elementor-widget elementor-widget-woocommerce-products\" data-id=\"e02f3a8\" data-element_type=\"widget\" data-e-type=\"widget\" data-widget_type=\"woocommerce-products.default\">\n\t\t\t\t<div class=\"elementor-widget-container\">\n\t\t\t\t\t \t\t\t\t<\/div>\n\t\t\t\t<\/div>\n\t\t\t\t\t<\/div>\n\t\t\t\t<\/div>\n\t\t<div class=\"elementor-element elementor-element-38d0e84 e-flex e-con-boxed e-con e-parent\" data-id=\"38d0e84\" data-element_type=\"container\" data-e-type=\"container\">\n\t\t\t\t\t<div class=\"e-con-inner\">\n\t\t\t\t<div class=\"elementor-element elementor-element-d799a31 elementor-widget elementor-widget-heading\" data-id=\"d799a31\" data-element_type=\"widget\" data-e-type=\"widget\" data-widget_type=\"heading.default\">\n\t\t\t\t\t<h2 class=\"elementor-heading-title elementor-size-default\">Von der Natur zu Ihnen \u2013 unsere neuesten Artikel<\/h2>\t\t\t\t<\/div>\n\t\t\t\t<div class=\"elementor-element elementor-element-6bf5070 elementor-widget elementor-widget-text-editor\" data-id=\"6bf5070\" data-element_type=\"widget\" data-e-type=\"widget\" data-widget_type=\"text-editor.default\">\n\t\t\t\t\t\t\t\t\t<p data-start=\"1615\" data-end=\"1886\"><br data-start=\"1667\" data-end=\"1670\" \/>Entdecken Sie Expertentipps, nat\u00fcrliche Heilmittel und Inspiration f\u00fcr Ihr Wohlbefinden vom Nefertiti-Team.<br data-start=\"1777\" data-end=\"1780\" \/>Lesen Sie unsere neuesten Beitr\u00e4ge und lassen Sie sich von der Natur zu Sch\u00f6nheit und Gesundheit f\u00fchren.<\/p>\t\t\t\t\t\t\t\t<\/div>\n\t\t\t\t<div class=\"elementor-element elementor-element-b2bb821 elementor-widget elementor-widget-posts\" data-id=\"b2bb821\" data-element_type=\"widget\" data-e-type=\"widget\" data-widget_type=\"posts.cards\">\n\t\t\t\t<div class=\"elementor-widget-container\">\n\t\t\t\t\t \t\t\t\t<\/div>\n\t\t\t\t<\/div>\n\t\t\t\t<div class=\"elementor-element elementor-element-20947df elementor-align-center elementor-widget elementor-widget-button\" data-id=\"20947df\" data-element_type=\"widget\" data-e-type=\"widget\" data-widget_type=\"button.default\">\n\t\t\t\t\t\t\t\t\t\t<a class=\"elementor-button elementor-button-link elementor-size-sm\" href=\"\/de\/blog\">\n\t\t\t\t\t\t<span class=\"elementor-button-content-wrapper\">\n\t\t\t\t\t\t\t\t\t<span class=\"elementor-button-text\">Jetzt st\u00f6bern<\/span>\n\t\t\t\t\t<\/span>\n\t\t\t\t\t<\/a>\n\t\t\t\t\t\t\t\t<\/div>\n\t\t\t\t\t<\/div>\n\t\t\t\t<\/div>\n\t\t<div class=\"elementor-element elementor-element-d858573 e-flex e-con-boxed e-con e-parent\" data-id=\"d858573\" data-element_type=\"container\" data-e-type=\"container\">\n\t\t\t\t\t<div class=\"e-con-inner\">\n\t\t\t\t<div class=\"elementor-element elementor-element-758f5a3 elementor-widget elementor-widget-heading\" data-id=\"758f5a3\" data-element_type=\"widget\" data-e-type=\"widget\" data-widget_type=\"heading.default\">\n\t\t\t\t\t<h2 class=\"elementor-heading-title elementor-size-default\">Was unsere Kunden sagen<\/h2>\t\t\t\t<\/div>\n\t\t\t\t<div class=\"elementor-element elementor-element-cb895ac elementor-widget elementor-widget-text-editor\" data-id=\"cb895ac\" data-element_type=\"widget\" data-e-type=\"widget\" data-widget_type=\"text-editor.default\">\n\t\t\t\t\t\t\t\t\t<p data-start=\"1888\" data-end=\"2003\">Echte Geschichten von echten Menschen \u2013 entdecken Sie, warum alle Nefertiti lieben.<\/p>\t\t\t\t\t\t\t\t<\/div>\n\t\t\t\t<div class=\"elementor-element elementor-element-91e6ae5 elementor-widget elementor-widget-testimonial-carousel\" data-id=\"91e6ae5\" data-element_type=\"widget\" data-e-type=\"widget\" data-widget_type=\"testimonial-carousel.default\">\n\t\t\t\t<div class=\"elementor-widget-container\">\n\t\t\t\t\t \t\t\t\t<\/div>\n\t\t\t\t<\/div>\n\t\t\t\t\t<\/div>\n\t\t\t\t<\/div>\n\t\t<div class=\"elementor-element elementor-element-5c1410f e-flex e-con-boxed e-con e-parent\" data-id=\"5c1410f\" data-element_type=\"container\" data-e-type=\"container\">\n\t\t\t\t\t<div class=\"e-con-inner\">\n\t\t\t\t\t<\/div>\n\t\t\t\t<\/div>\n\t\t\t\t<\/div>\n\t\t","protected":false},"excerpt":{"rendered":"<p>Nach st\u00f6bern Kategorie Die beste und effektivste Apotheke ist die Natur \u2013 wir helfen Ihnen, dorthin zu gelangen.W\u00e4hlen Sie das Beste f\u00fcr sich aus unserem Sortiment an nat\u00fcrlichen Produkten. Unsere Bestseller Entdecken Sie die Produkte, die unsere Kunden am meisten lieben \u2013 bew\u00e4hrt, vertrauensw\u00fcrdig und beliebt. Sets mit Rabatt Entdecken Sie exklusive Angebote f\u00fcr Ihre [&hellip;]<\/p>\n","protected":false},"author":9,"featured_media":0,"parent":0,"menu_order":0,"comment_status":"closed","ping_status":"closed","template":"","meta":{"footnotes":""},"class_list":["post-4417","page","type-page","status-publish","hentry"],"blocksy_meta":{"has_hero_section":"disabled","vertical_spacing_source":"custom","content_area_spacing":"none","styles_descriptor":{"styles":{"desktop":"","tablet":"","mobile":""},"google_fonts":[],"version":6}},"_links":{"self":[{"href":"https:\/\/airshiptrips.com\/de\/wp-json\/wp\/v2\/pages\/4417","targetHints":{"allow":["GET"]}}],"collection":[{"href":"https:\/\/airshiptrips.com\/de\/wp-json\/wp\/v2\/pages"}],"about":[{"href":"https:\/\/airshiptrips.com\/de\/wp-json\/wp\/v2\/types\/page"}],"author":[{"embeddable":true,"href":"https:\/\/airshiptrips.com\/de\/wp-json\/wp\/v2\/users\/9"}],"replies":[{"embeddable":true,"href":"https:\/\/airshiptrips.com\/de\/wp-json\/wp\/v2\/comments?post=4417"}],"version-history":[{"count":0,"href":"https:\/\/airshiptrips.com\/de\/wp-json\/wp\/v2\/pages\/4417\/revisions"}],"wp:attachment":[{"href":"https:\/\/airshiptrips.com\/de\/wp-json\/wp\/v2\/media?parent=4417"}],"curies":[{"name":"wp","href":"https:\/\/api.w.org\/{rel}","templated":true}]}}